{"id":8849,"date":"2019-09-16T09:56:09","date_gmt":"2019-09-16T07:56:09","guid":{"rendered":"http:\/\/cultura.umh.es\/?page_id=8849"},"modified":"2024-06-25T14:15:43","modified_gmt":"2024-06-25T12:15:43","slug":"festival-internacional-de-cinema-fantastic-delx-fantaelx","status":"publish","type":"page","link":"https:\/\/cultura.umh.es\/es\/cinema\/festival-internacional-de-cinema-fantastic-delx-fantaelx\/","title":{"rendered":"Festival Internacional de Cine Fant\u00e1stico de Elche &#8211; FANTAELX"},"content":{"rendered":"<p><a href=\"https:\/\/cultura.umh.es\/files\/2019\/09\/Fantaelx.jpg\"><img loading=\"lazy\" class=\"wp-image-8852 alignleft\" src=\"https:\/\/cultura.umh.es\/files\/2019\/09\/Fantaelx.jpg\" alt=\"\" width=\"400\" height=\"222\" srcset=\"https:\/\/cultura.umh.es\/files\/2019\/09\/Fantaelx.jpg 900w, https:\/\/cultura.umh.es\/files\/2019\/09\/Fantaelx-300x167.jpg 300w, https:\/\/cultura.umh.es\/files\/2019\/09\/Fantaelx-768x427.jpg 768w\" sizes=\"(max-width: 400px) 100vw, 400px\" \/><\/a><em>El <strong>Festival Internacional de Cine Fant\u00e1stico de Elche \u2013 FANTAELX<\/strong> se celebra de manera anual en el mes de noviembre en la localidad ilicitana.<\/em><\/p>\n<p>El evento naci\u00f3 en el a\u00f1o 2013 con el objetivo de crear un punto de encuentro en el que p\u00fablico y creadores compartan experiencias en torno al g\u00e9nero fant\u00e1stico.<\/p>\n<p>Su primera edici\u00f3n se denomin\u00f3 <em>Muestra de Cine Fant\u00e1stico de Elche \u2013 FANTAELX<\/em>, y tras la gran acogida, su segunda edici\u00f3n se transform\u00f3 en un certamen competitivo, recibiendo cortometrajes de todo el mundo. A partir de entonces, el festival comenz\u00f3 a rendir tributo a obras emblem\u00e1ticas del g\u00e9nero fant\u00e1stico y agreg\u00f3 actividades complementarias como charlas, presentaciones, o proyecciones de largometrajes ya en su quinta edici\u00f3n.<\/p>\n<p>Como valor a\u00f1adido, a partir de su sexta edici\u00f3n se incorpor\u00f3, enmarcado dentro del festival, el Congreso Internacional de G\u00e9nero Fant\u00e1stico, Audiovisuales y Nuevas Tecnolog\u00edas, con el apoyo de la Universidad Miguel Hern\u00e1ndez.<\/p>\n<p><a href=\"http:\/\/www.festivalcinefantaelx.com\" target=\"_blank\" rel=\"noopener noreferrer\">Visita la p\u00e1gina del Festival Internacional de Cine Fant\u00e1stico (Fantaelx)<\/a><\/p>","protected":false},"excerpt":{"rendered":"<p>El Festival Internacional de Cine Fant\u00e1stico de Elche \u2013 FANTAELX se celebra de manera anual en el mes de noviembre en la localidad ilicitana.<br \/>\nEl evento naci\u00f3 en el a\u00f1o 2013 con el objetivo de crear un punto de encuentro en el que p\u00fablico y creadores compartan experiencias en torno al g\u00e9nero fant\u00e1stico.<br \/>\nSu primera edici\u00f3n se [&#8230;]<\/p>\n","protected":false},"author":3564,"featured_media":8852,"parent":1449,"menu_order":8,"comment_status":"closed","ping_status":"closed","template":"","meta":{"ngg_post_thumbnail":0,"_links_to":"","_links_to_target":""},"_links":{"self":[{"href":"https:\/\/cultura.umh.es\/es\/wp-json\/wp\/v2\/pages\/8849"}],"collection":[{"href":"https:\/\/cultura.umh.es\/es\/wp-json\/wp\/v2\/pages"}],"about":[{"href":"https:\/\/cultura.umh.es\/es\/wp-json\/wp\/v2\/types\/page"}],"author":[{"embeddable":true,"href":"https:\/\/cultura.umh.es\/es\/wp-json\/wp\/v2\/users\/3564"}],"replies":[{"embeddable":true,"href":"https:\/\/cultura.umh.es\/es\/wp-json\/wp\/v2\/comments?post=8849"}],"version-history":[{"count":0,"href":"https:\/\/cultura.umh.es\/es\/wp-json\/wp\/v2\/pages\/8849\/revisions"}],"up":[{"embeddable":true,"href":"https:\/\/cultura.umh.es\/es\/wp-json\/wp\/v2\/pages\/1449"}],"wp:featuredmedia":[{"embeddable":true,"href":"https:\/\/cultura.umh.es\/es\/wp-json\/wp\/v2\/media\/8852"}],"wp:attachment":[{"href":"https:\/\/cultura.umh.es\/es\/wp-json\/wp\/v2\/media?parent=8849"}],"curies":[{"name":"wp","href":"https:\/\/api.w.org\/{rel}","templated":true}]}}