{"id":575,"date":"2011-10-20T08:05:21","date_gmt":"2011-10-20T06:05:21","guid":{"rendered":"http:\/\/cultura.zeus.umh.es\/presentacion\/"},"modified":"2026-01-30T13:36:17","modified_gmt":"2026-01-30T12:36:17","slug":"presentacion","status":"publish","type":"page","link":"https:\/\/cultura.umh.es\/es\/presentacion\/","title":{"rendered":"Presentaci\u00f3n"},"content":{"rendered":"<p>El equipo del Vicerrectorado de Cultura, Igualdad y Diversidad y su Oficina de Cultura, Igualdad y Diversidad os da la bienvenida. Nuestro objetivo prioritario es hacer cultura p\u00fablica universitaria de calidad y para ello trabajamos sobre todo tipo de acciones y proyectos culturales diversos. La transversalidad de las diferentes actividades que gestionamos nos permite incorporar y comprometernos siempre con el biling\u00fcismo, la igualdad, la diversidad y la sostenibilidad en nuestros programas.<br \/>\nPuedes darte una vuelta por nuestra web para descubrir toda la informaci\u00f3n completa y actualizada sobre cultura visual, cultura esc\u00e9nica y convocatorias.<\/p>\n<p><b>Certificaci\u00f3n y reconocimiento de cr\u00e9ditos de nuestras actividades<\/b><br \/>\nAlgunas de nuestras actividades son susceptibles de certificaci\u00f3n.&nbsp; Los programas de las actividades de la Oficina de Cultura, Igualdad y Diversidad son aprobados por el Consejo de Gobierno de la Universidad y se someten a est\u00e1ndares de calidad. La UMH expide el certificado correspondiente a la actividad y en el mismo se reflejan los datos generales de la actividad, el programa, el profesorado y las competencias transversales desarrolladas con su realizaci\u00f3n.<\/p>\n<p><b>Para estudiantes UMH:<\/b> La emisi\u00f3n de los certificados se realiza en formato electr\u00f3nico a trav\u00e9s de la Sede electr\u00f3nica UMH, lo que facilita el acceso a los certificados los 365 d\u00edas del a\u00f1o en un formato \u00e1gil y c\u00f3modo y se incorpora al expediente junto al expediente de la formaci\u00f3n reglada.<\/p>\n<p><b>Para estudiantes de otras universidades:<\/b> Podr\u00e1s solicitar el reconocimiento de cr\u00e9ditos ECTS en tu Universidad de origen. En cuanto a universidades de fuera del territorio nacional se ajustar\u00e1 a lo dispuesto en su normativa.<\/p>\n<p><b>Concurrencia en convocatorias p\u00fablicas o en la empresa privada:<\/b> Estos certificados son susceptibles de puntuar como formaci\u00f3n continua, aunque esto depender\u00e1 de los criterios de baremaci\u00f3n de cada convocatoria.<\/p>\n<ul>\n<li><a href=\"https:\/\/drive.google.com\/file\/d\/1w5MBjcpRY37QNxLAVjqfFocUeWR0BA0p\/view?usp=drive_link\" target=\"_blank\" rel=\"noopener\">Memoria de actividades (abre una nueva ventana)<\/a><\/li>\n<li><a href=\"https:\/\/cultura.umh.es\/es\/presentacion\/carta-de-servei\/\">Carta de servicios<\/a><\/li>\n<li><a href=\"https:\/\/cultura.umh.es\/es\/presentacion\/directori\/\">Directorio<\/a><\/li>\n<li><a href=\"https:\/\/cultura.umh.es\/es\/presentacion\/localitzacio\/\">Localizaci\u00f3n<\/a><\/li>\n<li><a href=\"https:\/\/cultura.umh.es\/es\/presentacion\/targeta-solidaria-targeta-extensa\/\">Tarjeta solidaria \/ Tarjeta Extensa<\/a><\/li>\n<li><a href=\"https:\/\/cultura.umh.es\/es\/presentacion\/politica-ambiental\/\">Pol\u00edtica Ambiental<\/a><\/li>\n<\/ul>\n<p><\/p>","protected":false},"excerpt":{"rendered":"<p>El equipo del Vicerrectorado de Cultura, Igualdad y Diversidad y su Oficina de Cultura, Igualdad y Diversidad os da la bienvenida. Nuestro objetivo prioritario es hacer cultura p\u00fablica universitaria de calidad y para ello trabajamos sobre todo tipo de acciones y proyectos culturales diversos. La transversalidad de las diferentes actividades que gestionamos nos permite incorporar [&#8230;]<\/p>\n","protected":false},"author":1,"featured_media":0,"parent":0,"menu_order":1,"comment_status":"closed","ping_status":"closed","template":"","meta":{"ngg_post_thumbnail":0,"_links_to":"","_links_to_target":""},"_links":{"self":[{"href":"https:\/\/cultura.umh.es\/es\/wp-json\/wp\/v2\/pages\/575"}],"collection":[{"href":"https:\/\/cultura.umh.es\/es\/wp-json\/wp\/v2\/pages"}],"about":[{"href":"https:\/\/cultura.umh.es\/es\/wp-json\/wp\/v2\/types\/page"}],"author":[{"embeddable":true,"href":"https:\/\/cultura.umh.es\/es\/wp-json\/wp\/v2\/users\/1"}],"replies":[{"embeddable":true,"href":"https:\/\/cultura.umh.es\/es\/wp-json\/wp\/v2\/comments?post=575"}],"version-history":[{"count":0,"href":"https:\/\/cultura.umh.es\/es\/wp-json\/wp\/v2\/pages\/575\/revisions"}],"wp:attachment":[{"href":"https:\/\/cultura.umh.es\/es\/wp-json\/wp\/v2\/media?parent=575"}],"curies":[{"name":"wp","href":"https:\/\/api.w.org\/{rel}","templated":true}]}}