{"id":4822,"date":"2017-01-11T08:52:46","date_gmt":"2017-01-11T07:52:46","guid":{"rendered":"http:\/\/cultura.umh.es\/?page_id=4822"},"modified":"2022-06-20T12:43:46","modified_gmt":"2022-06-20T10:43:46","slug":"premi-menade","status":"publish","type":"page","link":"https:\/\/cultura.umh.es\/es\/activitats\/cultura-del-vi\/premi-menade\/","title":{"rendered":"Medalla M\u00e9nade"},"content":{"rendered":"<p><a href=\"https:\/\/cultura.umh.es\/files\/2021\/05\/Logo_Menade-color.jpg\"><img loading=\"lazy\" class=\"alignnone size-medium wp-image-10330\" src=\"https:\/\/cultura.umh.es\/files\/2021\/05\/Logo_Menade-color-300x216.jpg\" alt=\"Logo Medalla M\u00e9nade UMH\" width=\"300\" height=\"216\" srcset=\"https:\/\/cultura.umh.es\/files\/2021\/05\/Logo_Menade-color-300x216.jpg 300w, https:\/\/cultura.umh.es\/files\/2021\/05\/Logo_Menade-color.jpg 591w\" sizes=\"(max-width: 300px) 100vw, 300px\" \/><\/a><\/p>\n<h3><strong>III Medalla M\u00e9nade UMH 2021<\/strong><\/h3>\n<p>Esta convocatoria tiene como fin el promocionar y difundir la profesionalizaci\u00f3n de los\/as egresados\/as de la licenciatura en Enolog\u00eda y\/o del m\u00e1ster universitario oficial en Viticultura y Enolog\u00eda de la UMH, mejorar el conocimiento y la comercializaci\u00f3n de los distintos vinos con denominaci\u00f3n de origen protegida, indicaci\u00f3n geogr\u00e1fica protegida o vinos varietales con indicaci\u00f3n de variedad y a\u00f1ada que se elaboran en el Estado espa\u00f1ol, y en definitiva, apoyar <em>la cultura del vino<\/em>.<\/p>\n<p>Fin de plazo de presentaci\u00f3n 30 de julio de 2021<\/p>\n<p><em>La universidad podr\u00e1 comprar botellas a las bodegas que hayan obtenido la Medalla, por un valor m\u00e1ximo de 1.500 euros (impuestos inclu\u00eddos) por categor\u00eda, para fines protocolarios.<\/em><\/p>\n<p><a href=\"https:\/\/boumh.umh.es\/files\/2021\/05\/RR_03064_2021.pdf\" target=\"_blank\" rel=\"noopener noreferrer\">Descargar Bases de III Medalla M\u00e9nade UMH 2021<\/a><\/p>\n<p><a href=\"https:\/\/boumh.umh.es\/files\/2021\/09\/ES_U05500001_2021_DOCH-1062711740M1631255648898R.pdf\" target=\"_blank\" rel=\"noopener noreferrer\">Descargar propuesta de concesi\u00f3n provisional de III Medalla M\u00e9nade UMH 2021<\/a><\/p>\n<p>Plazo para alegaciones, 10 d\u00edas h\u00e1biles.<br \/>\nFecha de inicio:&nbsp;<strong>13\/09\/2021<\/strong><br \/>\nFecha de finalizaci\u00f3n:&nbsp;<strong>24\/09\/2021<\/strong><\/p>\n<p><a href=\"https:\/\/boumh.umh.es\/files\/2021\/10\/RR_04358_2021.pdf\" target=\"_blank\" rel=\"noopener noreferrer\">Descargar Resoluci\u00f3n Rectoral 04358\/2021, de 8 de octubre, por la que se declara desierta la convocatoria de la III Medalla M\u00e9nade UMH distinci\u00f3n de la cultura del vino Universidad Miguel Hern\u00e1ndez de Elche<\/a><\/p>","protected":false},"excerpt":{"rendered":"<p>III Medalla M\u00e9nade UMH 2021<br \/>\nEsta convocatoria tiene como fin el promocionar y difundir la profesionalizaci\u00f3n de los\/as egresados\/as de la licenciatura en Enolog\u00eda y\/o del m\u00e1ster universitario oficial en Viticultura y Enolog\u00eda de la UMH, mejorar el conocimiento y la comercializaci\u00f3n de los distintos vinos con denominaci\u00f3n de origen protegida, indicaci\u00f3n geogr\u00e1fica protegida o vinos [&#8230;]<\/p>\n","protected":false},"author":3564,"featured_media":0,"parent":4599,"menu_order":2,"comment_status":"closed","ping_status":"closed","template":"","meta":{"ngg_post_thumbnail":0,"_links_to":"","_links_to_target":""},"_links":{"self":[{"href":"https:\/\/cultura.umh.es\/es\/wp-json\/wp\/v2\/pages\/4822"}],"collection":[{"href":"https:\/\/cultura.umh.es\/es\/wp-json\/wp\/v2\/pages"}],"about":[{"href":"https:\/\/cultura.umh.es\/es\/wp-json\/wp\/v2\/types\/page"}],"author":[{"embeddable":true,"href":"https:\/\/cultura.umh.es\/es\/wp-json\/wp\/v2\/users\/3564"}],"replies":[{"embeddable":true,"href":"https:\/\/cultura.umh.es\/es\/wp-json\/wp\/v2\/comments?post=4822"}],"version-history":[{"count":0,"href":"https:\/\/cultura.umh.es\/es\/wp-json\/wp\/v2\/pages\/4822\/revisions"}],"up":[{"embeddable":true,"href":"https:\/\/cultura.umh.es\/es\/wp-json\/wp\/v2\/pages\/4599"}],"wp:attachment":[{"href":"https:\/\/cultura.umh.es\/es\/wp-json\/wp\/v2\/media?parent=4822"}],"curies":[{"name":"wp","href":"https:\/\/api.w.org\/{rel}","templated":true}]}}