{"id":4631,"date":"2016-11-25T13:12:32","date_gmt":"2016-11-25T12:12:32","guid":{"rendered":"http:\/\/cultura.umh.es\/?page_id=4631"},"modified":"2024-12-11T09:11:23","modified_gmt":"2024-12-11T08:11:23","slug":"certamen-coleccion","status":"publish","type":"page","link":"https:\/\/cultura.umh.es\/es\/convocatorias\/certamen-coleccion\/","title":{"rendered":"Certamen Colecci\u00f3n UMH"},"content":{"rendered":"<p><a href=\"https:\/\/cultura.umh.es\/files\/2016\/11\/LOGO_Coleccionweb-1.png\"><img loading=\"lazy\" class=\"alignnone wp-image-5537\" src=\"https:\/\/cultura.umh.es\/files\/2016\/11\/LOGO_Coleccionweb-1.png\" alt=\"Logo Certamen Colecci\u00f3n UMH\" width=\"401\" height=\"78\" srcset=\"https:\/\/cultura.umh.es\/files\/2016\/11\/LOGO_Coleccionweb-1.png 567w, https:\/\/cultura.umh.es\/files\/2016\/11\/LOGO_Coleccionweb-1-300x58.png 300w, https:\/\/cultura.umh.es\/files\/2016\/11\/LOGO_Coleccionweb-1-240x48.png 240w\" sizes=\"(max-width: 401px) 100vw, 401px\" \/><\/a><\/p>\n<p>El Vicerrectorado de Cultura, Igualdad y Diversidad, asesorado por profesionales del mercado del arte contempor\u00e1neo y coleccionistas, presenta el <strong>Certamen Colecci\u00f3n UMH 2024<\/strong> con el objetivo de redefinir e incrementar el patrimonio art\u00edstico de la Universidad Miguel Hern\u00e1ndez de acuerdo al contexto cultural contempor\u00e1neo.<\/p>\n<p>En su <strong>7\u00aa convocatoria<\/strong> internacional&nbsp; se establecen 16.000 euros de dotaci\u00f3n para compra y se podr\u00e1 participar <strong>hasta el 12 de julio de 2024<\/strong>.<\/p>\n<ul>\n<li><a href=\"https:\/\/cultura.umh.es\/files\/2024\/06\/BASESCertamen_COLECCION_UMH_2024.pdf\">Descargar bases Certamen Colecci\u00f3n 2024 (PDF) 374KB<\/a><\/li>\n<li><a href=\"https:\/\/cultura.umh.es\/files\/2024\/09\/bil-2024_Logo-Coleccion-Lista-prov-admitidas-anonimizado-copia-autentica.pdf\" target=\"_blank\" rel=\"noopener\">Descargar lista provisional de propuestas admitidas y excluidas del Certamen Colecci\u00f3n 2024 (PDF) 139 KB<\/a>\n<ul>\n<li>El plazo para la presentaci\u00f3n de subsanaciones es de 10 d\u00edas h\u00e1biles a contar a partir del d\u00eda siguiente a la publicaci\u00f3n.<br \/>\nPublicado en 24\/09\/2024<br \/>\nFecha inicio: 25\/09\/2024<br \/>\nFecha fin:08\/10\/2024<\/li>\n<\/ul>\n<\/li>\n<li><a href=\"https:\/\/cultura.umh.es\/files\/2024\/10\/Listado-admitidos-Coleccion-UMH.pdf\">Descargar lista definitiva de propuestas admitidas y excluidas del Certamen Colecci\u00f3n UMH (PDF) 989 KB<\/a><\/li>\n<li><a href=\"https:\/\/cultura.umh.es\/files\/2024\/12\/bil-OK-2024-Coleccion-Resolucion-de-adquisicion-copia-autentica.pdf\">Descargar Resoluci\u00f3n del Certamen Colecci\u00f3n 2024 (PDF) 1051 KB<\/a><\/li>\n<\/ul>\n<p><\/p>","protected":false},"excerpt":{"rendered":"<p>El Vicerrectorado de Cultura, Igualdad y Diversidad, asesorado por profesionales del mercado del arte contempor\u00e1neo y coleccionistas, presenta el Certamen Colecci\u00f3n UMH 2024 con el objetivo de redefinir e incrementar el patrimonio art\u00edstico de la Universidad Miguel Hern\u00e1ndez de acuerdo al contexto cultural contempor\u00e1neo.<br \/>\nEn su 7\u00aa convocatoria internacional&nbsp; se establecen 16.000 euros de dotaci\u00f3n para [&#8230;]<\/p>\n","protected":false},"author":3564,"featured_media":0,"parent":3308,"menu_order":0,"comment_status":"closed","ping_status":"closed","template":"","meta":{"ngg_post_thumbnail":0,"_links_to":"","_links_to_target":""},"_links":{"self":[{"href":"https:\/\/cultura.umh.es\/es\/wp-json\/wp\/v2\/pages\/4631"}],"collection":[{"href":"https:\/\/cultura.umh.es\/es\/wp-json\/wp\/v2\/pages"}],"about":[{"href":"https:\/\/cultura.umh.es\/es\/wp-json\/wp\/v2\/types\/page"}],"author":[{"embeddable":true,"href":"https:\/\/cultura.umh.es\/es\/wp-json\/wp\/v2\/users\/3564"}],"replies":[{"embeddable":true,"href":"https:\/\/cultura.umh.es\/es\/wp-json\/wp\/v2\/comments?post=4631"}],"version-history":[{"count":0,"href":"https:\/\/cultura.umh.es\/es\/wp-json\/wp\/v2\/pages\/4631\/revisions"}],"up":[{"embeddable":true,"href":"https:\/\/cultura.umh.es\/es\/wp-json\/wp\/v2\/pages\/3308"}],"wp:attachment":[{"href":"https:\/\/cultura.umh.es\/es\/wp-json\/wp\/v2\/media?parent=4631"}],"curies":[{"name":"wp","href":"https:\/\/api.w.org\/{rel}","templated":true}]}}