{"id":4628,"date":"2016-11-25T12:49:55","date_gmt":"2016-11-25T11:49:55","guid":{"rendered":"http:\/\/cultura.umh.es\/?page_id=4628"},"modified":"2025-10-07T15:30:48","modified_gmt":"2025-10-07T13:30:48","slug":"beca-mordida-betanzos-umh","status":"publish","type":"page","link":"https:\/\/cultura.umh.es\/es\/convocatorias\/beca-mordida-betanzos-umh\/","title":{"rendered":"Beca Mordida UMH"},"content":{"rendered":"<p><img loading=\"lazy\" class=\"alignnone wp-image-4126 size-medium\" src=\"https:\/\/cultura.umh.es\/files\/2016\/06\/BASES_BECA-MORDIDA-castellano_2016-300x85.png\" alt=\"Logo Mordida\" width=\"300\" height=\"85\" srcset=\"https:\/\/cultura.umh.es\/files\/2016\/06\/BASES_BECA-MORDIDA-castellano_2016-300x85.png 300w, https:\/\/cultura.umh.es\/files\/2016\/06\/BASES_BECA-MORDIDA-castellano_2016-1024x291.png 1024w, https:\/\/cultura.umh.es\/files\/2016\/06\/BASES_BECA-MORDIDA-castellano_2016.png 1767w\" sizes=\"(max-width: 300px) 100vw, 300px\" \/><\/p>\n<p><strong>XV Beca Mordida UMH-CIEC en colaboraci\u00f3n con el Centro Internacional de Estampa Contempor\u00e1nea de Betanzos (Galicia)<br \/>\n<\/strong><\/p>\n<p>Beca de Producci\u00f3n de Obra Gr\u00e1fica para estudiantes y para egresados y egresadas de la Facultad de Bellas Artes de Altea.<\/p>\n<ul>\n<li><a href=\"https:\/\/boumh.umh.es\/files\/2025\/06\/RR_01503_2025.pdf\" target=\"_blank\" rel=\"noopener\">Descargar bases de la convocatoria XV Beca Mordida (BOUMH)<\/a><\/li>\n<li><a href=\"https:\/\/dogv.gva.es\/datos\/2025\/06\/18\/pdf\/2025_22469_es.pdf\" target=\"_blank\" rel=\"noopener\">Descargar bases de la convocatoria XV Beca Mordida (DOGV)<\/a>&nbsp;<\/li>\n<\/ul>\n<p>El plazo de presentaci\u00f3n de solicitudes comenzar\u00e1 una vez est\u00e9 publicada en el DOGV.<\/p>\n<p style=\"padding-left: 40px\"><em>6.3. El plazo de presentaci\u00f3n de solicitudes se abrir\u00e1 el d\u00eda siguiente de la fecha de publicaci\u00f3n del extracto de esta convocatoria en el Diari Oficial de la Generalitat Valenciana (DOGV) y se cerrar\u00e1 a los 20 d\u00edas naturales tras la publicaci\u00f3n de la misma.<\/em><\/p>\n<p>Fecha de inicio: 19\/06\/2025<br \/>\nFecha fin: 08\/07\/2025<\/p>\n<ul>\n<li><a href=\"https:\/\/boumh.umh.es\/files\/2025\/07\/ES_U05500001_2025_DOCH-0000000000000000000237731.pdf\">Descargar lista provisional de solicitudes admitidas y excluidas de la XV Beca Mordida&nbsp;<\/a>\n<ul>\n<li>Se concede un plazo de 10 d\u00edas h\u00e1biles, a contar a partir del d\u00eda despu\u00e9s de la publicaci\u00f3n de este listado provisional, para la subsanaci\u00f3n de errores o aportar la documentaci\u00f3n requerida.<br \/>\nFecha de publicaci\u00f3n: 11\/07\/2025<br \/>\nPlazo para subsanaciones: 14\/07\/2025 &#8211; 25\/07\/2025<\/li>\n<\/ul>\n<\/li>\n<\/ul>\n<p>&nbsp;<\/p>\n<ul>\n<li><a href=\"https:\/\/boumh.umh.es\/files\/2025\/07\/RR_02011_2025.pdf\">Descargar lista definitiva de solicitudes admitidas y excluidas de la XV Beca Mordida&nbsp;<\/a><\/li>\n<li><a href=\"https:\/\/boumh.umh.es\/files\/2025\/09\/ES_U05500001_2025_DOCH-0000000000000000000304980.pdf\">Descargar propuesta de concesi\u00f3n provisional de la convocatoria de la XV Beca Mordida<\/a>\n<ul>\n<li>Se concede un plazo de 10 d\u00edas h\u00e1biles, contados a partir del d\u00eda siguiente a la publicaci\u00f3n de la presente, para la presentaci\u00f3n de posibles alegaciones:<br \/>\nFecha de publicaci\u00f3n: 11\/09\/2025<br \/>\nInicio del plazo: 12\/09\/2025<br \/>\nFin del plazo: 25\/09\/2025<\/li>\n<\/ul>\n<\/li>\n<\/ul>\n<p>&nbsp;<\/p>\n<ul>\n<li><a href=\"https:\/\/boumh.umh.es\/files\/2025\/10\/RR_02784_2025.pdf\" target=\"_blank\" rel=\"noopener\">Descargar Resoluci\u00f3n de concesi\u00f3n definitiva de la XV Beca Mordida<\/a><\/li>\n<\/ul>\n<p><\/p>","protected":false},"excerpt":{"rendered":"<p>XV Beca Mordida UMH-CIEC en colaboraci\u00f3n con el Centro Internacional de Estampa Contempor\u00e1nea de Betanzos (Galicia)<\/p>\n<p>Beca de Producci\u00f3n de Obra Gr\u00e1fica para estudiantes y para egresados y egresadas de la Facultad de Bellas Artes de Altea.<\/p>\n<p>Descargar bases de la convocatoria XV Beca Mordida (BOUMH)<br \/>\nDescargar bases de la convocatoria XV Beca Mordida (DOGV)&nbsp;<\/p>\n<p>El plazo de presentaci\u00f3n [&#8230;]<\/p>\n","protected":false},"author":3564,"featured_media":0,"parent":3308,"menu_order":0,"comment_status":"closed","ping_status":"closed","template":"","meta":{"ngg_post_thumbnail":0,"_links_to":"","_links_to_target":""},"_links":{"self":[{"href":"https:\/\/cultura.umh.es\/es\/wp-json\/wp\/v2\/pages\/4628"}],"collection":[{"href":"https:\/\/cultura.umh.es\/es\/wp-json\/wp\/v2\/pages"}],"about":[{"href":"https:\/\/cultura.umh.es\/es\/wp-json\/wp\/v2\/types\/page"}],"author":[{"embeddable":true,"href":"https:\/\/cultura.umh.es\/es\/wp-json\/wp\/v2\/users\/3564"}],"replies":[{"embeddable":true,"href":"https:\/\/cultura.umh.es\/es\/wp-json\/wp\/v2\/comments?post=4628"}],"version-history":[{"count":0,"href":"https:\/\/cultura.umh.es\/es\/wp-json\/wp\/v2\/pages\/4628\/revisions"}],"up":[{"embeddable":true,"href":"https:\/\/cultura.umh.es\/es\/wp-json\/wp\/v2\/pages\/3308"}],"wp:attachment":[{"href":"https:\/\/cultura.umh.es\/es\/wp-json\/wp\/v2\/media?parent=4628"}],"curies":[{"name":"wp","href":"https:\/\/api.w.org\/{rel}","templated":true}]}}