{"id":4627,"date":"2016-11-25T12:47:56","date_gmt":"2016-11-25T11:47:56","guid":{"rendered":"http:\/\/cultura.umh.es\/?page_id=4627"},"modified":"2024-12-11T08:57:41","modified_gmt":"2024-12-11T07:57:41","slug":"beca-boomerang","status":"publish","type":"page","link":"https:\/\/cultura.umh.es\/es\/convocatorias\/beca-boomerang\/","title":{"rendered":"Beca Boomerang"},"content":{"rendered":"<p><a href=\"https:\/\/cultura.umh.es\/files\/2021\/05\/Logo_Boomerang_medio.jpg\"><img loading=\"lazy\" class=\"alignnone wp-image-10291 \" src=\"https:\/\/cultura.umh.es\/files\/2021\/05\/Logo_Boomerang_medio-1024x590.jpg\" alt=\"\" width=\"521\" height=\"300\" srcset=\"https:\/\/cultura.umh.es\/files\/2021\/05\/Logo_Boomerang_medio-1024x590.jpg 1024w, https:\/\/cultura.umh.es\/files\/2021\/05\/Logo_Boomerang_medio-300x173.jpg 300w, https:\/\/cultura.umh.es\/files\/2021\/05\/Logo_Boomerang_medio-768x442.jpg 768w, https:\/\/cultura.umh.es\/files\/2021\/05\/Logo_Boomerang_medio.jpg 1181w\" sizes=\"(max-width: 521px) 100vw, 521px\" \/><\/a><\/p>\n<h3><strong>VII Edici\u00f3n de la Beca Boomerang UMH 2024<\/strong><\/h3>\n<p>Beca de producci\u00f3n art\u00edstica para estudiantes y para egresados y egresadas de las facultades de Bellas Artes del territorio nacional, para apoyar su carrera art\u00edstica profesional y reivindicar su producci\u00f3n actual.<\/p>\n<div>\n<ul>\n<li><a href=\"https:\/\/boumh.umh.es\/files\/2024\/05\/RR_01017_2024.pdf\" target=\"_blank\" rel=\"noopener\">Descargar Bases de la Beca Boomerang UMH 2024 (PDF) 887KB<\/a><\/li>\n<li><a href=\"https:\/\/dogv.gva.es\/datos\/2024\/05\/09\/pdf\/2024_4061.pdf\">Descargar Bases de la Beca Boomerang UMH 2024 del DOGV (PDF) 204KB&nbsp;<\/a><\/li>\n<\/ul>\n<p><a href=\"https:\/\/drive.google.com\/drive\/folders\/1HFI5SW8X7DfI42COJ2gr28V2XOWHNRZK?usp=sharing\">Descargar plano y fotograf\u00edas del espacio expositivo Sala Negra<\/a><\/p>\n<p>Fecha l\u00edmite para inscripci\u00f3n: <strong>23 de junio de 2024<\/strong><\/p>\n<ul>\n<li><a href=\"https:\/\/boumh.umh.es\/files\/2024\/07\/ES_U05500001_2024_DOCH-0000000000000000000209442.pdf\">Descargar lista provisional de admitidos y excluidos de la VII Beca Boomerang 2024 (PDF) 448.84KB<\/a><\/li>\n<li><a href=\"https:\/\/boumh.umh.es\/files\/2024\/09\/ES_U05500001_2024_DOCH-0000000000000000000284895.pdf\" target=\"_blank\" rel=\"noopener\">Descargar correcci\u00f3n de errores de la lista provisional de admitidos y excluidos de la VII Beca Boomerang 2024 (PDF) 579.41 KB<\/a>\n<ul>\n<li>Plazo para presentar subsanaciones: 10 d\u00edas h\u00e1biles, a contar a partir del d\u00eda siguiente a la publicaci\u00f3n de la presente.<br \/>\nFecha inicio: 20\/09\/2024<br \/>\nFecha fin: 03\/10\/2024<\/li>\n<\/ul>\n<\/li>\n<li><a href=\"https:\/\/boumh.umh.es\/files\/2024\/10\/RR_02459_2024.pdf\">Descargar listado definitivo de admitidos y excluidos de la VII Beca Boomerang 2024 (PDF) 448KB<\/a><\/li>\n<li><a href=\"https:\/\/boumh.umh.es\/files\/2024\/11\/ES_U05500001_2024_DOCH-0000000000000000000355141.pdf\" target=\"_blank\" rel=\"noopener\">Descargar propuesta de concesi\u00f3n provisional de la Beca VII Beca Boomerang 2024 (PDF)<\/a><\/li>\n<\/ul>\n<p style=\"padding-left: 80px\">El plazo para presentar alegaciones es de 10 d\u00edas h\u00e1biles a contar partir del d\u00eda siguiente a la publicaci\u00f3n de la presente.<br \/>\nFecha de inicio: 14\/11\/2024<br \/>\nFecha de finalizaci\u00f3n: 27\/11\/2024<\/p>\n<ul>\n<li><a href=\"https:\/\/boumh.umh.es\/files\/2024\/12\/RR_03387_2024.pdf\">Descargar Concesi\u00f3n definitiva de la Beca VII Boomerang 2024 (PDF)<\/a><\/li>\n<\/ul>\n<\/div>\n<p><\/p>","protected":false},"excerpt":{"rendered":"<p>VII Edici\u00f3n de la Beca Boomerang UMH 2024<br \/>\nBeca de producci\u00f3n art\u00edstica para estudiantes y para egresados y egresadas de las facultades de Bellas Artes del territorio nacional, para apoyar su carrera art\u00edstica profesional y reivindicar su producci\u00f3n actual.<\/p>\n<p>Descargar Bases de la Beca Boomerang UMH 2024 (PDF) 887KB<br \/>\nDescargar Bases de la Beca Boomerang UMH 2024 del [&#8230;]<\/p>\n","protected":false},"author":3564,"featured_media":0,"parent":3308,"menu_order":0,"comment_status":"closed","ping_status":"closed","template":"","meta":{"ngg_post_thumbnail":0,"_links_to":"","_links_to_target":""},"_links":{"self":[{"href":"https:\/\/cultura.umh.es\/es\/wp-json\/wp\/v2\/pages\/4627"}],"collection":[{"href":"https:\/\/cultura.umh.es\/es\/wp-json\/wp\/v2\/pages"}],"about":[{"href":"https:\/\/cultura.umh.es\/es\/wp-json\/wp\/v2\/types\/page"}],"author":[{"embeddable":true,"href":"https:\/\/cultura.umh.es\/es\/wp-json\/wp\/v2\/users\/3564"}],"replies":[{"embeddable":true,"href":"https:\/\/cultura.umh.es\/es\/wp-json\/wp\/v2\/comments?post=4627"}],"version-history":[{"count":0,"href":"https:\/\/cultura.umh.es\/es\/wp-json\/wp\/v2\/pages\/4627\/revisions"}],"up":[{"embeddable":true,"href":"https:\/\/cultura.umh.es\/es\/wp-json\/wp\/v2\/pages\/3308"}],"wp:attachment":[{"href":"https:\/\/cultura.umh.es\/es\/wp-json\/wp\/v2\/media?parent=4627"}],"curies":[{"name":"wp","href":"https:\/\/api.w.org\/{rel}","templated":true}]}}