{"id":4625,"date":"2016-11-25T12:45:02","date_gmt":"2016-11-25T11:45:02","guid":{"rendered":"http:\/\/cultura.umh.es\/?page_id=4625"},"modified":"2022-06-15T14:53:55","modified_gmt":"2022-06-15T12:53:55","slug":"bricolab","status":"publish","type":"page","link":"https:\/\/cultura.umh.es\/es\/arts\/culturalab\/bricolab\/","title":{"rendered":"BricoLab"},"content":{"rendered":"<p><\/p>\n<p style=\"text-align: left\"><strong>Alta Fidelidad. Materializando Sentimientos.<\/strong><\/p>\n<p style=\"text-align: left\"><a href=\"https:\/\/cultura.umh.es\/files\/2016\/11\/pizarronAltaFidelidad.jpg\" target=\"_blank\" rel=\"noopener\"><img loading=\"lazy\" class=\"alignnone wp-image-5127 size-medium\" src=\"https:\/\/cultura.umh.es\/files\/2016\/11\/pizarronAltaFidelidad-300x225.jpg\" alt=\"Pizarr\u00f3n del taller CulturaLab &quot;Alta Fidelidad. Materializando sentimientos&quot;\" width=\"300\" height=\"225\" srcset=\"https:\/\/cultura.umh.es\/files\/2016\/11\/pizarronAltaFidelidad-300x225.jpg 300w, https:\/\/cultura.umh.es\/files\/2016\/11\/pizarronAltaFidelidad-768x576.jpg 768w, https:\/\/cultura.umh.es\/files\/2016\/11\/pizarronAltaFidelidad-1024x768.jpg 1024w, https:\/\/cultura.umh.es\/files\/2016\/11\/pizarronAltaFidelidad-960x720.jpg 960w, https:\/\/cultura.umh.es\/files\/2016\/11\/pizarronAltaFidelidad-480x360.jpg 480w, https:\/\/cultura.umh.es\/files\/2016\/11\/pizarronAltaFidelidad-600x451.jpg 600w, https:\/\/cultura.umh.es\/files\/2016\/11\/pizarronAltaFidelidad-320x240.jpg 320w, https:\/\/cultura.umh.es\/files\/2016\/11\/pizarronAltaFidelidad-240x180.jpg 240w, https:\/\/cultura.umh.es\/files\/2016\/11\/pizarronAltaFidelidad.jpg 2000w\" sizes=\"(max-width: 300px) 100vw, 300px\" \/><\/a><\/p>\n<p style=\"text-align: left\"><strong>Textos de la imagen:<\/strong><br \/>\nT\u00edtulo: CulturaLAB. Alta Fidelidad. Materializando sentimientos<br \/>\nEslogan: Transita, Observa, Descubre.<br \/>\nContenido: Seg\u00fan cuentan estamos unidos por hilos invisibles que determinan nuestras relaciones con los dem\u00e1s. Se pueden tensar o enredar pero nunca cortar. Alta Fidelidad es una muestra de ello. Sentimientos hilados entre s\u00ed que trataremos de hacer visibles&#8230;<\/p>\n<p style=\"text-align: left\"><iframe  style=\"display: block; margin: 0px auto;\"  id=\"_ytid_79558\"  width=\"480\" height=\"270\"  data-origwidth=\"480\" data-origheight=\"270\" src=\"https:\/\/www.youtube.com\/embed\/WSj50pnBMpI?enablejsapi=1&autoplay=0&cc_load_policy=0&cc_lang_pref=&iv_load_policy=1&loop=0&modestbranding=0&rel=1&fs=1&playsinline=0&autohide=2&theme=dark&color=red&controls=1&\" class=\"__youtube_prefs__  no-lazyload\" title=\"YouTube player\"  allow=\"accelerometer; autoplay; clipboard-write; encrypted-media; gyroscope; picture-in-picture\" allowfullscreen data-no-lazy=\"1\" data-skipgform_ajax_framebjll=\"\"><\/iframe><\/p>\n<hr>\n<p style=\"text-align: left\"><strong>Trazando Huellas. El espacio p\u00fablico como escenario art\u00edstico.<\/strong><\/p>\n<p style=\"text-align: left\"><a href=\"https:\/\/cultura.umh.es\/files\/2016\/11\/pizarronA3.jpg\" target=\"_blank\" rel=\"noopener\"><img loading=\"lazy\" class=\"alignnone wp-image-5113 size-medium\" src=\"https:\/\/cultura.umh.es\/files\/2016\/11\/pizarronA3-300x212.jpg\" alt=\"Foto de pizarr\u00f3n. CulturaLab Trazando huellas. El espacio p\u00fablico como escenario art\u00edstico\" width=\"300\" height=\"212\" srcset=\"https:\/\/cultura.umh.es\/files\/2016\/11\/pizarronA3-300x212.jpg 300w, https:\/\/cultura.umh.es\/files\/2016\/11\/pizarronA3-768x543.jpg 768w, https:\/\/cultura.umh.es\/files\/2016\/11\/pizarronA3-1024x724.jpg 1024w\" sizes=\"(max-width: 300px) 100vw, 300px\" \/><\/a><\/p>\n<p><strong>Textos de la imagen:<\/strong><br \/>\nT\u00edtulo: CulturaLAB. Trazando huellas. El espacio p\u00fablico como escenario art\u00edstico<br \/>\nEslogan: Transita, Observa, Descubre, Genera.<br \/>\nContenido: Luce y Eltono son dos artistas que no est\u00e1n quietos, y es que ser un \u00abfl\u00e2neur\u00bb implica movimiento, caminar por los espacios y entender que todo es susceptible de comunicar y transmitir, trazar huellas supone crear l\u00edneas de uni\u00f3n entre puntos y destinos inciertos. \u00a1\u00a1Dej\u00e9monos llevar por el gran lienzo que se abre al transitar!!<\/p>\n<p style=\"text-align: left\"><iframe  style=\"display: block; margin: 0px auto;\"  id=\"_ytid_27128\"  width=\"480\" height=\"270\"  data-origwidth=\"480\" data-origheight=\"270\" src=\"https:\/\/www.youtube.com\/embed\/CxG0aCkw5pw?enablejsapi=1&autoplay=0&cc_load_policy=0&cc_lang_pref=&iv_load_policy=1&loop=0&modestbranding=0&rel=1&fs=1&playsinline=0&autohide=2&theme=dark&color=red&controls=1&\" class=\"__youtube_prefs__  no-lazyload\" title=\"YouTube player\"  allow=\"accelerometer; autoplay; clipboard-write; encrypted-media; gyroscope; picture-in-picture\" allowfullscreen data-no-lazy=\"1\" data-skipgform_ajax_framebjll=\"\"><\/iframe><\/p>\n<hr>\n<p style=\"text-align: left\"><strong>Instalando. El espacio como expresi\u00f3n, mensaje y arte.<\/strong><\/p>\n<p><a href=\"https:\/\/cultura.umh.es\/files\/2016\/11\/pizarron-montado.jpg\"><img loading=\"lazy\" class=\"alignnone size-medium wp-image-5115\" src=\"https:\/\/cultura.umh.es\/files\/2016\/11\/pizarron-montado-300x180.jpg\" alt=\"Foto de pizarr\u00f3n. CulturaLab Instalando... El espaciocomo expresi\u00f3n, mensaje y arte.\" width=\"300\" height=\"180\" srcset=\"https:\/\/cultura.umh.es\/files\/2016\/11\/pizarron-montado-300x180.jpg 300w, https:\/\/cultura.umh.es\/files\/2016\/11\/pizarron-montado-768x461.jpg 768w, https:\/\/cultura.umh.es\/files\/2016\/11\/pizarron-montado-1024x614.jpg 1024w, https:\/\/cultura.umh.es\/files\/2016\/11\/pizarron-montado-960x576.jpg 960w, https:\/\/cultura.umh.es\/files\/2016\/11\/pizarron-montado-480x288.jpg 480w, https:\/\/cultura.umh.es\/files\/2016\/11\/pizarron-montado-320x192.jpg 320w, https:\/\/cultura.umh.es\/files\/2016\/11\/pizarron-montado-240x144.jpg 240w\" sizes=\"(max-width: 300px) 100vw, 300px\" \/><\/a><\/p>\n<p><strong>Textos de la imagen:<\/strong><br \/>\nT\u00edtulo: CulturaLab. Instalando&#8230; El espacio como expresi\u00f3n, mensaje y arte.<br \/>\nContenido: Pu\u00e9nting es una iniciativa que supone el desarrollo de un proyecto art\u00edstico. Es una oportunidad, un reto y un salto a la profesionalizaci\u00f3n. Esta exposici\u00f3n es la prueba de esa evoluci\u00f3n&#8230; Y esta actividad es la expresi\u00f3n de ese recorrido.<br \/>\n1. Piensa y selecciona un tema de inter\u00e9s. Elige algo que te guste, preocupe o quieras trabajar.<br \/>\n2. Material\u00edzalo en el espacio. Ay\u00fadate de peque\u00f1os objetos y espacios reducidos (una caja) e intenta trasladar ah\u00ed este tema. Esta mini instalaci\u00f3n te permitir\u00e1 experimentar y descubrir aspectos que no imaginabas sobre tu tema.<br \/>\n3. Replantea, observa y debate los resultados. Cambiar la iluminaci\u00f3n o disposici\u00f3n de alg\u00fan elemento puede modificar completamente la obra. \u00a1Prueba sin miedo!<br \/>\n4. Atr\u00e9vete en un espacio \u00abreal\u00bb. Una instalaci\u00f3n no solo son piezas en un sitio si no c\u00f3mo estas interactuan con el espacio y las personas. Por ejemplo: \u00abMi obra se titula &#8216;El paso del tiempo&#8217; porque hay relojes en una zona de paso\u00bb.<br \/>\n5. Documenta los resultados. Una instalaci\u00f3n suele ser ef\u00edmera. En estos casos, documentarla con fotos, por ejemplo, ser\u00e1 lo que deje constancia de tu obra en el tiempo. Ese registro te puede abrir muchas posibilidades: obra nueva, ideas, enfoques&#8230;<\/p>\n<p style=\"text-align: center\"><iframe  style=\"display: block; margin: 0px auto;\"  id=\"_ytid_68520\"  width=\"480\" height=\"270\"  data-origwidth=\"480\" data-origheight=\"270\" src=\"https:\/\/www.youtube.com\/embed\/cWv2ekG848M?enablejsapi=1&autoplay=0&cc_load_policy=0&cc_lang_pref=&iv_load_policy=1&loop=0&modestbranding=0&rel=1&fs=1&playsinline=0&autohide=2&theme=dark&color=red&controls=1&\" class=\"__youtube_prefs__  no-lazyload\" title=\"YouTube player\"  allow=\"accelerometer; autoplay; clipboard-write; encrypted-media; gyroscope; picture-in-picture\" allowfullscreen data-no-lazy=\"1\" data-skipgform_ajax_framebjll=\"\"><\/iframe><\/p>\n<hr>\n<p style=\"text-align: left\"><strong>La ciudad de Esther Pizarro. La esencia del individuo en la urbe.<\/strong><\/p>\n<p style=\"text-align: center\"><a href=\"https:\/\/cultura.umh.es\/files\/2016\/11\/3_PizarronEstherPizarro.jpg\" target=\"_blank\" rel=\"noopener\"><img loading=\"lazy\" class=\"alignnone wp-image-5116 size-thumbnail\" src=\"https:\/\/cultura.umh.es\/files\/2016\/11\/3_PizarronEstherPizarro-150x150.jpg\" alt=\"Pizarr\u00f3n Topolog\u00edas po\u00e9ticas\" width=\"150\" height=\"150\" srcset=\"https:\/\/cultura.umh.es\/files\/2016\/11\/3_PizarronEstherPizarro-150x150.jpg 150w, https:\/\/cultura.umh.es\/files\/2016\/11\/3_PizarronEstherPizarro-960x960.jpg 960w, https:\/\/cultura.umh.es\/files\/2016\/11\/3_PizarronEstherPizarro-480x480.jpg 480w, https:\/\/cultura.umh.es\/files\/2016\/11\/3_PizarronEstherPizarro-320x320.jpg 320w, https:\/\/cultura.umh.es\/files\/2016\/11\/3_PizarronEstherPizarro-240x240.jpg 240w\" sizes=\"(max-width: 150px) 100vw, 150px\" \/><\/a><\/p>\n<p style=\"text-align: center\"><iframe  style=\"display: block; margin: 0px auto;\"  id=\"_ytid_44575\"  width=\"480\" height=\"270\"  data-origwidth=\"480\" data-origheight=\"270\" src=\"https:\/\/www.youtube.com\/embed\/s1YFbbB0Znk?enablejsapi=1&autoplay=0&cc_load_policy=0&cc_lang_pref=&iv_load_policy=1&loop=0&modestbranding=0&rel=1&fs=1&playsinline=0&autohide=2&theme=dark&color=red&controls=1&\" class=\"__youtube_prefs__  no-lazyload\" title=\"YouTube player\"  allow=\"accelerometer; autoplay; clipboard-write; encrypted-media; gyroscope; picture-in-picture\" allowfullscreen data-no-lazy=\"1\" data-skipgform_ajax_framebjll=\"\"><\/iframe><\/p>\n<hr>\n<p style=\"text-align: left\"><strong>Miguel Hern\u00e1ndez. La materializaci\u00f3n de la palabra. Evocando im\u00e1genes.<\/strong><\/p>\n<p style=\"text-align: center\"><a href=\"https:\/\/cultura.umh.es\/files\/2016\/11\/3_Pizarron.jpg\" target=\"_blank\" rel=\"noopener\"><img loading=\"lazy\" class=\"alignnone wp-image-5117 size-thumbnail\" src=\"https:\/\/cultura.umh.es\/files\/2016\/11\/3_Pizarron-150x150.jpg\" alt=\"Pizarr\u00f3n Miguel Hernandez\" width=\"150\" height=\"150\" srcset=\"https:\/\/cultura.umh.es\/files\/2016\/11\/3_Pizarron-150x150.jpg 150w, https:\/\/cultura.umh.es\/files\/2016\/11\/3_Pizarron-960x960.jpg 960w, https:\/\/cultura.umh.es\/files\/2016\/11\/3_Pizarron-480x480.jpg 480w, https:\/\/cultura.umh.es\/files\/2016\/11\/3_Pizarron-320x320.jpg 320w, https:\/\/cultura.umh.es\/files\/2016\/11\/3_Pizarron-240x240.jpg 240w\" sizes=\"(max-width: 150px) 100vw, 150px\" \/><\/a><\/p>\n<p style=\"text-align: center\"><iframe  style=\"display: block; margin: 0px auto;\"  id=\"_ytid_78127\"  width=\"480\" height=\"270\"  data-origwidth=\"480\" data-origheight=\"270\" src=\"https:\/\/www.youtube.com\/embed\/Ju5FOI1z4Go?enablejsapi=1&autoplay=0&cc_load_policy=0&cc_lang_pref=&iv_load_policy=1&loop=0&modestbranding=0&rel=1&fs=1&playsinline=0&autohide=2&theme=dark&color=red&controls=1&\" class=\"__youtube_prefs__  no-lazyload\" title=\"YouTube player\"  allow=\"accelerometer; autoplay; clipboard-write; encrypted-media; gyroscope; picture-in-picture\" allowfullscreen data-no-lazy=\"1\" data-skipgform_ajax_framebjll=\"\"><\/iframe><\/p>\n<hr>\n<p style=\"text-align: left\"><strong>Cianotipias encontradas. Kalo Vicent y el arte mirar y tropezar con la imagen.<\/strong><\/p>\n<p style=\"text-align: center\"><a href=\"https:\/\/cultura.umh.es\/files\/2016\/11\/3_Pizarron01.jpg\" target=\"_blank\" rel=\"noopener\"><img loading=\"lazy\" class=\"alignnone wp-image-5118 size-thumbnail\" src=\"https:\/\/cultura.umh.es\/files\/2016\/11\/3_Pizarron01-150x150.jpg\" alt=\"Pizarron Kalo Vicent\" width=\"150\" height=\"150\" srcset=\"https:\/\/cultura.umh.es\/files\/2016\/11\/3_Pizarron01-150x150.jpg 150w, https:\/\/cultura.umh.es\/files\/2016\/11\/3_Pizarron01-960x960.jpg 960w, https:\/\/cultura.umh.es\/files\/2016\/11\/3_Pizarron01-480x480.jpg 480w, https:\/\/cultura.umh.es\/files\/2016\/11\/3_Pizarron01-320x320.jpg 320w, https:\/\/cultura.umh.es\/files\/2016\/11\/3_Pizarron01-240x240.jpg 240w\" sizes=\"(max-width: 150px) 100vw, 150px\" \/><\/a><\/p>\n<p style=\"text-align: center\"><iframe  style=\"display: block; margin: 0px auto;\"  id=\"_ytid_91087\"  width=\"480\" height=\"270\"  data-origwidth=\"480\" data-origheight=\"270\" src=\"https:\/\/www.youtube.com\/embed\/KKW_RM__I7Y?enablejsapi=1&autoplay=0&cc_load_policy=0&cc_lang_pref=&iv_load_policy=1&loop=0&modestbranding=0&rel=1&fs=1&playsinline=0&autohide=2&theme=dark&color=red&controls=1&\" class=\"__youtube_prefs__  no-lazyload\" title=\"YouTube player\"  allow=\"accelerometer; autoplay; clipboard-write; encrypted-media; gyroscope; picture-in-picture\" allowfullscreen data-no-lazy=\"1\" data-skipgform_ajax_framebjll=\"\"><\/iframe><\/p>\n<p><\/p>","protected":false},"excerpt":{"rendered":"<p>Alta Fidelidad. Materializando Sentimientos.<\/p>\n<p>Textos de la imagen:<br \/>\nT\u00edtulo: CulturaLAB. Alta Fidelidad. Materializando sentimientos<br \/>\nEslogan: Transita, Observa, Descubre.<br \/>\nContenido: Seg\u00fan cuentan estamos unidos por hilos invisibles que determinan nuestras relaciones con los dem\u00e1s. Se pueden tensar o enredar pero nunca cortar. Alta Fidelidad es una muestra de ello. Sentimientos hilados entre s\u00ed que trataremos de hacer visibles&#8230;<\/p>\n<p>Trazando Huellas. El [&#8230;]<\/p>\n","protected":false},"author":3564,"featured_media":0,"parent":3425,"menu_order":4,"comment_status":"closed","ping_status":"closed","template":"","meta":{"ngg_post_thumbnail":0,"_links_to":"","_links_to_target":""},"_links":{"self":[{"href":"https:\/\/cultura.umh.es\/es\/wp-json\/wp\/v2\/pages\/4625"}],"collection":[{"href":"https:\/\/cultura.umh.es\/es\/wp-json\/wp\/v2\/pages"}],"about":[{"href":"https:\/\/cultura.umh.es\/es\/wp-json\/wp\/v2\/types\/page"}],"author":[{"embeddable":true,"href":"https:\/\/cultura.umh.es\/es\/wp-json\/wp\/v2\/users\/3564"}],"replies":[{"embeddable":true,"href":"https:\/\/cultura.umh.es\/es\/wp-json\/wp\/v2\/comments?post=4625"}],"version-history":[{"count":0,"href":"https:\/\/cultura.umh.es\/es\/wp-json\/wp\/v2\/pages\/4625\/revisions"}],"up":[{"embeddable":true,"href":"https:\/\/cultura.umh.es\/es\/wp-json\/wp\/v2\/pages\/3425"}],"wp:attachment":[{"href":"https:\/\/cultura.umh.es\/es\/wp-json\/wp\/v2\/media?parent=4625"}],"curies":[{"name":"wp","href":"https:\/\/api.w.org\/{rel}","templated":true}]}}