{"id":4614,"date":"2016-11-25T12:04:06","date_gmt":"2016-11-25T11:04:06","guid":{"rendered":"http:\/\/cultura.umh.es\/?page_id=4614"},"modified":"2024-06-25T14:15:50","modified_gmt":"2024-06-25T12:15:50","slug":"festival-de-cinema-de-curst-delx","status":"publish","type":"page","link":"https:\/\/cultura.umh.es\/es\/cinema\/festival-de-cinema-de-curst-delx\/","title":{"rendered":"Festival Internacional de Cine de Cortos de Elche &#8211; FICIE"},"content":{"rendered":"<p><a href=\"https:\/\/cultura.umh.es\/files\/2024\/06\/Logo_Festival-Cine-ElcheJPG.jpg\"><img loading=\"lazy\" class=\"size-full wp-image-13331 alignleft\" src=\"https:\/\/cultura.umh.es\/files\/2024\/06\/Logo_Festival-Cine-ElcheJPG.jpg\" alt=\"Logo del Festival de Cine de Elche\" width=\"168\" height=\"127\"><\/a>Desde 1978 estamos ofreciendo un espacio para conocer y atraer a los nuevos talentos del cine en corto y, tambi\u00e9n, para fomentar la industrializaci\u00f3n del mismo.<\/p>\n<p>Todo ello sin descuidar nuestros or\u00edgenes y siempre con adaptaci\u00f3n constante a los nuevos tiempos y formas de hacer cine. Puede cambiar la&nbsp; tecnolog\u00eda pero las ganas de crear siempre son las mismas.<\/p>\n<p>Por la calidad de nuestros jurados, por la calidad de nuestro palmar\u00e9s y los 40 a\u00f1os de historia han permitido que la Academia de las Artes y las Ciencias Cinematogr\u00e1ficas de Espa\u00f1a nos admitiera como Festival Preseleccionador de los Premios Goya.<\/p>\n<p>As\u00ed mismo, la Asociaci\u00f3n de la Industria del Cortometraje (AIC) ha dictaminado tambi\u00e9n concedernos la marca de Festival Recomendado en 2016.<\/p>\n<p><a href=\"https:\/\/festivaldecine.fundacionmediterraneo.es\/\" target=\"_blank\" rel=\"noopener noreferrer\">Visita la p\u00e1gina del Festival de cine de Elche<\/a><\/p>","protected":false},"excerpt":{"rendered":"<p>Desde 1978 estamos ofreciendo un espacio para conocer y atraer a los nuevos talentos del cine en corto y, tambi\u00e9n, para fomentar la industrializaci\u00f3n del mismo.<br \/>\nTodo ello sin descuidar nuestros or\u00edgenes y siempre con adaptaci\u00f3n constante a los nuevos tiempos y formas de hacer cine. Puede cambiar la&nbsp; tecnolog\u00eda pero las ganas de crear siempre [&#8230;]<\/p>\n","protected":false},"author":3564,"featured_media":0,"parent":1449,"menu_order":6,"comment_status":"closed","ping_status":"closed","template":"","meta":{"ngg_post_thumbnail":0,"_links_to":"","_links_to_target":""},"_links":{"self":[{"href":"https:\/\/cultura.umh.es\/es\/wp-json\/wp\/v2\/pages\/4614"}],"collection":[{"href":"https:\/\/cultura.umh.es\/es\/wp-json\/wp\/v2\/pages"}],"about":[{"href":"https:\/\/cultura.umh.es\/es\/wp-json\/wp\/v2\/types\/page"}],"author":[{"embeddable":true,"href":"https:\/\/cultura.umh.es\/es\/wp-json\/wp\/v2\/users\/3564"}],"replies":[{"embeddable":true,"href":"https:\/\/cultura.umh.es\/es\/wp-json\/wp\/v2\/comments?post=4614"}],"version-history":[{"count":0,"href":"https:\/\/cultura.umh.es\/es\/wp-json\/wp\/v2\/pages\/4614\/revisions"}],"up":[{"embeddable":true,"href":"https:\/\/cultura.umh.es\/es\/wp-json\/wp\/v2\/pages\/1449"}],"wp:attachment":[{"href":"https:\/\/cultura.umh.es\/es\/wp-json\/wp\/v2\/media?parent=4614"}],"curies":[{"name":"wp","href":"https:\/\/api.w.org\/{rel}","templated":true}]}}