{"id":4612,"date":"2016-11-25T12:00:45","date_gmt":"2016-11-25T11:00:45","guid":{"rendered":"http:\/\/cultura.umh.es\/?page_id=4612"},"modified":"2024-06-25T14:15:55","modified_gmt":"2024-06-25T12:15:55","slug":"festival-de-cinema-de-sax","status":"publish","type":"page","link":"https:\/\/cultura.umh.es\/es\/cinema\/festival-de-cinema-de-sax\/","title":{"rendered":"Festival de Cine de Sax"},"content":{"rendered":"<p><img loading=\"lazy\" class=\"alignleft wp-image-7307\" src=\"https:\/\/cultura.umh.es\/files\/2018\/07\/36064766_10155848774058090_5285241206605873152_n.jpg\" alt=\"\" width=\"300\" height=\"300\" srcset=\"https:\/\/cultura.umh.es\/files\/2018\/07\/36064766_10155848774058090_5285241206605873152_n.jpg 659w, https:\/\/cultura.umh.es\/files\/2018\/07\/36064766_10155848774058090_5285241206605873152_n-150x150.jpg 150w, https:\/\/cultura.umh.es\/files\/2018\/07\/36064766_10155848774058090_5285241206605873152_n-300x300.jpg 300w, https:\/\/cultura.umh.es\/files\/2018\/07\/36064766_10155848774058090_5285241206605873152_n-480x480.jpg 480w, https:\/\/cultura.umh.es\/files\/2018\/07\/36064766_10155848774058090_5285241206605873152_n-320x320.jpg 320w, https:\/\/cultura.umh.es\/files\/2018\/07\/36064766_10155848774058090_5285241206605873152_n-240x240.jpg 240w\" sizes=\"(max-width: 300px) 100vw, 300px\" \/>El <strong>Festival Internacional de Cine de Sax<\/strong> nace de la iniciativa del cineasta y escritor Miguel Herrero Herrero, presidente de la Asociaci\u00f3n Cinematogr\u00e1fica y Audiovisual de Sax (ACAS) y director de la productora cinematogr\u00e1fica y editorial Cinestesia.<\/p>\n<p>El festival cuenta desde su creaci\u00f3n, en 2006, con el apoyo del Ayuntamiento de Sax y el respaldo en sus diversas ediciones por entidades como: Generalitat Valenciana, Cultur Arts, Universidad Miguel Hern\u00e1ndez de Elche (UMH), Diputaci\u00f3n de Alicante, Ciudad de la Luz, Universidad de Alicante, etc. Tambi\u00e9n colaboran empresas como Gim\u00e9nez Ganga y Gaviota Simbac.<\/p>\n<p>El Festival con catorce ediciones se consolida cada a\u00f1o como un lugar de encuentro entre aficionados y profesionales del cine. Se ciclos de cine y al aire libre por la localidad de Sax con y proyectos de largometraje a competici\u00f3n. Adem\u00e1s de numerosas actividades cinematogr\u00e1ficas (conciertos, libros,&nbsp; presentaciones, encuentros, cursos, espect\u00e1culos, etc.) a lo largo del mes julio.<\/p>\n<p><a href=\"https:\/\/www.festivalcinesax.com\/\" target=\"_blank\" rel=\"noopener noreferrer\">Visitar la p\u00e1gina del Festival de Cine de Sax<\/a><\/p>\n<p>&nbsp;<\/p>","protected":false},"excerpt":{"rendered":"<p>El Festival Internacional de Cine de Sax nace de la iniciativa del cineasta y escritor Miguel Herrero Herrero, presidente de la Asociaci\u00f3n Cinematogr\u00e1fica y Audiovisual de Sax (ACAS) y director de la productora cinematogr\u00e1fica y editorial Cinestesia.<br \/>\nEl festival cuenta desde su creaci\u00f3n, en 2006, con el apoyo del Ayuntamiento de Sax y el respaldo en [&#8230;]<\/p>\n","protected":false},"author":3564,"featured_media":0,"parent":1449,"menu_order":7,"comment_status":"closed","ping_status":"closed","template":"","meta":{"ngg_post_thumbnail":0,"_links_to":"","_links_to_target":""},"_links":{"self":[{"href":"https:\/\/cultura.umh.es\/es\/wp-json\/wp\/v2\/pages\/4612"}],"collection":[{"href":"https:\/\/cultura.umh.es\/es\/wp-json\/wp\/v2\/pages"}],"about":[{"href":"https:\/\/cultura.umh.es\/es\/wp-json\/wp\/v2\/types\/page"}],"author":[{"embeddable":true,"href":"https:\/\/cultura.umh.es\/es\/wp-json\/wp\/v2\/users\/3564"}],"replies":[{"embeddable":true,"href":"https:\/\/cultura.umh.es\/es\/wp-json\/wp\/v2\/comments?post=4612"}],"version-history":[{"count":0,"href":"https:\/\/cultura.umh.es\/es\/wp-json\/wp\/v2\/pages\/4612\/revisions"}],"up":[{"embeddable":true,"href":"https:\/\/cultura.umh.es\/es\/wp-json\/wp\/v2\/pages\/1449"}],"wp:attachment":[{"href":"https:\/\/cultura.umh.es\/es\/wp-json\/wp\/v2\/media?parent=4612"}],"curies":[{"name":"wp","href":"https:\/\/api.w.org\/{rel}","templated":true}]}}