{"id":4553,"date":"2016-11-18T14:34:59","date_gmt":"2016-11-18T13:34:59","guid":{"rendered":"http:\/\/cultura.umh.es\/?page_id=4553"},"modified":"2025-11-04T08:25:28","modified_gmt":"2025-11-04T07:25:28","slug":"cursos-darts-esceniques","status":"publish","type":"page","link":"https:\/\/cultura.umh.es\/es\/arts-visuals-i-esceniques-2\/cursos-darts-esceniques\/","title":{"rendered":"Compa\u00f1\u00eda de Teatro UMH"},"content":{"rendered":"<p><a href=\"https:\/\/cultura.umh.es\/tag\/teatro-umh\/\">Ir a los eventos de la Compa\u00f1\u00eda de Teatro UMH<\/a><\/p>\n<hr>\n<h3><strong>Cursos de teatro<\/strong><\/h3>\n<p>Todas las inscripciones acaban el d\u00eda anterior del comienzo de cada curso.<\/p>\n<p><strong><em>Improvisaci\u00f3n teatral. Un arte para la vida<\/em>&nbsp;<\/strong><\/p>\n<ul>\n<li><a href=\"https:\/\/www.umh.es\/contenido\/Estudios\/:tit_fpo_17402\/datos_es.html\" target=\"_blank\" rel=\"noopener\"><em>Improvisaci\u00f3n teatral<\/em> en el campus de Sant Joan d&#8217;Alacant, del 3 al 24 de noviembre 2025<\/a><\/li>\n<li><a href=\"https:\/\/www.umh.es\/contenido\/Estudios\/:tit_fpo_17399\/datos_es.html\" target=\"_blank\" rel=\"noopener\"><em>Improvisaci\u00f3n teatral<\/em> en el campus de Altea, del 6 al 27 de noviembre 2025<\/a><\/li>\n<li><a href=\"https:\/\/www.umh.es\/contenido\/Estudios\/:tit_fpo_17403\/datos_es.html\" target=\"_blank\" rel=\"noopener\"><em>Improvisaci\u00f3n teatral<\/em> en el campus de Orihuela, del 6 al 27 de noviembre 2025<\/a><\/li>\n<li><a href=\"https:\/\/www.umh.es\/contenido\/Estudios\/:tit_fpo_17400\/datos_es.html\" target=\"_blank\" rel=\"noopener\"><em>Improvisaci\u00f3n teatral<\/em> en el campus de Elche, del 5 al 26 de noviembre 2025<\/a><\/li>\n<\/ul>\n<p><em><strong>Tu voz. Una potente herramienta de comunicaci\u00f3n*<\/strong><\/em><\/p>\n<ul>\n<li><a href=\"https:\/\/www.umh.es\/contenido\/Estudios\/:tit_fpo_17424\/datos_es.html\" target=\"_blank\" rel=\"noopener\"><em>Tu voz<\/em> en el campus de Sant Joan d&#8217;Alacant, del 2 al 23 de febrero 2026<\/a><\/li>\n<li><a href=\"https:\/\/www.umh.es\/contenido\/Estudios\/:tit_fpo_17421\/datos_es.html\" target=\"_blank\" rel=\"noopener\"><em>Tu voz<\/em> en el campus de Altea, del 5 al 26 de febrero 2026<\/a><\/li>\n<li><a href=\"https:\/\/www.umh.es\/contenido\/Estudios\/:tit_fpo_17425\/datos_es.html\" target=\"_blank\" rel=\"noopener\"><em>Tu voz<\/em> en el campus de Orihuela, del 5 al 26 de febrero 2026<\/a><\/li>\n<li><a href=\"https:\/\/www.umh.es\/contenido\/Estudios\/:tit_fpo_17423\/datos_es.html\" target=\"_blank\" rel=\"noopener\"><em>Tu voz<\/em> en el campus de Elche, del 4 al 25 de febrero 2026<\/a><\/li>\n<\/ul>\n<p>*Las inscripciones a este curso estar\u00e1n abiertas a partir de diciembre.<\/p>\n<p>Los cursos son gratuitos y pueden ser reconocidas con cr\u00e9ditos ECTS.<br \/>\nLos cursos tendr\u00e1n una duraci\u00f3n de 12 horas.<br \/>\nLas plazas son limitadas.<br \/>\nSe valorar\u00e1 positivamente para la inscripci\u00f3n en la Compa\u00f1\u00eda de teatro la realizaci\u00f3n de los cursos.<\/p>\n<hr>\n<h3><strong>Inscripci\u00f3n a la Compa\u00f1\u00eda de Teatro UMH<\/strong><\/h3>\n<ul>\n<li><a href=\"https:\/\/www.umh.es\/contenido\/Estudios\/:tit_fpo_17427\/datos_es.html\" target=\"_blank\" rel=\"noopener\">Informaci\u00f3n de la Compa\u00f1\u00eda de Teatro UMH<\/a><\/li>\n<\/ul>\n<p>Esta actividad es gratuita.<br \/>\nSe valorar\u00e1 positivamente para la inscripci\u00f3n en la Compa\u00f1\u00eda de teatro la realizaci\u00f3n de los cursos.<\/p>\n<p>&nbsp;<\/p>\n<hr>\n<p><a href=\"https:\/\/cultura.umh.es\/files\/2019\/10\/Logo_TeatreUMHCAS.jpg\"><img loading=\"lazy\" class=\"alignleft wp-image-8969\" src=\"https:\/\/cultura.umh.es\/files\/2019\/10\/Logo_TeatreUMHCAS.jpg\" alt=\"\" width=\"180\" height=\"206\" srcset=\"https:\/\/cultura.umh.es\/files\/2019\/10\/Logo_TeatreUMHCAS.jpg 776w, https:\/\/cultura.umh.es\/files\/2019\/10\/Logo_TeatreUMHCAS-262x300.jpg 262w, https:\/\/cultura.umh.es\/files\/2019\/10\/Logo_TeatreUMHCAS-768x879.jpg 768w\" sizes=\"(max-width: 180px) 100vw, 180px\" \/><\/a>La <strong>Compa\u00f1\u00eda de Teatro UMH<\/strong> es el resultado de m\u00e1s de una d\u00e9cada representando a la Universidad Miguel Hern\u00e1ndez de Elche por los teatros, auditorios y casas de cultura de la provincia de Alicante, especialmente en los cuatro campus y haciendo algunas incursiones por el resto del pa\u00eds.<\/p>\n<p>Ad\u00e1n Rodr\u00edguez y Toni Ferri la dirigen en la actualidad, ense\u00f1ando y compartiendo el amor por el teatro a la comunidad universitaria donde ambos imparten sus conocimientos desde hace a\u00f1os. El alumnado aprende, a trav\u00e9s del teatro, a desarrollar sus capacidades y habilidades de comunicaci\u00f3n como parte de su formaci\u00f3n universitaria.<\/p>\n<p>La UMH ampl\u00eda su oferta cultural con los proyectos que comparten cada curso, como parte de las acciones del Vicerrectorado de Cultura, Igualdad y Diversidad.<br \/>\nDurante el curso acad\u00e9mico tendr\u00e1n lugar los ensayos donde la compa\u00f1\u00eda se prepara para ofrecer diferentes representaciones.<br \/>\n<strong>Estas actividades son gratuitas y est\u00e1n organizadas por el Vicerrectorado de Cultura,<b> Igualdad y Diversidad.<\/b><br \/>\n<\/strong>Para cualquier duda o informaci\u00f3n, escribir un email a <u><a href=\"mailto:cultura@umh.es\">cultura@umh.es<\/a><\/u><\/p>","protected":false},"excerpt":{"rendered":"<p>Ir a los eventos de la Compa\u00f1\u00eda de Teatro UMH<\/p>\n<p>Cursos de teatro<br \/>\nTodas las inscripciones acaban el d\u00eda anterior del comienzo de cada curso.<br \/>\nImprovisaci\u00f3n teatral. Un arte para la vida&nbsp;<\/p>\n<p>Improvisaci\u00f3n teatral en el campus de Sant Joan d&#8217;Alacant, del 3 al 24 de noviembre 2025<br \/>\nImprovisaci\u00f3n teatral en el campus de Altea, del 6 al 27 de [&#8230;]<\/p>\n","protected":false},"author":3564,"featured_media":0,"parent":12401,"menu_order":3,"comment_status":"closed","ping_status":"closed","template":"","meta":{"ngg_post_thumbnail":0,"_links_to":"","_links_to_target":""},"_links":{"self":[{"href":"https:\/\/cultura.umh.es\/es\/wp-json\/wp\/v2\/pages\/4553"}],"collection":[{"href":"https:\/\/cultura.umh.es\/es\/wp-json\/wp\/v2\/pages"}],"about":[{"href":"https:\/\/cultura.umh.es\/es\/wp-json\/wp\/v2\/types\/page"}],"author":[{"embeddable":true,"href":"https:\/\/cultura.umh.es\/es\/wp-json\/wp\/v2\/users\/3564"}],"replies":[{"embeddable":true,"href":"https:\/\/cultura.umh.es\/es\/wp-json\/wp\/v2\/comments?post=4553"}],"version-history":[{"count":0,"href":"https:\/\/cultura.umh.es\/es\/wp-json\/wp\/v2\/pages\/4553\/revisions"}],"up":[{"embeddable":true,"href":"https:\/\/cultura.umh.es\/es\/wp-json\/wp\/v2\/pages\/12401"}],"wp:attachment":[{"href":"https:\/\/cultura.umh.es\/es\/wp-json\/wp\/v2\/media?parent=4553"}],"curies":[{"name":"wp","href":"https:\/\/api.w.org\/{rel}","templated":true}]}}