{"id":4552,"date":"2016-11-18T14:32:21","date_gmt":"2016-11-18T13:32:21","guid":{"rendered":"http:\/\/cultura.umh.es\/?page_id=4552"},"modified":"2025-06-17T12:03:28","modified_gmt":"2025-06-17T10:03:28","slug":"festival-teatre-alcudia","status":"publish","type":"page","link":"https:\/\/cultura.umh.es\/es\/arts-visuals-i-esceniques-2\/cursos-darts-esceniques\/festival-teatre-alcudia\/","title":{"rendered":"Festival de Teatro Cl\u00e1sico de La Alcudia"},"content":{"rendered":"<p><strong><a href=\"https:\/\/cultura.umh.es\/files\/2025\/06\/imagen_TeatroAlcudia.png\"><img loading=\"lazy\" class=\"size-full wp-image-14515 alignleft\" src=\"https:\/\/cultura.umh.es\/files\/2025\/06\/imagen_TeatroAlcudia.png\" alt=\"Logo del Festival de Teatre cl\u00e0ssic de l'Alc\u00fadia\" width=\"225\" height=\"236\"><\/a> XIII Edici\u00f3n del Festival de Teatro Cl\u00e1sico de La Alcudia<\/strong><\/p>\n<p>La Universidad de Alicante pone en marcha la duod\u00e9cima edici\u00f3n del Festival de Teatro Cl\u00e1sico de La Alcudia, que se celebrar\u00e1 del 9 al 18 de julio de 2024 en el yacimiento arqueol\u00f3gico de la Alcudia, Elche.<\/p>\n<p>El Festival, organizado por la Universidad de Alicante y la Fundaci\u00f3n Universitaria La Alcudia de Investigaci\u00f3n Arqueol\u00f3gica, incluye 6 representaciones teatrales al aire libre, tres en el bloque de Teatro de la Ense\u00f1anza y tres en el de Teatro Profesional, todas ellas alrededor de mitos y leyendas de la tradici\u00f3n grecolatina, desde visiones tanto cl\u00e1sicas como contempor\u00e1neas.<\/p>\n<p>La Compa\u00f1\u00eda de Teatro UMH representar\u00e1 en el XII Festival de Teatro Cl\u00e1sico de L\u2019Alc\u00fadia la obra&nbsp;<strong><em>Otelo<\/em><\/strong>,&nbsp;de William Shakespeare. Esta pieza es una adaptaci\u00f3n dram\u00e1tica dirigida por Ad\u00e1n Rodr\u00edguez.<\/p>\n<p>El evento ser\u00e1 el jueves&nbsp;<strong>10 de julio de 2025<\/strong> a las 22.00 horas en el Parque Arqueol\u00f3gico de La Alcudia de Elche.<\/p>\n<ul>\n<li><a href=\"https:\/\/veu.ua.es\/va\/noticies\/2025\/5\/xiii-festival-de-teatre-classic-de-l-alcudia.html\" target=\"_blank\" rel=\"noopener\">Ir a la p\u00e1gina del Festival de Teatro Cl\u00e1sico de La Alcudia<\/a><\/li>\n<li><a href=\"https:\/\/cultura.umh.es\/es\/tag\/teatro-umh\/\">Ver todas las representaciones teatrales de la Compa\u00f1\u00eda de Teatro UMH<\/a><\/li>\n<\/ul>\n<p>&nbsp;<\/p>\n<div id=\"marco-contenido\">\n<div id=\"cuerpo\">\n<div class=\"contenedor\">\n<p>&nbsp;<\/p>\n<\/div>\n<\/div>\n<\/div>\n<p><\/p>","protected":false},"excerpt":{"rendered":"<p> XIII Edici\u00f3n del Festival de Teatro Cl\u00e1sico de La Alcudia<br \/>\nLa Universidad de Alicante pone en marcha la duod\u00e9cima edici\u00f3n del Festival de Teatro Cl\u00e1sico de La Alcudia, que se celebrar\u00e1 del 9 al 18 de julio de 2024 en el yacimiento arqueol\u00f3gico de la Alcudia, Elche.<br \/>\nEl Festival, organizado por la Universidad de Alicante y [&#8230;]<\/p>\n","protected":false},"author":3564,"featured_media":0,"parent":4553,"menu_order":5,"comment_status":"closed","ping_status":"closed","template":"","meta":{"ngg_post_thumbnail":0,"_links_to":"","_links_to_target":""},"_links":{"self":[{"href":"https:\/\/cultura.umh.es\/es\/wp-json\/wp\/v2\/pages\/4552"}],"collection":[{"href":"https:\/\/cultura.umh.es\/es\/wp-json\/wp\/v2\/pages"}],"about":[{"href":"https:\/\/cultura.umh.es\/es\/wp-json\/wp\/v2\/types\/page"}],"author":[{"embeddable":true,"href":"https:\/\/cultura.umh.es\/es\/wp-json\/wp\/v2\/users\/3564"}],"replies":[{"embeddable":true,"href":"https:\/\/cultura.umh.es\/es\/wp-json\/wp\/v2\/comments?post=4552"}],"version-history":[{"count":0,"href":"https:\/\/cultura.umh.es\/es\/wp-json\/wp\/v2\/pages\/4552\/revisions"}],"up":[{"embeddable":true,"href":"https:\/\/cultura.umh.es\/es\/wp-json\/wp\/v2\/pages\/4553"}],"wp:attachment":[{"href":"https:\/\/cultura.umh.es\/es\/wp-json\/wp\/v2\/media?parent=4552"}],"curies":[{"name":"wp","href":"https:\/\/api.w.org\/{rel}","templated":true}]}}