{"id":4551,"date":"2016-11-18T14:31:12","date_gmt":"2016-11-18T13:31:12","guid":{"rendered":"http:\/\/cultura.umh.es\/?page_id=4551"},"modified":"2022-01-31T14:32:13","modified_gmt":"2022-01-31T13:32:13","slug":"festival-teatre-oscar-martin","status":"publish","type":"page","link":"https:\/\/cultura.umh.es\/es\/teatre2\/festival-teatre-oscar-martin\/","title":{"rendered":"Muestra teatro \u00d3scar Mart\u00edn"},"content":{"rendered":"<p>Pendiente de programaci\u00f3n.<\/p>","protected":false},"excerpt":{"rendered":"<p>Pendiente de programaci\u00f3n.<\/p>\n","protected":false},"author":3564,"featured_media":0,"parent":4171,"menu_order":4,"comment_status":"closed","ping_status":"closed","template":"","meta":{"ngg_post_thumbnail":0,"_links_to":"","_links_to_target":""},"_links":{"self":[{"href":"https:\/\/cultura.umh.es\/es\/wp-json\/wp\/v2\/pages\/4551"}],"collection":[{"href":"https:\/\/cultura.umh.es\/es\/wp-json\/wp\/v2\/pages"}],"about":[{"href":"https:\/\/cultura.umh.es\/es\/wp-json\/wp\/v2\/types\/page"}],"author":[{"embeddable":true,"href":"https:\/\/cultura.umh.es\/es\/wp-json\/wp\/v2\/users\/3564"}],"replies":[{"embeddable":true,"href":"https:\/\/cultura.umh.es\/es\/wp-json\/wp\/v2\/comments?post=4551"}],"version-history":[{"count":0,"href":"https:\/\/cultura.umh.es\/es\/wp-json\/wp\/v2\/pages\/4551\/revisions"}],"up":[{"embeddable":true,"href":"https:\/\/cultura.umh.es\/es\/wp-json\/wp\/v2\/pages\/4171"}],"wp:attachment":[{"href":"https:\/\/cultura.umh.es\/es\/wp-json\/wp\/v2\/media?parent=4551"}],"curies":[{"name":"wp","href":"https:\/\/api.w.org\/{rel}","templated":true}]}}