{"id":4543,"date":"2016-11-18T14:06:31","date_gmt":"2016-11-18T13:06:31","guid":{"rendered":"http:\/\/cultura.umh.es\/?page_id=4543"},"modified":"2022-06-20T12:37:59","modified_gmt":"2022-06-20T10:37:59","slug":"premi-sambori","status":"publish","type":"page","link":"https:\/\/cultura.umh.es\/es\/literatura\/promocio-literaria\/premi-sambori\/","title":{"rendered":"Premio Sambori"},"content":{"rendered":"<p><\/p>\n<h3><strong><a href=\"https:\/\/cultura.umh.es\/files\/2022\/02\/Cartell_sambori_2022.jpg\"><img loading=\"lazy\" class=\"size-medium wp-image-10960 alignleft\" src=\"https:\/\/cultura.umh.es\/files\/2022\/02\/Cartell_sambori_2022-213x300.jpg\" alt=\"Cartell Premi Sambori\" width=\"213\" height=\"300\" srcset=\"https:\/\/cultura.umh.es\/files\/2022\/02\/Cartell_sambori_2022-213x300.jpg 213w, https:\/\/cultura.umh.es\/files\/2022\/02\/Cartell_sambori_2022-727x1024.jpg 727w, https:\/\/cultura.umh.es\/files\/2022\/02\/Cartell_sambori_2022-768x1082.jpg 768w, https:\/\/cultura.umh.es\/files\/2022\/02\/Cartell_sambori_2022-1091x1536.jpg 1091w, https:\/\/cultura.umh.es\/files\/2022\/02\/Cartell_sambori_2022.jpg 1278w\" sizes=\"(max-width: 213px) 100vw, 213px\" \/><\/a>24\u00ba Concurso Universitario de Narrativa Corta en Valenciano PREMIO SAMBORI 2022<\/strong><\/h3>\n<p>La <strong>Fundaci\u00f3n Sambori<\/strong>, con la colaboraci\u00f3n de la Universitat de Val\u00e8ncia, la Universitat Polit\u00e8cnica de Val\u00e8ncia, la Universidad de Alicante, la Universitat Jaume I i la Universidad Miguel Hern\u00e1ndez, convoca el <strong>24\u00ba Concurso Universitario de Narrativa Corta en Valenciano PREMIO SAMBORI 2022<\/strong>, dirigido al alumnado de Infantil, Primaria, Secundaria, FP B\u00e1sica, Bachillerato y Ciclos Formativos, Formaci\u00f3n de Personas Adultas y Escuelas Oficiales de Idiomas (EOI) y del alumnado con Necesidades Espec\u00edficas de Soporte Educativo.<\/p>\n<ul>\n<li><a href=\"http:\/\/www.sambori.net\/sambori_pais_2022\/\" target=\"_blank\" rel=\"noopener\">Ir a las bases del Premi Sambori 2022<\/a><\/li>\n<li><a href=\"https:\/\/www.sambori.net\/\">Ir a la p\u00e1gina web de Sambori<\/a><\/li>\n<\/ul>\n<p><\/p>","protected":false},"excerpt":{"rendered":"<p>24\u00ba Concurso Universitario de Narrativa Corta en Valenciano PREMIO SAMBORI 2022<br \/>\nLa Fundaci\u00f3n Sambori, con la colaboraci\u00f3n de la Universitat de Val\u00e8ncia, la Universitat Polit\u00e8cnica de Val\u00e8ncia, la Universidad de Alicante, la Universitat Jaume I i la Universidad Miguel Hern\u00e1ndez, convoca el 24\u00ba Concurso Universitario de Narrativa Corta en Valenciano PREMIO SAMBORI 2022, dirigido al alumnado [&#8230;]<\/p>\n","protected":false},"author":3564,"featured_media":0,"parent":4541,"menu_order":0,"comment_status":"closed","ping_status":"closed","template":"","meta":{"ngg_post_thumbnail":0,"_links_to":"","_links_to_target":""},"_links":{"self":[{"href":"https:\/\/cultura.umh.es\/es\/wp-json\/wp\/v2\/pages\/4543"}],"collection":[{"href":"https:\/\/cultura.umh.es\/es\/wp-json\/wp\/v2\/pages"}],"about":[{"href":"https:\/\/cultura.umh.es\/es\/wp-json\/wp\/v2\/types\/page"}],"author":[{"embeddable":true,"href":"https:\/\/cultura.umh.es\/es\/wp-json\/wp\/v2\/users\/3564"}],"replies":[{"embeddable":true,"href":"https:\/\/cultura.umh.es\/es\/wp-json\/wp\/v2\/comments?post=4543"}],"version-history":[{"count":0,"href":"https:\/\/cultura.umh.es\/es\/wp-json\/wp\/v2\/pages\/4543\/revisions"}],"up":[{"embeddable":true,"href":"https:\/\/cultura.umh.es\/es\/wp-json\/wp\/v2\/pages\/4541"}],"wp:attachment":[{"href":"https:\/\/cultura.umh.es\/es\/wp-json\/wp\/v2\/media?parent=4543"}],"curies":[{"name":"wp","href":"https:\/\/api.w.org\/{rel}","templated":true}]}}