{"id":4542,"date":"2016-11-18T14:05:39","date_gmt":"2016-11-18T13:05:39","guid":{"rendered":"http:\/\/cultura.umh.es\/?page_id=4542"},"modified":"2026-03-23T11:58:04","modified_gmt":"2026-03-23T10:58:04","slug":"premi-atzavares","status":"publish","type":"page","link":"https:\/\/cultura.umh.es\/es\/convocatorias\/premi-atzavares\/","title":{"rendered":"Premio de relato corto Atzavares"},"content":{"rendered":"<p><a href=\"https:\/\/cultura.umh.es\/files\/2021\/04\/Atzavares.jpg\"><img loading=\"lazy\" class=\"alignnone wp-image-10247 size-medium\" src=\"https:\/\/cultura.umh.es\/files\/2021\/04\/Atzavares-300x183.jpg\" alt=\"\" width=\"300\" height=\"183\" srcset=\"https:\/\/cultura.umh.es\/files\/2021\/04\/Atzavares-300x183.jpg 300w, https:\/\/cultura.umh.es\/files\/2021\/04\/Atzavares.jpg 369w\" sizes=\"(max-width: 300px) 100vw, 300px\" \/><\/a><\/p>\n<h3 align=\"LEFT\"><strong>Convocatoria XXI del Premio de Relato Corto Atzavares 2026 y el II Premio Atzavares al mejor relato corto en valenciano<\/strong><\/h3>\n<p>Con el objeto de fomentar e incentivar el gusto por la escritura y la literatura en general, as\u00ed como en lengua valenciana.<\/p>\n<p>Requisitos para participar: Pertenecer a las comunidades universitarias de las universidades que as\u00ed lo deseen: PAS, PDI, estudiantado y <a href=\"https:\/\/alumni.umh.es\/\" target=\"_blank\" rel=\"noopener\"><em>alumni<\/em> <\/a>(personas tituladas).<\/p>\n<p><strong>Premios:<\/strong><\/p>\n<ul>\n<li>Premio al mejor relato en corto en valenciano: 500 euros<\/li>\n<\/ul>\n<ol>\n<li>Primer premio: 500 euros<\/li>\n<li>Segundo premio: 350 euros<\/li>\n<li>Tercer Premio: 200 euros<\/li>\n<\/ol>\n<p>Convocatoria:<\/p>\n<ul>\n<li><a href=\"https:\/\/boumh.umh.es\/files\/2026\/02\/RR_00451_2026.pdf\" target=\"_blank\" rel=\"noopener\">Descargar la convocatoria BOUMH (PDF)<\/a><\/li>\n<li><a href=\"https:\/\/dogv.gva.es\/datos\/2026\/02\/25\/pdf\/2026_5888_es.pdf\">Descargar la convocatoria DOGV (PDF)<\/a>\n<ul>\n<li>El plazo de presentaci\u00f3n de solicitudes ser\u00e1 de un mes a partir del d\u00eda siguiente de la fecha de publicaci\u00f3n del extracto de esta convocatoria en el Diari Oficial de la Generalitat Valenciana (DOGV).<br \/>\nFecha de publicaci\u00f3n: 25\/02\/2026<br \/>\nInicio del plazo: 26\/02\/2026<br \/>\nFin del plazo: 25\/03\/2026<\/li>\n<\/ul>\n<\/li>\n<\/ul>\n<hr>\n<ul>\n<li><a href=\"https:\/\/cultura.umh.es\/es\/publicacions-2\/col%c2%b7leccio-atzavares\/\">Ir a la Colecci\u00f3n Atzavares<\/a><\/li>\n<\/ul>\n<p>&nbsp;<\/p>","protected":false},"excerpt":{"rendered":"<p>Convocatoria XXI del Premio de Relato Corto Atzavares 2026 y el II Premio Atzavares al mejor relato corto en valenciano<br \/>\nCon el objeto de fomentar e incentivar el gusto por la escritura y la literatura en general, as\u00ed como en lengua valenciana.<br \/>\nRequisitos para participar: Pertenecer a las comunidades universitarias de las universidades que as\u00ed lo deseen: [&#8230;]<\/p>\n","protected":false},"author":3564,"featured_media":0,"parent":3308,"menu_order":6,"comment_status":"closed","ping_status":"closed","template":"","meta":{"ngg_post_thumbnail":0,"_links_to":"","_links_to_target":""},"_links":{"self":[{"href":"https:\/\/cultura.umh.es\/es\/wp-json\/wp\/v2\/pages\/4542"}],"collection":[{"href":"https:\/\/cultura.umh.es\/es\/wp-json\/wp\/v2\/pages"}],"about":[{"href":"https:\/\/cultura.umh.es\/es\/wp-json\/wp\/v2\/types\/page"}],"author":[{"embeddable":true,"href":"https:\/\/cultura.umh.es\/es\/wp-json\/wp\/v2\/users\/3564"}],"replies":[{"embeddable":true,"href":"https:\/\/cultura.umh.es\/es\/wp-json\/wp\/v2\/comments?post=4542"}],"version-history":[{"count":0,"href":"https:\/\/cultura.umh.es\/es\/wp-json\/wp\/v2\/pages\/4542\/revisions"}],"up":[{"embeddable":true,"href":"https:\/\/cultura.umh.es\/es\/wp-json\/wp\/v2\/pages\/3308"}],"wp:attachment":[{"href":"https:\/\/cultura.umh.es\/es\/wp-json\/wp\/v2\/media?parent=4542"}],"curies":[{"name":"wp","href":"https:\/\/api.w.org\/{rel}","templated":true}]}}