{"id":4180,"date":"2016-07-17T14:11:50","date_gmt":"2016-07-17T12:11:50","guid":{"rendered":"http:\/\/cultura.umh.es\/?page_id=4180"},"modified":"2026-02-25T12:03:57","modified_gmt":"2026-02-25T11:03:57","slug":"https-llengues-umh-es-proves-dacreditacio-de-valencia-cieacova","status":"publish","type":"page","link":"https:\/\/cultura.umh.es\/es\/https-llengues-umh-es-proves-dacreditacio-de-valencia-cieacova\/","title":{"rendered":"Oficina de Lleng\u00fces"},"content":{"rendered":"<p>El <em><strong>Servei de Lleng\u00fces<\/strong><\/em> impulsa el uso del valenciano en la Universidad Miguel Hern\u00e1ndez de Elche de acuerdo con la pol\u00edtica ling\u00fc\u00edstica de los \u00f3rganos de gobierno. Se encarga de potenciar el conocimiento y el uso de la lengua propia de la Comunidad Valenciana con la finalidad de reforzar su consolidaci\u00f3n y plena normalizaci\u00f3n en la comunidad universitaria y la sociedad en general.<br \/>\n<a href=\"https:\/\/llengues.umh.es\/\" target=\"_blank\" rel=\"noopener noreferrer\"><br \/>\n<\/a>La <em>Oficina de Lleng\u00fces<\/em> de la UMH depende, funcionalmente, del Vicerrectorado de Cultura, Igualdad y Diversidad, el cual da soporte en la pol\u00edtica ling\u00fc\u00edstica i promoci\u00f3n del valenciano.<\/p>\n<p><a href=\"https:\/\/llengues.umh.es\/\">Visita la web: Oficina de Lleng\u00fces UMH<\/a><\/p>","protected":false},"excerpt":{"rendered":"<p>El Servei de Lleng\u00fces impulsa el uso del valenciano en la Universidad Miguel Hern\u00e1ndez de Elche de acuerdo con la pol\u00edtica ling\u00fc\u00edstica de los \u00f3rganos de gobierno. Se encarga de potenciar el conocimiento y el uso de la lengua propia de la Comunidad Valenciana con la finalidad de reforzar su consolidaci\u00f3n y plena normalizaci\u00f3n en [&#8230;]<\/p>\n","protected":false},"author":3564,"featured_media":0,"parent":0,"menu_order":10,"comment_status":"closed","ping_status":"closed","template":"","meta":{"ngg_post_thumbnail":0,"_links_to":"","_links_to_target":""},"_links":{"self":[{"href":"https:\/\/cultura.umh.es\/es\/wp-json\/wp\/v2\/pages\/4180"}],"collection":[{"href":"https:\/\/cultura.umh.es\/es\/wp-json\/wp\/v2\/pages"}],"about":[{"href":"https:\/\/cultura.umh.es\/es\/wp-json\/wp\/v2\/types\/page"}],"author":[{"embeddable":true,"href":"https:\/\/cultura.umh.es\/es\/wp-json\/wp\/v2\/users\/3564"}],"replies":[{"embeddable":true,"href":"https:\/\/cultura.umh.es\/es\/wp-json\/wp\/v2\/comments?post=4180"}],"version-history":[{"count":0,"href":"https:\/\/cultura.umh.es\/es\/wp-json\/wp\/v2\/pages\/4180\/revisions"}],"wp:attachment":[{"href":"https:\/\/cultura.umh.es\/es\/wp-json\/wp\/v2\/media?parent=4180"}],"curies":[{"name":"wp","href":"https:\/\/api.w.org\/{rel}","templated":true}]}}