{"id":3304,"date":"2015-09-23T21:38:13","date_gmt":"2015-09-23T19:38:13","guid":{"rendered":"http:\/\/cultura.umh.es\/?page_id=3304"},"modified":"2025-05-28T11:50:07","modified_gmt":"2025-05-28T09:50:07","slug":"pneuma","status":"publish","type":"page","link":"https:\/\/cultura.umh.es\/es\/arts-visuals-i-esceniques-2\/pneuma\/","title":{"rendered":"Ensemble Vocal Pneuma UMH (coro)"},"content":{"rendered":"<p><a href=\"https:\/\/cultura.umh.es\/files\/2019\/10\/Logo_Pneuma.png\"><img loading=\"lazy\" class=\"alignnone size-medium wp-image-8924\" src=\"https:\/\/cultura.umh.es\/files\/2019\/10\/Logo_Pneuma-300x84.png\" alt=\"Logo de l'Ensemble Vocal Pneuma UMH\" width=\"300\" height=\"84\" srcset=\"https:\/\/cultura.umh.es\/files\/2019\/10\/Logo_Pneuma-300x84.png 300w, https:\/\/cultura.umh.es\/files\/2019\/10\/Logo_Pneuma-768x216.png 768w, https:\/\/cultura.umh.es\/files\/2019\/10\/Logo_Pneuma-1024x288.png 1024w, https:\/\/cultura.umh.es\/files\/2019\/10\/Logo_Pneuma.png 1283w\" sizes=\"(max-width: 300px) 100vw, 300px\" \/><\/a><\/p>\n<ul>\n<li><a href=\"https:\/\/cultura.umh.es\/es\/tag\/pneuma\/\">Ir a los eventos del Ensemble Vocal Pneuma UMH<\/a><\/li>\n<\/ul>\n<p>&nbsp;<\/p>\n<hr>\n<p>Durante el curso acad\u00e9mico tendr\u00e1n lugar los ensayos en el campus de Elche, donde el coro se prepara para ofrecer diferentes conciertos.<\/p>\n<p>Si te gustar\u00eda participar, escr\u00edbenos a <a href=\"mailto:cultura@umh.es\" target=\"_blank\" rel=\"noopener\">cultura@umh.es<\/a><\/p>\n<p><em>La actividad del <strong>Ensemble Vocal Pneuma UMH<\/strong> se basa en la pr\u00e1ctica musical desde el punto de vista vocal como actividad colectiva que implica una relaci\u00f3n social y una colaboraci\u00f3n de todos los miembros que lo integran.<\/em> <em>Dado el car\u00e1cter grupal del canto coral, su pr\u00e1ctica se erige como emblem\u00e1tica de la participaci\u00f3n social de la m\u00fasica.<\/em><\/p>\n<p><em>La experiencia coral aporta a los integrantes del coro el cultivo de la memoria musical y la interiorizaci\u00f3n del propio hecho sonoro, sobre todo en la interpretaci\u00f3n de las obras polif\u00f3nicas que les aporta una riqueza cultural y una nueva visi\u00f3n de un mundo real y a la vez inmaterial, de dimensiones dif\u00edcilmente alcanzables con otras actividades, puesto que el material con el que se trabaja (el sonido) es intangible.<\/em><\/p>\n<p><em>La formaci\u00f3n vocal que se deriva de trabajar en un coro va acompa\u00f1ada siempre del contraste de la propia voz con la de los dem\u00e1s, lo que permite y facilita la observaci\u00f3n de los distintos timbres y su posterior comprensi\u00f3n. La pr\u00e1ctica coral potencia la motivaci\u00f3n por la constancia del grupo en la b\u00fasqueda de la perfecci\u00f3n en la interpretaci\u00f3n.<\/em><\/p>\n<p><em>Cantar es una de las actividades y experiencias m\u00e1s placenteras que puede realizar el ser humano. El cantar tiene efectos directos positivos con la mejora del rendimiento de nuestra mente y con el bienestar subjetivo en la persona que lo realiza. Hace que segreguemos endorfinas, la hormona que produce una sensaci\u00f3n de bienestar y felicidad.<\/em> <em>Sirve para descargar tensiones, se ejercitan los m\u00fasculos responsables de la modulaci\u00f3n del canto y hace que nos sintamos satisfechos y relajados como al haber realizado ejercicio f\u00edsico.<\/em><\/p>\n<p><em>Mejora la respuesta inmunol\u00f3gica, puesto que reduce el estr\u00e9s. Tambi\u00e9n ayuda a mejorar la respiraci\u00f3n, al convertir el canto en h\u00e1bito vamos aprendiendo nuevas y beneficiosas formas de mover los m\u00fasculos que intervienen en la respiraci\u00f3n, especialmente el diafragma.<\/em><\/p>\n<p><em>Mejora nuestro sistema cardiovascular. Si cantamos durante varios minutos con asiduidad, estaremos realizando un ejercicio ligero pero f\u00e1cil de realizar. Ayuda a mejorar la postura corporal y tonifica la musculatura del vientre.<\/em> <em>Actualmente existen estudios que relacionan el canto con la prevenci\u00f3n de la aparici\u00f3n de los s\u00edntomas de la demencia que aparece con la edad. Ayuda a practicar la memoria desarroll\u00e1ndola de forma eficaz.<\/em> <em>Tambi\u00e9n limpia las v\u00edas respiratorias al hacer que pase el aire en distintos niveles de presi\u00f3n, evitando que se acumulen bacterias nocivas. <\/em><\/p>\n<p><em>Cantar en coro es una de las formas de relaci\u00f3n humana m\u00e1s sanas que se pueden practicar, puesto que los intereses individuales quedan por debajo del bien com\u00fan. Todos tienen que trabajar por el mismo objetivo (conseguir la mejor de las interpretaciones) adaptando su voz a la de los dem\u00e1s, empastando para conseguir una \u00fanica sonoridad y no una suma de individualidades (voces).<\/em><\/p>\n<p><em>El todo es cualitativamente superior a la suma de las partes.<\/em><\/p>\n<p>Carmen Montesinos Fortea<br \/>\nDirectora del Ensemble Vocal Pneuma UMH<\/p>","protected":false},"excerpt":{"rendered":"<p>Ir a los eventos del Ensemble Vocal Pneuma UMH<\/p>\n<p>&nbsp;<\/p>\n<p>Durante el curso acad\u00e9mico tendr\u00e1n lugar los ensayos en el campus de Elche, donde el coro se prepara para ofrecer diferentes conciertos.<br \/>\nSi te gustar\u00eda participar, escr\u00edbenos a cultura@umh.es<br \/>\nLa actividad del Ensemble Vocal Pneuma UMH se basa en la pr\u00e1ctica musical desde el punto de vista vocal como [&#8230;]<\/p>\n","protected":false},"author":202,"featured_media":5326,"parent":12401,"menu_order":4,"comment_status":"closed","ping_status":"closed","template":"","meta":{"ngg_post_thumbnail":0,"_links_to":"","_links_to_target":""},"_links":{"self":[{"href":"https:\/\/cultura.umh.es\/es\/wp-json\/wp\/v2\/pages\/3304"}],"collection":[{"href":"https:\/\/cultura.umh.es\/es\/wp-json\/wp\/v2\/pages"}],"about":[{"href":"https:\/\/cultura.umh.es\/es\/wp-json\/wp\/v2\/types\/page"}],"author":[{"embeddable":true,"href":"https:\/\/cultura.umh.es\/es\/wp-json\/wp\/v2\/users\/202"}],"replies":[{"embeddable":true,"href":"https:\/\/cultura.umh.es\/es\/wp-json\/wp\/v2\/comments?post=3304"}],"version-history":[{"count":0,"href":"https:\/\/cultura.umh.es\/es\/wp-json\/wp\/v2\/pages\/3304\/revisions"}],"up":[{"embeddable":true,"href":"https:\/\/cultura.umh.es\/es\/wp-json\/wp\/v2\/pages\/12401"}],"wp:featuredmedia":[{"embeddable":true,"href":"https:\/\/cultura.umh.es\/es\/wp-json\/wp\/v2\/media\/5326"}],"wp:attachment":[{"href":"https:\/\/cultura.umh.es\/es\/wp-json\/wp\/v2\/media?parent=3304"}],"curies":[{"name":"wp","href":"https:\/\/api.w.org\/{rel}","templated":true}]}}