{"id":1626,"date":"2013-10-03T14:01:15","date_gmt":"2013-10-03T12:01:15","guid":{"rendered":"http:\/\/cultura.umh.es\/?page_id=1626"},"modified":"2025-11-11T14:40:08","modified_gmt":"2025-11-11T13:40:08","slug":"cursosdhivern","status":"publish","type":"page","link":"https:\/\/cultura.umh.es\/es\/cursos\/cursosdhivern\/","title":{"rendered":"Cursos de Invierno"},"content":{"rendered":"<p><\/p>\n<h3><a href=\"https:\/\/cultura.umh.es\/files\/2024\/10\/CursosDeInviernoUMH_bannerCAS.png\"><img loading=\"lazy\" class=\"alignnone size-medium wp-image-13460\" src=\"https:\/\/cultura.umh.es\/files\/2024\/10\/CursosDeInviernoUMH_bannerCAS-300x187.png\" alt=\"Banner de los Cursos de Invierno UMH\" width=\"300\" height=\"187\" srcset=\"https:\/\/cultura.umh.es\/files\/2024\/10\/CursosDeInviernoUMH_bannerCAS-300x187.png 300w, https:\/\/cultura.umh.es\/files\/2024\/10\/CursosDeInviernoUMH_bannerCAS.png 372w\" sizes=\"(max-width: 300px) 100vw, 300px\" \/><\/a><\/h3>\n<h3><strong>XIV edici\u00f3n de Cursos de Invierno UMH 2025\/2026<\/strong><\/h3>\n<p>El programa de <strong>Cursos de Invierno UMH 2025-2026<\/strong> se publicara en esta web a partir del d\u00eda <strong>30 de octubre de 2025<\/strong> y como cada a\u00f1o ofrecer\u00e1 ense\u00f1anzas multidisciplinares en las distintas \u00e1reas de conocimiento que esperamos resulten de su inter\u00e9s. Cada curso podr\u00e1 ser convalidado por 1 cr\u00e9dito ECTS.<\/p>\n<ul>\n<li><a href=\"https:\/\/cultura.umh.es\/es\/cursos\/cursosdhivern\/programa-cursos-dhivern-umh\/\">Ver oferta de Cursos de Invierno UMH<\/a><\/li>\n<li><a href=\"https:\/\/cultura.umh.es\/es\/cursosdhivern\/preguntes-frequents-cursos-dhivern-umh\/\">Acceder a preguntas frecuentes<\/a><\/li>\n<\/ul>\n<p>Los Cursos de Invierno de la UMH es otra de las ofertas formativas impartidas en la Universidad Miguel Hern\u00e1ndez.<\/p>\n<p>Por su tem\u00e1tica y contenidos, estos cursos son complementarios de las disciplinas universitarias ofreciendo perspectivas que no se abordan durante el curso acad\u00e9mico. Adem\u00e1s, se tienen en cuenta en su dise\u00f1o las necesidades formativas de las diferentes instituciones y organizaciones del sector p\u00fablico, del sector privado y de la sociedad civil que componen el tejido social en el que se encuentra inserta la UMH.<\/p>\n<p>Por ello, los cursos se dise\u00f1an para dar respuestas a dichas inquietudes y expectativas estando dirigidos a toda la comunidad universitaria y a la sociedad en general.<\/p>\n<p>Al finalizar cada curso, el estudiante recibir\u00e1 un diploma acreditativo de las horas cursadas para el reconocimiento de cr\u00e9ditos.<\/p>\n<p><strong>Certificaci\u00f3n y reconocimiento de cr\u00e9ditos de nuestras actividades<\/strong><\/p>\n<p>Algunas de nuestras actividades son susceptibles de certificaci\u00f3n. Los programas de las actividades de la Oficina de Cultura, Igualdad y Diversidad son aprobados por el Consejo de Gobierno de la Universidad y se someten a est\u00e1ndares de calidad. La UMH expide el certificado correspondiente a la actividad y en el mismo se reflejan los datos generales de la actividad, el programa, el profesorado y las competencias transversales desarrolladas con su realizaci\u00f3n.<\/p>\n<ul>\n<li><b>Para estudiantes UMH:<\/b> La emisi\u00f3n de los certificados se realiza en formato electr\u00f3nico a trav\u00e9s de la Sede electr\u00f3nica UMH, lo que facilita el acceso a los certificados los 365 d\u00edas del a\u00f1o en un formato \u00e1gil y c\u00f3modo y se incorpora al expediente junto al expediente de la formaci\u00f3n reglada.<\/li>\n<li><b>Para estudiantes de otras universidades:<\/b> Podr\u00e1s solicitar el reconocimiento de cr\u00e9ditos ECTS en tu Universidad de origen. En cuanto a universidades de fuera del territorio nacional se ajustar\u00e1 a lo dispuesto en su normativa.<\/li>\n<li><b>Concurrencia en convocatorias p\u00fablicas o en la empresa privada:<\/b> Estos certificados son susceptibles de puntuar como formaci\u00f3n continua, aunque esto depender\u00e1 de los criterios de baremaci\u00f3n de cada convocatoria.<\/li>\n<\/ul>\n<p>Los cursos podr\u00e1n ser incluidos en el expediente acad\u00e9mico de cada estudiante, previa solicitud, para ampliar y complementar la formaci\u00f3n, en aquellos casos que no se necesite convalidarlos por cr\u00e9ditos ECTS.<\/p>\n<p><strong>Normativa aplicable:<\/strong><\/p>\n<ul>\n<li><a href=\"https:\/\/boumh.umh.es\/files\/2025\/11\/bil-RCOGO-225.-Not.-acu.-cursos-de-invierno-vr.-Cultura-Igualdad-y-Diversidad-copia-autentica.pdf\">Acuerdo de aprobaci\u00f3n de la oferta de actividades de extensi\u00f3n universitaria de la Universidad Miguel Hern\u00e1ndez de Elche, Cursos de Invierno curso acad\u00e9mico 2025-2026.<\/a><\/li>\n<li><a href=\"https:\/\/drive.google.com\/file\/d\/1BUhpkugX9soT8xK-23-YaZHsoKSh1LIo\/view?usp=sharing\" target=\"_blank\" rel=\"noopener noreferrer\">Cat\u00e1logo de competencias transversales Cursos de Extensi\u00f3n Universitaria y Otras Actividades (Jornadas, Seminarios o Talleres)<\/a><\/li>\n<li><a href=\"https:\/\/cultura.umh.es\/files\/2020\/09\/Anexo-XXXVIII-Criterios-econ\u00f3micos.pdf\" target=\"_blank\" rel=\"noopener noreferrer\">Descargar Normativa Criterios Econ\u00f3micos de Cursos de invierno<\/a><\/li>\n<li><a href=\"https:\/\/cultura.umh.es\/files\/2020\/09\/Anexo-XXXVII-Normativa-de-cursos-de-extensi\u00f3n-universitaria-y-otras-actividades.pdf\" target=\"_blank\" rel=\"noopener noreferrer\">Descargar Normativa de Cursos de invierno<\/a><\/li>\n<li><a href=\"http:\/\/universite.umh.es\/_web_rw\/boumh\/docs\/4649_NORMATIVA%20TARJETA%20UMH%20SOLIDARIA.pdf\" target=\"_blank\" rel=\"noopener noreferrer\">Descargar Normativa Tarjeta solidaria<\/a>\n<ul>\n<li>La solicitud de la Tarjeta Solidaria&nbsp;en la oficina de Cultura, Igualdad y Diversidad ha de estar relacionada con las actividades incluidas en sus distintos programas tales como Cursos de verano, Cursos de invierno, cursos de valenciano y otras ofertadas desde el Vicerrectorado de Cultura, Igualdad y Diversidad.<\/li>\n<li>En caso de estar relacionada con actividades de deporte ha de dirigirse a la&nbsp;<a href=\"https:\/\/deportes.umh.es\/ca\/\">Oficina de Campus Saludables y Deportes<\/a>&nbsp;situada en el edificio El Clot<\/li>\n<li><strong>*Se comunica que la localizaci\u00f3n para realizar la gesti\u00f3n de forma presencial ha sido actualizada. Rogamos tengan en cuenta que la nueva direcci\u00f3n para personarse es la siguiente: Edificio La Valona de la Universidad Miguel Hern\u00e1ndez de Elche, y no la indicada previamente en el documento. Disculpen las molestias.<\/strong><\/li>\n<\/ul>\n<\/li>\n<li><a href=\"https:\/\/deportes.umh.es\/files\/2010\/05\/tarjeta-extensa-umh1.pdf\" target=\"_blank\" rel=\"noopener noreferrer\">Descargar Normativa Tarjeta extensa<\/a>\n<ul>\n<li>La solicitud de la Tarjeta Solidaria&nbsp;en la oficina de Cultura, Igualdad y Diversidad ha de estar relacionada con las actividades incluidas en sus distintos programas tales como Cursos de verano, Cursos de invierno, cursos de valenciano y otras ofertadas desde el Vicerrectorado de Cultura, Igualdad y Diversidad.<\/li>\n<li>En caso de estar relacionada con actividades de deporte ha de dirigirse a la&nbsp;<a href=\"https:\/\/deportes.umh.es\/ca\/\">Oficina de Campus Saludables y Deportes<\/a>&nbsp;situada en el edificio El Clot<\/li>\n<li><strong>*Se comunica que la localizaci\u00f3n para realizar la gesti\u00f3n de forma presencial ha sido actualizada. Rogamos tengan en cuenta que la nueva direcci\u00f3n para personarse es la siguiente: Edificio La Valona de la Universidad Miguel Hern\u00e1ndez de Elche, y no la indicada previamente en el documento. Disculpen las molestias.<\/strong><\/li>\n<\/ul>\n<\/li>\n<li><a href=\"https:\/\/boumh.umh.es\/files\/2023\/07\/Anexo-X-Normativa-Titulos-propios-y-actividades-de-formacion-continua.pdf\">Anexo X Normativa de T\u00edtulos propios y actividades de formaci\u00f3n continua<\/a><\/li>\n<li><a href=\"https:\/\/boumh.umh.es\/files\/2025\/06\/RR_01604_2025.pdf\">Convocatoria para la presentaci\u00f3n de propuestas de Cursos de Invierno UMH 2025\/2026<\/a><\/li>\n<\/ul>\n<p><strong>M\u00e1s informaci\u00f3n:<\/strong><\/p>\n<p>Email: <a href=\"mailto:cursosdeinvierno@umh.es\" target=\"_blank\" rel=\"noopener noreferrer\">cursosdeinvierno@umh.es<\/a><br \/>\nUniversidad Miguel Hern\u00e1ndez de Elche<br \/>\nEdificio H\u00e9like, Avda. de la Universidad s\/n<br \/>\n03202, Elche (Alicante)<\/p>\n<p><iframe loading=\"lazy\"  style=\"display: block; margin: 0px auto;\"  id=\"_ytid_12588\"  width=\"480\" height=\"270\"  data-origwidth=\"480\" data-origheight=\"270\" src=\"https:\/\/www.youtube.com\/embed\/95KANKfLk3k?enablejsapi=1&#038;autoplay=0&#038;cc_load_policy=0&#038;cc_lang_pref=&#038;iv_load_policy=1&#038;loop=0&#038;modestbranding=0&#038;rel=1&#038;fs=1&#038;playsinline=0&#038;autohide=2&#038;theme=dark&#038;color=red&#038;controls=1&#038;\" class=\"__youtube_prefs__  epyt-is-override  no-lazyload\" title=\"YouTube player\"  allow=\"accelerometer; autoplay; clipboard-write; encrypted-media; gyroscope; picture-in-picture\" allowfullscreen data-no-lazy=\"1\" data-skipgform_ajax_framebjll=\"\"><\/iframe><\/p>\n<p>Entitades organizadoras y colaboradoras:<\/p>\n<p>Universidad Miguel Hern\u00e1ndez; Oficina de Cultura, Igualdad y Diversidad UMH; C\u00e1tedra Pensamiento Cr\u00edtico Divina Pastora; Isabial, Instituto de investigaci\u00f3n sanitaria y biom\u00e9dica de Alicante y R\u00edo Safari de Elche.<\/p>\n<p>&nbsp;<\/p>\n<p><a href=\"https:\/\/cultura.umh.es\/files\/2025\/10\/CursosDeInviernoUMH_logosCAS-scaled.jpg\"><img loading=\"lazy\" class=\"alignnone wp-image-14890 size-large\" src=\"https:\/\/cultura.umh.es\/files\/2025\/10\/CursosDeInviernoUMH_logosCAS-1024x262.jpg\" alt=\"Logos de los organizadores de los Cursos de Invierno\" width=\"1024\" height=\"262\" srcset=\"https:\/\/cultura.umh.es\/files\/2025\/10\/CursosDeInviernoUMH_logosCAS-1024x262.jpg 1024w, https:\/\/cultura.umh.es\/files\/2025\/10\/CursosDeInviernoUMH_logosCAS-300x77.jpg 300w, https:\/\/cultura.umh.es\/files\/2025\/10\/CursosDeInviernoUMH_logosCAS-768x197.jpg 768w, https:\/\/cultura.umh.es\/files\/2025\/10\/CursosDeInviernoUMH_logosCAS-1536x393.jpg 1536w, https:\/\/cultura.umh.es\/files\/2025\/10\/CursosDeInviernoUMH_logosCAS-2048x524.jpg 2048w\" sizes=\"(max-width: 1024px) 100vw, 1024px\" \/><\/a><\/p>","protected":false},"excerpt":{"rendered":"<p>XIV edici\u00f3n de Cursos de Invierno UMH 2025\/2026<br \/>\nEl programa de Cursos de Invierno UMH 2025-2026 se publicara en esta web a partir del d\u00eda 30 de octubre de 2025 y como cada a\u00f1o ofrecer\u00e1 ense\u00f1anzas multidisciplinares en las distintas \u00e1reas de conocimiento que esperamos resulten de su inter\u00e9s. Cada curso podr\u00e1 ser convalidado por 1 [&#8230;]<\/p>\n","protected":false},"author":2722,"featured_media":0,"parent":13436,"menu_order":1,"comment_status":"closed","ping_status":"closed","template":"","meta":{"ngg_post_thumbnail":0,"_links_to":"","_links_to_target":""},"_links":{"self":[{"href":"https:\/\/cultura.umh.es\/es\/wp-json\/wp\/v2\/pages\/1626"}],"collection":[{"href":"https:\/\/cultura.umh.es\/es\/wp-json\/wp\/v2\/pages"}],"about":[{"href":"https:\/\/cultura.umh.es\/es\/wp-json\/wp\/v2\/types\/page"}],"author":[{"embeddable":true,"href":"https:\/\/cultura.umh.es\/es\/wp-json\/wp\/v2\/users\/2722"}],"replies":[{"embeddable":true,"href":"https:\/\/cultura.umh.es\/es\/wp-json\/wp\/v2\/comments?post=1626"}],"version-history":[{"count":0,"href":"https:\/\/cultura.umh.es\/es\/wp-json\/wp\/v2\/pages\/1626\/revisions"}],"up":[{"embeddable":true,"href":"https:\/\/cultura.umh.es\/es\/wp-json\/wp\/v2\/pages\/13436"}],"wp:attachment":[{"href":"https:\/\/cultura.umh.es\/es\/wp-json\/wp\/v2\/media?parent=1626"}],"curies":[{"name":"wp","href":"https:\/\/api.w.org\/{rel}","templated":true}]}}