{"id":15316,"date":"2026-02-25T12:24:09","date_gmt":"2026-02-25T11:24:09","guid":{"rendered":"https:\/\/cultura.umh.es\/?page_id=15316"},"modified":"2026-02-25T12:24:09","modified_gmt":"2026-02-25T11:24:09","slug":"atencio-a-la-discapacitat","status":"publish","type":"page","link":"https:\/\/cultura.umh.es\/es\/atencio-a-la-discapacitat\/","title":{"rendered":"Atenci\u00f3n a la Discapacidad"},"content":{"rendered":"<p>La Universidad Miguel Hern\u00e1ndez de Elche (UMH) tiene como uno de sus objetivos prioritarios el compromiso de garantizar la igualdad de oportunidades de nuestro estudiantado, adquiriendo especial relevancia en aquellas personas con discapacidad, apostando por su inclusi\u00f3n en todas las actividades y esferas de la vida universitaria.<\/p>\n<p>Los cambios actuales en la estructura de los estudios universitarios y las necesidades personales y sociales del estudiantado han generado nuevas demandas, y la UMH se ha hecho eco de \u00e9stas a trav\u00e9s de su Normativa para la Inclusi\u00f3n de las Personas con Discapacidad de la Universidad Miguel Hern\u00e1ndez, aprobada por el Consejo de Gobierno de 29 de mayo de 2020. Esta normativa sustituye a la Normativa para la Integraci\u00f3n de Personas con Discapacidad, aprobada por el Consejo de Gobierno de 7 de noviembre de 2007.<\/p>\n<p><a href=\"https:\/\/atenciondiscapacidad.umh.es\/\" target=\"_blank\" rel=\"noopener\">Ir a la p\u00e1gina de la Unidad de Apoyo a la Discapacidad<\/a><\/p>","protected":false},"excerpt":{"rendered":"<p>La Universidad Miguel Hern\u00e1ndez de Elche (UMH) tiene como uno de sus objetivos prioritarios el compromiso de garantizar la igualdad de oportunidades de nuestro estudiantado, adquiriendo especial relevancia en aquellas personas con discapacidad, apostando por su inclusi\u00f3n en todas las actividades y esferas de la vida universitaria.<br \/>\nLos cambios actuales en la estructura de los estudios [&#8230;]<\/p>\n","protected":false},"author":2954,"featured_media":0,"parent":0,"menu_order":9,"comment_status":"closed","ping_status":"closed","template":"","meta":{"ngg_post_thumbnail":0,"_links_to":"","_links_to_target":""},"_links":{"self":[{"href":"https:\/\/cultura.umh.es\/es\/wp-json\/wp\/v2\/pages\/15316"}],"collection":[{"href":"https:\/\/cultura.umh.es\/es\/wp-json\/wp\/v2\/pages"}],"about":[{"href":"https:\/\/cultura.umh.es\/es\/wp-json\/wp\/v2\/types\/page"}],"author":[{"embeddable":true,"href":"https:\/\/cultura.umh.es\/es\/wp-json\/wp\/v2\/users\/2954"}],"replies":[{"embeddable":true,"href":"https:\/\/cultura.umh.es\/es\/wp-json\/wp\/v2\/comments?post=15316"}],"version-history":[{"count":0,"href":"https:\/\/cultura.umh.es\/es\/wp-json\/wp\/v2\/pages\/15316\/revisions"}],"wp:attachment":[{"href":"https:\/\/cultura.umh.es\/es\/wp-json\/wp\/v2\/media?parent=15316"}],"curies":[{"name":"wp","href":"https:\/\/api.w.org\/{rel}","templated":true}]}}