{"id":15313,"date":"2026-02-25T12:19:35","date_gmt":"2026-02-25T11:19:35","guid":{"rendered":"https:\/\/cultura.umh.es\/?page_id=15313"},"modified":"2026-02-25T12:19:35","modified_gmt":"2026-02-25T11:19:35","slug":"diversitat","status":"publish","type":"page","link":"https:\/\/cultura.umh.es\/es\/diversitat\/","title":{"rendered":"Diversidad"},"content":{"rendered":"<p>La Unidad de Diversidad de la Universidad Miguel Hern\u00e1ndez de Elche (UDi) nace con el objeto de atender a todas las personas que forman parte de la comunidad universitaria (estudiantado, PDI, PI, PTGAS y servicios), cualquiera que sea su subjetividad, al amparo del lema #DiversidadUMH y el marco del I Plan de Equidad, Diversidad e Inclusi\u00f3n de la UMH.<\/p>\n<p>La UDi ofrece un apoyo, y sirve de est\u00edmulo, para el desarrollo y el respeto a la diversidad, centrado en las personas, adem\u00e1s de asistir a la docencia e investigaci\u00f3n en esta materia.<\/p>\n<p>Se parte de la premisa de que todas las personas somos diversas, si bien algunas subjetividades y condiciones de existencia han sido consideradas minoritarias. En este sentido, la UDi trabaja por aumentar el bienestar y apoyar a todas con el objetivo de alcanzar el mayor \u00e9xito personal y profesional de toda la comunidad universitaria. Por tanto, se trabaja en aras de una inclusi\u00f3n igualitaria, por un ambiente de respeto y desarrollo humano desde una perspectiva de las personas del colectivo LGTBIQ+ y aquellas con diversidad de procedencia, religiosa o cultural.<\/p>\n<p><a href=\"https:\/\/diversidad.umh.es\/\" target=\"_blank\" rel=\"noopener\">Ir a la p\u00e1gina de la Unidad de Diversidad<\/a><\/p>","protected":false},"excerpt":{"rendered":"<p>La Unidad de Diversidad de la Universidad Miguel Hern\u00e1ndez de Elche (UDi) nace con el objeto de atender a todas las personas que forman parte de la comunidad universitaria (estudiantado, PDI, PI, PTGAS y servicios), cualquiera que sea su subjetividad, al amparo del lema #DiversidadUMH y el marco del I Plan de Equidad, Diversidad e [&#8230;]<\/p>\n","protected":false},"author":2954,"featured_media":0,"parent":0,"menu_order":8,"comment_status":"closed","ping_status":"closed","template":"","meta":{"ngg_post_thumbnail":0,"_links_to":"","_links_to_target":""},"_links":{"self":[{"href":"https:\/\/cultura.umh.es\/es\/wp-json\/wp\/v2\/pages\/15313"}],"collection":[{"href":"https:\/\/cultura.umh.es\/es\/wp-json\/wp\/v2\/pages"}],"about":[{"href":"https:\/\/cultura.umh.es\/es\/wp-json\/wp\/v2\/types\/page"}],"author":[{"embeddable":true,"href":"https:\/\/cultura.umh.es\/es\/wp-json\/wp\/v2\/users\/2954"}],"replies":[{"embeddable":true,"href":"https:\/\/cultura.umh.es\/es\/wp-json\/wp\/v2\/comments?post=15313"}],"version-history":[{"count":0,"href":"https:\/\/cultura.umh.es\/es\/wp-json\/wp\/v2\/pages\/15313\/revisions"}],"wp:attachment":[{"href":"https:\/\/cultura.umh.es\/es\/wp-json\/wp\/v2\/media?parent=15313"}],"curies":[{"name":"wp","href":"https:\/\/api.w.org\/{rel}","templated":true}]}}