{"id":15310,"date":"2026-02-25T12:08:20","date_gmt":"2026-02-25T11:08:20","guid":{"rendered":"https:\/\/cultura.umh.es\/?page_id=15310"},"modified":"2026-02-25T12:08:20","modified_gmt":"2026-02-25T11:08:20","slug":"igualtat","status":"publish","type":"page","link":"https:\/\/cultura.umh.es\/es\/igualtat\/","title":{"rendered":"Igualdad"},"content":{"rendered":"<p>La Unidad de Igualdad de la Universidad Miguel Hern\u00e1ndez de Elche se aprueba en el Consejo de Gobierno de 4 de febrero de 2009 con las siguientes funciones:<\/p>\n<ul>\n<li>Promover una cultura a favor de la equidad y de la igualdad de oportunidades entre hombres y mujeres.<\/li>\n<li>Velar por la no discriminaci\u00f3n y la igualdad de oportunidades en el acceso y desarrollo profesional del personal docente e investigador y del personal de administraci\u00f3n y servicios.<\/li>\n<li>Impulsar la participaci\u00f3n de las mujeres en los niveles de responsabilidad, en la representaci\u00f3n en los \u00f3rganos de gobierno de la Universidad.<\/li>\n<li>Favorecer la conciliaci\u00f3n de la vida personal, familiar y laboral de todas las personas que trabajan en la Universidad.<\/li>\n<\/ul>\n<p><a href=\"https:\/\/igualdad.umh.es\/\" target=\"_blank\" rel=\"noopener\">Ir a la p\u00e1gina de la Unidad de Igualdad<\/a><\/p>","protected":false},"excerpt":{"rendered":"<p>La Unidad de Igualdad de la Universidad Miguel Hern\u00e1ndez de Elche se aprueba en el Consejo de Gobierno de 4 de febrero de 2009 con las siguientes funciones:<\/p>\n<p>Promover una cultura a favor de la equidad y de la igualdad de oportunidades entre hombres y mujeres.<br \/>\nVelar por la no discriminaci\u00f3n y la igualdad de oportunidades en [&#8230;]<\/p>\n","protected":false},"author":2954,"featured_media":0,"parent":0,"menu_order":7,"comment_status":"closed","ping_status":"closed","template":"","meta":{"ngg_post_thumbnail":0,"_links_to":"","_links_to_target":""},"_links":{"self":[{"href":"https:\/\/cultura.umh.es\/es\/wp-json\/wp\/v2\/pages\/15310"}],"collection":[{"href":"https:\/\/cultura.umh.es\/es\/wp-json\/wp\/v2\/pages"}],"about":[{"href":"https:\/\/cultura.umh.es\/es\/wp-json\/wp\/v2\/types\/page"}],"author":[{"embeddable":true,"href":"https:\/\/cultura.umh.es\/es\/wp-json\/wp\/v2\/users\/2954"}],"replies":[{"embeddable":true,"href":"https:\/\/cultura.umh.es\/es\/wp-json\/wp\/v2\/comments?post=15310"}],"version-history":[{"count":0,"href":"https:\/\/cultura.umh.es\/es\/wp-json\/wp\/v2\/pages\/15310\/revisions"}],"wp:attachment":[{"href":"https:\/\/cultura.umh.es\/es\/wp-json\/wp\/v2\/media?parent=15310"}],"curies":[{"name":"wp","href":"https:\/\/api.w.org\/{rel}","templated":true}]}}