{"id":14752,"date":"2025-10-15T10:44:24","date_gmt":"2025-10-15T08:44:24","guid":{"rendered":"https:\/\/cultura.umh.es\/?page_id=14752"},"modified":"2025-10-15T12:22:30","modified_gmt":"2025-10-15T10:22:30","slug":"club-de-fotografia","status":"publish","type":"page","link":"https:\/\/cultura.umh.es\/es\/arts-visuals-i-esceniques-2\/fotografia\/club-de-fotografia\/","title":{"rendered":"Club de fotograf\u00eda"},"content":{"rendered":"<p><a href=\"https:\/\/cultura.umh.es\/tag\/club-de-fotografia-umh\/\">Ver eventos relacionados con el Club de fotograf\u00eda UMH<\/a><\/p>\n<hr>\n<p><a href=\"https:\/\/cultura.umh.es\/files\/2025\/10\/ClubFotografia_banner.png\"><img loading=\"lazy\" class=\"alignnone size-medium wp-image-14707\" src=\"https:\/\/cultura.umh.es\/files\/2025\/10\/ClubFotografia_banner-300x225.png\" alt=\"Baner del Club de fotograf\u00eda UMH\" width=\"300\" height=\"225\" srcset=\"https:\/\/cultura.umh.es\/files\/2025\/10\/ClubFotografia_banner-300x225.png 300w, https:\/\/cultura.umh.es\/files\/2025\/10\/ClubFotografia_banner.png 709w\" sizes=\"(max-width: 300px) 100vw, 300px\" \/><\/a><\/p>\n<p>El <strong>Club de fotograf\u00eda UMH<\/strong> es un espacio para desarrollar habilidades t\u00e9cnicas y art\u00edsticas; para realizar talleres, salidas y concursos; para organizar exposiciones y proyectos colectivos; colaboraciones con otras \u00e1reas de la UMH.<\/p>\n<p>Abierto a estudiantado, PTGAS, PDI, personal de las empresas externas, cualquier persona interesada sea o no de la Comunidad Universitaria y a cualquier persona que quiera venir y disfrutar de la fotograf\u00eda.<\/p>\n<p>Si traes tu propia c\u00e1mara ser\u00e1 m\u00e1s divertido.<\/p>\n<p>Las sesiones de 2025 ser\u00e1n en:<br \/>\n<strong>martes 14 de octubre, jueves 6 noviembre y jueves 4 diciembre 2025<\/strong><br \/>\nDe 18:00 a 20.00 horas, en el Aula 2.2 del edificio La Valona, en el campus de Elche<\/p>\n<p>M\u00e1s informaci\u00f3n en:&nbsp;<strong><a class=\"mail-link\" href=\"mailto:clubdefotografia@umh.es\" data-enc-email=\"pyhoqrsbgbtensvn[at]hzu.rf\" data-wpel-link=\"ignore\"><span id=\"eeb-557149-666787\">clubdefotografia@umh.es<\/span><\/a><\/strong><\/p>\n<p><a href=\"https:\/\/cultura.umh.es\/files\/2025\/10\/ClubFotografia_cartelweb.jpg\"><img loading=\"lazy\" class=\"alignnone size-medium wp-image-14755\" src=\"https:\/\/cultura.umh.es\/files\/2025\/10\/ClubFotografia_cartelweb-212x300.jpg\" alt=\"Cartel del Club de fotograf\u00eda\" width=\"212\" height=\"300\" srcset=\"https:\/\/cultura.umh.es\/files\/2025\/10\/ClubFotografia_cartelweb-212x300.jpg 212w, https:\/\/cultura.umh.es\/files\/2025\/10\/ClubFotografia_cartelweb-724x1024.jpg 724w, https:\/\/cultura.umh.es\/files\/2025\/10\/ClubFotografia_cartelweb-768x1086.jpg 768w, https:\/\/cultura.umh.es\/files\/2025\/10\/ClubFotografia_cartelweb-1086x1536.jpg 1086w, https:\/\/cultura.umh.es\/files\/2025\/10\/ClubFotografia_cartelweb.jpg 1240w\" sizes=\"(max-width: 212px) 100vw, 212px\" \/><\/a><\/p>","protected":false},"excerpt":{"rendered":"<p>Ver eventos relacionados con el Club de fotograf\u00eda UMH<\/p>\n<p>El Club de fotograf\u00eda UMH es un espacio para desarrollar habilidades t\u00e9cnicas y art\u00edsticas; para realizar talleres, salidas y concursos; para organizar exposiciones y proyectos colectivos; colaboraciones con otras \u00e1reas de la UMH.<br \/>\nAbierto a estudiantado, PTGAS, PDI, personal de las empresas externas, cualquier persona interesada sea o [&#8230;]<\/p>\n","protected":false},"author":2954,"featured_media":0,"parent":14749,"menu_order":0,"comment_status":"closed","ping_status":"closed","template":"","meta":{"ngg_post_thumbnail":0,"_links_to":"","_links_to_target":""},"_links":{"self":[{"href":"https:\/\/cultura.umh.es\/es\/wp-json\/wp\/v2\/pages\/14752"}],"collection":[{"href":"https:\/\/cultura.umh.es\/es\/wp-json\/wp\/v2\/pages"}],"about":[{"href":"https:\/\/cultura.umh.es\/es\/wp-json\/wp\/v2\/types\/page"}],"author":[{"embeddable":true,"href":"https:\/\/cultura.umh.es\/es\/wp-json\/wp\/v2\/users\/2954"}],"replies":[{"embeddable":true,"href":"https:\/\/cultura.umh.es\/es\/wp-json\/wp\/v2\/comments?post=14752"}],"version-history":[{"count":0,"href":"https:\/\/cultura.umh.es\/es\/wp-json\/wp\/v2\/pages\/14752\/revisions"}],"up":[{"embeddable":true,"href":"https:\/\/cultura.umh.es\/es\/wp-json\/wp\/v2\/pages\/14749"}],"wp:attachment":[{"href":"https:\/\/cultura.umh.es\/es\/wp-json\/wp\/v2\/media?parent=14752"}],"curies":[{"name":"wp","href":"https:\/\/api.w.org\/{rel}","templated":true}]}}