{"id":14609,"date":"2025-07-28T09:32:08","date_gmt":"2025-07-28T07:32:08","guid":{"rendered":"https:\/\/cultura.umh.es\/?page_id=14609"},"modified":"2025-07-28T11:45:17","modified_gmt":"2025-07-28T09:45:17","slug":"normativa","status":"publish","type":"page","link":"https:\/\/cultura.umh.es\/es\/normativa\/","title":{"rendered":"Normativa"},"content":{"rendered":"<p><strong>Anexo XXXVIII: Criterios econ\u00f3micos generales de expedientes de precios p\u00fablicos, pagos a profesorado y dem\u00e1s gastos vinculados, de los cursos conducentes a certificado bajo la denominaci\u00f3n \u00abde extensi\u00f3n universitaria\u00bb:<\/strong><\/p>\n<ul>\n<li><a href=\"https:\/\/cultura.umh.es\/files\/2020\/05\/NORMATIVA-CRITERIOS-ECON%C3%93MICOS-CURSOS-Y-OTRAS-ACTIV-.pdf\">Normativa Criterios Econ\u00f3micos de Cursos de Verano<\/a><\/li>\n<\/ul>\n<hr>\n<p><strong>Normativa de cursos de extensi\u00f3n universitaria y otras actividades (jornadas, seminarios o talleres):<\/strong><\/p>\n<ul>\n<li><a href=\"https:\/\/cultura.umh.es\/files\/2020\/05\/NORMATIVA-CURSOS-Y-OTRAS-ACTIVID-EXT_UNIV.pdf\">Normativa de Cursos de Verano<\/a><\/li>\n<\/ul>\n<p><\/p>","protected":false},"excerpt":{"rendered":"<p>Anexo XXXVIII: Criterios econ\u00f3micos generales de expedientes de precios p\u00fablicos, pagos a profesorado y dem\u00e1s gastos vinculados, de los cursos conducentes a certificado bajo la denominaci\u00f3n \u00abde extensi\u00f3n universitaria\u00bb:<\/p>\n<p>Normativa Criterios Econ\u00f3micos de Cursos de Verano<\/p>\n<p>Normativa de cursos de extensi\u00f3n universitaria y otras actividades (jornadas, seminarios o talleres):<\/p>\n<p>Normativa de Cursos de Verano<\/p>\n","protected":false},"author":2954,"featured_media":0,"parent":0,"menu_order":12,"comment_status":"closed","ping_status":"closed","template":"","meta":{"ngg_post_thumbnail":0,"_links_to":"","_links_to_target":""},"_links":{"self":[{"href":"https:\/\/cultura.umh.es\/es\/wp-json\/wp\/v2\/pages\/14609"}],"collection":[{"href":"https:\/\/cultura.umh.es\/es\/wp-json\/wp\/v2\/pages"}],"about":[{"href":"https:\/\/cultura.umh.es\/es\/wp-json\/wp\/v2\/types\/page"}],"author":[{"embeddable":true,"href":"https:\/\/cultura.umh.es\/es\/wp-json\/wp\/v2\/users\/2954"}],"replies":[{"embeddable":true,"href":"https:\/\/cultura.umh.es\/es\/wp-json\/wp\/v2\/comments?post=14609"}],"version-history":[{"count":0,"href":"https:\/\/cultura.umh.es\/es\/wp-json\/wp\/v2\/pages\/14609\/revisions"}],"wp:attachment":[{"href":"https:\/\/cultura.umh.es\/es\/wp-json\/wp\/v2\/media?parent=14609"}],"curies":[{"name":"wp","href":"https:\/\/api.w.org\/{rel}","templated":true}]}}