{"id":13843,"date":"2024-12-19T14:44:41","date_gmt":"2024-12-19T13:44:41","guid":{"rendered":"https:\/\/cultura.umh.es\/?page_id=13843"},"modified":"2024-12-19T14:44:59","modified_gmt":"2024-12-19T13:44:59","slug":"politica-ambiental","status":"publish","type":"page","link":"https:\/\/cultura.umh.es\/es\/presentacion\/politica-ambiental\/","title":{"rendered":"Pol\u00edtica Ambiental"},"content":{"rendered":"<p>La oficina de Cultura, Igualdad y Diversidad de la UMH participa anualmente en el <a href=\"https:\/\/www.umhsostenible.com\/objetivos-ambientales\/\">Programa de Objetivos Ambientales<\/a>&nbsp;como herramienta para la mejora y el reconocimiento de nuestro comportamiento ambiental y act\u00faa de acuerdo a la&nbsp;<a href=\"https:\/\/www.umhsostenible.com\/el-area-ambiental-y-desarrollo-sostenible-de-la-umh\/#politica\">Pol\u00edtica Ambiental de la UMH<\/a>, la cual recoge los&nbsp;<b>compromisos ambientales<\/b>&nbsp;de la Universidad Miguel Hern\u00e1ndez de Elche para la mejora de su desempe\u00f1o ambiental en sus actividades de gesti\u00f3n, investigaci\u00f3n, transferencia de conocimiento y formaci\u00f3n.<\/p>","protected":false},"excerpt":{"rendered":"<p>La oficina de Cultura, Igualdad y Diversidad de la UMH participa anualmente en el Programa de Objetivos Ambientales&nbsp;como herramienta para la mejora y el reconocimiento de nuestro comportamiento ambiental y act\u00faa de acuerdo a la&nbsp;Pol\u00edtica Ambiental de la UMH, la cual recoge los&nbsp;compromisos ambientales&nbsp;de la Universidad Miguel Hern\u00e1ndez de Elche para la mejora de su [&#8230;]<\/p>\n","protected":false},"author":2954,"featured_media":0,"parent":575,"menu_order":5,"comment_status":"closed","ping_status":"closed","template":"","meta":{"ngg_post_thumbnail":0,"_links_to":"","_links_to_target":""},"_links":{"self":[{"href":"https:\/\/cultura.umh.es\/es\/wp-json\/wp\/v2\/pages\/13843"}],"collection":[{"href":"https:\/\/cultura.umh.es\/es\/wp-json\/wp\/v2\/pages"}],"about":[{"href":"https:\/\/cultura.umh.es\/es\/wp-json\/wp\/v2\/types\/page"}],"author":[{"embeddable":true,"href":"https:\/\/cultura.umh.es\/es\/wp-json\/wp\/v2\/users\/2954"}],"replies":[{"embeddable":true,"href":"https:\/\/cultura.umh.es\/es\/wp-json\/wp\/v2\/comments?post=13843"}],"version-history":[{"count":0,"href":"https:\/\/cultura.umh.es\/es\/wp-json\/wp\/v2\/pages\/13843\/revisions"}],"up":[{"embeddable":true,"href":"https:\/\/cultura.umh.es\/es\/wp-json\/wp\/v2\/pages\/575"}],"wp:attachment":[{"href":"https:\/\/cultura.umh.es\/es\/wp-json\/wp\/v2\/media?parent=13843"}],"curies":[{"name":"wp","href":"https:\/\/api.w.org\/{rel}","templated":true}]}}