{"id":12922,"date":"2024-01-25T12:36:07","date_gmt":"2024-01-25T11:36:07","guid":{"rendered":"https:\/\/cultura.umh.es\/?page_id=12922"},"modified":"2026-03-03T12:21:23","modified_gmt":"2026-03-03T11:21:23","slug":"targeta-solidaria-targeta-extensa","status":"publish","type":"page","link":"https:\/\/cultura.umh.es\/es\/presentacion\/targeta-solidaria-targeta-extensa\/","title":{"rendered":"Tarjeta Solidaria \/ Tarjeta Extensa"},"content":{"rendered":"<p><\/p>\n<h3><b>Tarjeta Solidaria&nbsp;<\/b><\/h3>\n<p><span style=\"font-weight: 400\">La <\/span><b>Tarjeta Solidaria<\/b><span style=\"font-weight: 400\"> se enmarca dentro de las actuaciones desarrolladas para acercar la Universidad Miguel Hern\u00e1ndez de Elche&nbsp; a&nbsp; determinados colectivos, ofreciendo a sus titulares una serie de beneficios tales como, precios reducidos en las actividades programadas por el Vicerrectorado de Cultura, Igualdad y Diversidad.<\/span><\/p>\n<ul>\n<li>La solicitud de la Tarjeta Solidaria<span style=\"font-weight: 400\"> en la oficina de Cultura, Igualdad y Diversidad ha de estar relacionada con las actividades incluidas en sus distintos programas tales como Cursos de verano, Cursos de invierno, cursos de valenciano y otras ofertadas desde el Vicerrectorado de Cultura, Igualdad y Diversidad.<\/span><\/li>\n<li><span style=\"font-weight: 400\">En caso de estar relacionada con actividades de deporte ha de dirigirse a la <a href=\"https:\/\/deportes.umh.es\/ca\/\">Oficina de Campus Saludables y Deportes<\/a> situada en el edificio El Clot<\/span><\/li>\n<\/ul>\n<p>Requisitos para solicitar la Tarjeta Solidaria<span style=\"font-weight: 400\">: Estar en situaci\u00f3n de desempleo, pensiones de prestaciones m\u00ednimas y participaci\u00f3n activa en ONG u otros colectivos solidarios.<\/span><\/p>\n<p><span style=\"font-weight: 400\">Documentaci\u00f3n requerida:<\/span><\/p>\n<ul>\n<li style=\"list-style-type: none\">\n<ul>\n<li><span style=\"font-weight: 400\">Fotocopia DNI<\/span><\/li>\n<li><span style=\"font-weight: 400\">Justificante del pago de tasa<\/span><\/li>\n<li><span style=\"font-weight: 400\">Documento que acredite alguno de los requisitos indicados en la normativa de la Tarjeta Solidaria<\/span><\/li>\n<li>Impreso de autorizaci\u00f3n de tratamiento de datos personales<\/li>\n<\/ul>\n<\/li>\n<\/ul>\n<p><span style=\"font-weight: 400\">Debe remitir toda la documentaci\u00f3n por correo electr\u00f3nico a la direcci\u00f3n <\/span><a href=\"mailto:cultura@umh.es\"><span style=\"font-weight: 400\">cultura@umh.es<\/span><\/a><span style=\"font-weight: 400\"> indicando en el asunto del mensaje \u00abSolicitud de Tarjeta Solidaria\u00bb<\/span><\/p>\n<p><strong><a href=\"http:\/\/universite.umh.es\/_web_rw\/boumh\/docs\/4649_NORMATIVA%20TARJETA%20UMH%20SOLIDARIA.pdf\">Descargar Normativa Tarjeta Solidaria (PDF) 103 KB*<\/a><\/strong><\/p>\n<p><a href=\"https:\/\/boumh.umh.es\/files\/2020\/03\/12010_RS-0160-2020-Not.-Ac.-modificaci%C3%B3n-del-Anexo-XLII-Gesti%C3%B3n-de-reducci%C3%B3n-de-tasas-por-aplicaci%C3%B3n-de-Tarjeta-Extensa-o-Tarjeta-Solidaria-UMH.pdf\">Descargar Acuerdo de aprobaci\u00f3n de la modificaci\u00f3n del Anexo XLII: Gesti\u00f3n de reducci\u00f3n de tasas por aplicaci\u00f3n de Tarjeta Extensa o Tarjeta Solidaria (PDF) 955 KB<\/a><\/p>\n<p style=\"padding-left: 40px\"><strong>*Se comunica que la localizaci\u00f3n para realizar la gesti\u00f3n de forma presencial ha sido actualizada. Rogamos tengan en cuenta que la nueva direcci\u00f3n para personarse es la siguiente: Edificio La Valona de la Universidad Miguel Hern\u00e1ndez de Elche, y no la indicada previamente en el documento. Disculpen las molestias.<\/strong><\/p>\n<p><a href=\"https:\/\/cultura.umh.es\/files\/2024\/01\/Consentimiento-Tarjeta-Solidaria.pdf\" target=\"_blank\" rel=\"noopener\">Descargar documento de autorizaci\u00f3n de tratamiento de datos personales (PDF) 143 KB<\/a><\/p>\n<p>&nbsp;<\/p>\n<hr>\n<p>&nbsp;<\/p>\n<p><b>Tarjeta Extensa<\/b><\/p>\n<p><span style=\"font-weight: 400\">La <\/span><b>Tarjeta Extensa<\/b><span style=\"font-weight: 400\"> se enmarca dentro de las actuaciones desarrolladas para acercar la Universidad Miguel Hern\u00e1ndez de Elche&nbsp; a los&nbsp; colectivos detallados en la normativa de la tarjeta extensa, ofreciendo a sus titulares una serie de beneficios tales como&nbsp; precios reducidos en las actividades programadas por el Vicerrectorado de Cultura, Igualdad y Diversidad.<\/span><\/p>\n<ul>\n<li>La solicitud de la Tarjeta Solidaria<span style=\"font-weight: 400\"> en la oficina de Cultura, Igualdad y Diversidad ha de estar relacionada con las actividades incluidas en sus distintos programas tales como Cursos de verano, Cursos de invierno, cursos de valenciano y otras ofertadas desde el Vicerrectorado de Cultura, Igualdad y Diversidad.<\/span><\/li>\n<li><span style=\"font-weight: 400\">En caso de estar relacionada con actividades de deporte ha de dirigirse a la <a href=\"https:\/\/deportes.umh.es\/ca\/\">Oficina de Campus Saludables y Deportes<\/a> situada en el edificio El Clot<\/span><\/li>\n<\/ul>\n<p>Requisitos para solicitar la Tarjeta Extensa<span style=\"font-weight: 400\">: Pertenecer a alguno de los colectivos en la normativa de tarjeta extensa.<\/span><\/p>\n<p><span style=\"font-weight: 400\">Documentaci\u00f3n requerida:<\/span><\/p>\n<ul>\n<li style=\"list-style-type: none\">\n<ul>\n<li style=\"font-weight: 400\"><span style=\"font-weight: 400\">Fotocopia DNI<\/span><\/li>\n<li style=\"font-weight: 400\"><span style=\"font-weight: 400\">Justificante del pago de tasa<\/span><\/li>\n<li style=\"font-weight: 400\"><span style=\"font-weight: 400\">Documento que acredite alguno de los requisitos indicados en la normativa de la Tarjeta Extensa<\/span><\/li>\n<li style=\"font-weight: 400\"><span style=\"font-weight: 400\">Impreso de autorizaci\u00f3n de tratamiento de datos personales<\/span><\/li>\n<\/ul>\n<\/li>\n<\/ul>\n<p><span style=\"font-weight: 400\">Debe <\/span><b>remitir toda la documentaci\u00f3n<\/b><span style=\"font-weight: 400\"> por correo electr\u00f3nico a la direcci\u00f3n <\/span><a href=\"mailto:cultura@umh.es\"><span style=\"font-weight: 400\">cultura@umh.es<\/span><\/a><span style=\"font-weight: 400\"> indicando en el asunto del mensaje \u00abSolicitud de Tarjeta Extensa\u00bb<\/span><\/p>\n<p><a href=\"https:\/\/deportes.umh.es\/files\/2010\/05\/tarjeta-extensa-umh1.pdf\">Descargar Normativa Tarjeta Extensa (PDF) 104 KB*<\/a><\/p>\n<p><a href=\"https:\/\/boumh.umh.es\/files\/2020\/03\/12010_RS-0160-2020-Not.-Ac.-modificaci%C3%B3n-del-Anexo-XLII-Gesti%C3%B3n-de-reducci%C3%B3n-de-tasas-por-aplicaci%C3%B3n-de-Tarjeta-Extensa-o-Tarjeta-Solidaria-UMH.pdf\">Descargar Acuerdo de aprobaci\u00f3n de la modificaci\u00f3n del Anexo XLII: Gesti\u00f3n de reducci\u00f3n de tasas por aplicaci\u00f3n de Tarjeta Extensa o Tarjeta Solidaria (PDF) 955 KB<\/a><\/p>\n<p style=\"padding-left: 40px\"><strong>*Se comunica que la localizaci\u00f3n para realizar la gesti\u00f3n de forma presencial ha sido actualizada. Rogamos tengan en cuenta que la nueva direcci\u00f3n para personarse es la siguiente: Edificio La Valona de la Universidad Miguel Hern\u00e1ndez de Elche, y no la indicada previamente en el documento. Disculpen las molestias.<\/strong><\/p>\n<p><a href=\"https:\/\/cultura.umh.es\/files\/2024\/01\/Consentimiento-Tarjeta-Extensa.pdf\" target=\"_blank\" rel=\"noopener\">Descargar documento de autorizaci\u00f3n de tratamiento de datos personales (PDF) 143 KB<\/a><\/p>","protected":false},"excerpt":{"rendered":"<p>Tarjeta Solidaria&nbsp;<br \/>\nLa Tarjeta Solidaria se enmarca dentro de las actuaciones desarrolladas para acercar la Universidad Miguel Hern\u00e1ndez de Elche&nbsp; a&nbsp; determinados colectivos, ofreciendo a sus titulares una serie de beneficios tales como, precios reducidos en las actividades programadas por el Vicerrectorado de Cultura, Igualdad y Diversidad.<\/p>\n<p>La solicitud de la Tarjeta Solidaria en la oficina de [&#8230;]<\/p>\n","protected":false},"author":28110,"featured_media":0,"parent":575,"menu_order":0,"comment_status":"closed","ping_status":"closed","template":"","meta":{"ngg_post_thumbnail":0,"_links_to":"","_links_to_target":""},"_links":{"self":[{"href":"https:\/\/cultura.umh.es\/es\/wp-json\/wp\/v2\/pages\/12922"}],"collection":[{"href":"https:\/\/cultura.umh.es\/es\/wp-json\/wp\/v2\/pages"}],"about":[{"href":"https:\/\/cultura.umh.es\/es\/wp-json\/wp\/v2\/types\/page"}],"author":[{"embeddable":true,"href":"https:\/\/cultura.umh.es\/es\/wp-json\/wp\/v2\/users\/28110"}],"replies":[{"embeddable":true,"href":"https:\/\/cultura.umh.es\/es\/wp-json\/wp\/v2\/comments?post=12922"}],"version-history":[{"count":0,"href":"https:\/\/cultura.umh.es\/es\/wp-json\/wp\/v2\/pages\/12922\/revisions"}],"up":[{"embeddable":true,"href":"https:\/\/cultura.umh.es\/es\/wp-json\/wp\/v2\/pages\/575"}],"wp:attachment":[{"href":"https:\/\/cultura.umh.es\/es\/wp-json\/wp\/v2\/media?parent=12922"}],"curies":[{"name":"wp","href":"https:\/\/api.w.org\/{rel}","templated":true}]}}