{"id":11023,"date":"2022-03-01T13:46:56","date_gmt":"2022-03-01T12:46:56","guid":{"rendered":"https:\/\/cultura.umh.es\/?page_id=11023"},"modified":"2022-03-01T13:47:30","modified_gmt":"2022-03-01T12:47:30","slug":"accedir-campus-virtual","status":"publish","type":"page","link":"https:\/\/cultura.umh.es\/es\/cursos\/cursosdhivern\/accedir-campus-virtual\/","title":{"rendered":"C\u00f3mo acceder al Campus Virtual para realizar la ense\u00f1anza"},"content":{"rendered":"<p><div id=\"accordions-10064\" class=\"accordions-10064 accordions\">\r\n                <div id=\"accordions-lazy-10064\" class=\"accordions-lazy\">\r\n                    <\/div>\r\n        <script>\r\n            jQuery(window).load(function(){\r\n                jQuery('#accordions-lazy-10064').fadeOut();\r\n                jQuery('#accordions-10064 .items').fadeIn();\r\n            });\r\n        <\/script><style type='text\/css'>\r\n        @media only screen and (min-width: 1024px ){\r\n            #accordions-10064 {\r\n                            width: 100%;\r\n                        }\r\n        }\r\n        @media only screen and ( min-width: 768px ) and ( max-width: 1023px ) {\r\n            #accordions-10064 {\r\n                            width: 100%;\r\n                        }\r\n        }\r\n        @media only screen and ( min-width: 0px ) and ( max-width: 767px ){\r\n            #accordions-10064 {\r\n                            width: 100%;\r\n                        }\r\n        }\r\n                    #accordions-10064 .items {display: none;}\r\n            #accordions-10064 .accordions-lazy {\r\n                text-align: center;\r\n                position: absolute;\r\n                top: 50%;\r\n                left: 50%;\r\n                transform: translate(-50%, -50%);\r\n            }\r\n            #accordions-10064 {\r\n                            text-align: left;\r\n                                        background:#ffffff url() repeat scroll 0 0;\r\n                                    position: relative;\r\n        }\r\n        #accordions-10064 .accordions-head{\r\n                    background:#eeee22 none repeat scroll 0 0;\r\n                                    outline: none;\r\n        }\r\n        #accordions-10064 .accordions-head-title{\r\n                            color:#000000;\r\n                            font-size:16px;\r\n                }\r\n        #accordions-10064 .accordions-head-title-toggle{\r\n                    color:#000000;\r\n                            font-size:16px;\r\n                }\r\n        #accordions-10064 .accordions-head:hover .accordions-head-title{\r\n                    color:#6d6d6d;\r\n                }\r\n        #accordions-10064 .ui-state-active{\r\n                    background: #eeee22;\r\n                    border: none;\r\n        }\r\n        #accordions-10064 .accordion-content{\r\n                            background:#ffffff none repeat scroll 0 0;\r\n                                                    border: none;\r\n        }\r\n        #accordions-10064 .accordion-icons{\r\n                                                                    }\r\n        #accordions-10064 .accordions-head:hover .accordion-icons span{\r\n                    }\r\n            <\/style>\r\n    <div class=\"items\">\r\n                        <div post_id=\"10064\" itemcount=\"0\" header_id=\"header-1613721293850\" id=\"header-1613721293850\" style=\"\" class=\"accordions-head head1613721293850 border-none\" toggle-text=\"\" main-text=\"1. \u00bfCu\u00e1ndo he formalizado la matr\u00edcula en un curso?\">\r\n                                            <span id=\"accordion-icons-1613721293850\" class=\"accordion-icons\">\r\n                            <span class=\"accordion-icon-active accordion-plus\"><i class=\"fa fas fa-chevron-up\"><\/i><\/span>\r\n                            <span class=\"accordion-icon-inactive accordion-minus\"><i class=\"fa fas fa-chevron-down\"><\/i><\/span>\r\n                        <\/span>\r\n                        <span id=\"header-text-1613721293850\" class=\"accordions-head-title\">1. \u00bfCu\u00e1ndo he formalizado la matr\u00edcula en un curso?<\/span>\r\n                                        <\/div>\r\n                <div class=\"accordion-content content1613721293850 \">\r\n                    <p>Una vez ha realizado el pago del curso.<\/p>\n                <\/div>\r\n                                <div post_id=\"10064\" itemcount=\"1\" header_id=\"header-1613721323507\" id=\"header-1613721323507\" style=\"\" class=\"accordions-head head1613721323507 border-none\" toggle-text=\"\" main-text=\"2. \u00bfCu\u00e1ndo puedo acceder al material de la ense\u00f1anza en la que tengo formalizada matr\u00edcula?\">\r\n                                            <span id=\"accordion-icons-1613721323507\" class=\"accordion-icons\">\r\n                            <span class=\"accordion-icon-active accordion-plus\"><i class=\"fa fas fa-chevron-up\"><\/i><\/span>\r\n                            <span class=\"accordion-icon-inactive accordion-minus\"><i class=\"fa fas fa-chevron-down\"><\/i><\/span>\r\n                        <\/span>\r\n                        <span id=\"header-text-1613721323507\" class=\"accordions-head-title\">2. \u00bfCu\u00e1ndo puedo acceder al material de la ense\u00f1anza en la que tengo formalizada matr\u00edcula?<\/span>\r\n                                        <\/div>\r\n                <div class=\"accordion-content content1613721323507 \">\r\n                    <p>Se podr\u00e1 acceder al material de una ense\u00f1anza desde el primer d\u00eda de inicio de la misma y hasta 15 d\u00edas despu\u00e9s de la fecha fin del curso.<\/p>\n                <\/div>\r\n                                <div post_id=\"10064\" itemcount=\"2\" header_id=\"header-1613721356388\" id=\"header-1613721356388\" style=\"\" class=\"accordions-head head1613721356388 border-none\" toggle-text=\"\" main-text=\"3. \u00bfCu\u00e1ndo ya no podr\u00e9 acceder a una ense\u00f1anza de campus.umh.es?\">\r\n                                            <span id=\"accordion-icons-1613721356388\" class=\"accordion-icons\">\r\n                            <span class=\"accordion-icon-active accordion-plus\"><i class=\"fa fas fa-chevron-up\"><\/i><\/span>\r\n                            <span class=\"accordion-icon-inactive accordion-minus\"><i class=\"fa fas fa-chevron-down\"><\/i><\/span>\r\n                        <\/span>\r\n                        <span id=\"header-text-1613721356388\" class=\"accordions-head-title\">3. \u00bfCu\u00e1ndo ya no podr\u00e9 acceder a una ense\u00f1anza de campus.umh.es?<\/span>\r\n                                        <\/div>\r\n                <div class=\"accordion-content content1613721356388 \">\r\n                    <p>Se podr\u00e1 acceder hasta 15 d\u00edas despu\u00e9s de finalizada la ense\u00f1anza.<\/p>\n                <\/div>\r\n                                <div post_id=\"10064\" itemcount=\"3\" header_id=\"header-1613721388889\" id=\"header-1613721388889\" style=\"\" class=\"accordions-head head1613721388889 border-none\" toggle-text=\"\" main-text=\"4. \u00bfNecesito credenciales de acceso para la realizaci\u00f3n de la ense\u00f1anza online?\">\r\n                                            <span id=\"accordion-icons-1613721388889\" class=\"accordion-icons\">\r\n                            <span class=\"accordion-icon-active accordion-plus\"><i class=\"fa fas fa-chevron-up\"><\/i><\/span>\r\n                            <span class=\"accordion-icon-inactive accordion-minus\"><i class=\"fa fas fa-chevron-down\"><\/i><\/span>\r\n                        <\/span>\r\n                        <span id=\"header-text-1613721388889\" class=\"accordions-head-title\">4. \u00bfNecesito credenciales de acceso para la realizaci\u00f3n de la ense\u00f1anza online?<\/span>\r\n                                        <\/div>\r\n                <div class=\"accordion-content content1613721388889 \">\r\n                    <p>S\u00ed.<\/p>\n                <\/div>\r\n                                <div post_id=\"10064\" itemcount=\"4\" header_id=\"header-1613721417445\" id=\"header-1613721417445\" style=\"\" class=\"accordions-head head1613721417445 border-none\" toggle-text=\"\" main-text=\"5. \u00bfC\u00f3mo puedo disponer de las credenciales que me dan acceso a la ense\u00f1anza?\">\r\n                                            <span id=\"accordion-icons-1613721417445\" class=\"accordion-icons\">\r\n                            <span class=\"accordion-icon-active accordion-plus\"><i class=\"fa fas fa-chevron-up\"><\/i><\/span>\r\n                            <span class=\"accordion-icon-inactive accordion-minus\"><i class=\"fa fas fa-chevron-down\"><\/i><\/span>\r\n                        <\/span>\r\n                        <span id=\"header-text-1613721417445\" class=\"accordions-head-title\">5. \u00bfC\u00f3mo puedo disponer de las credenciales que me dan acceso a la ense\u00f1anza?<\/span>\r\n                                        <\/div>\r\n                <div class=\"accordion-content content1613721417445 \">\r\n                    <p><strong>Si pertenece a la Comunidad Universitaria o perteneci\u00f3 en el pasado:<\/strong><br \/>\nEsta persona accede al curso con las credenciales que tenga\/tuvo de la UMH.<\/p>\n<p><strong>Si no recuerda sus credenciales:<\/strong><br \/>\nPara obtener su contrase\u00f1a de la UMH debe acceder a <a href=\"https:\/\/universite.umh.es\/lince\" target=\"_blank\" rel=\"noopener\">https:\/\/universite.umh.es\/lince<\/a>\u00a0e introducir el DNI sin la letra (en caso de ser un NIE ha de introducir solo la primera letra en may\u00fasculas seguido de los n\u00fameros) y seguir las instrucciones, esto le permitir\u00e1 cambiar la contrase\u00f1a y disponer de su acceso.<\/p>\n<p><strong>Si no ha recibido credenciales a fecha de hoy:<\/strong><br \/>\nPara obtener su contrase\u00f1a de la UMH debe acceder a\u00a0<a href=\"https:\/\/universite.umh.es\/lince\" target=\"_blank\" rel=\"noopener\">https:\/\/universite.umh.es\/lince<\/a>\u00a0e introducir el DNI sin la letra (en caso de ser un NIE ha de introducir solo la primera letra en may\u00fasculas seguido de los n\u00fameros) y seguir las instrucciones, esto le permitir\u00e1 cambiar la contrase\u00f1a y disponer de su acceso.<\/p>\n<p><strong>Si quiere modificar su contrase\u00f1a de acceso a campus.umh.es:<\/strong><br \/>\nDebe seguir las indicaciones del enlace siguiente:\u00a0<a href=\"https:\/\/kb.umh.es\/pages\/viewpage.action?pageId=8257537\" target=\"_blank\" rel=\"noopener\">https:\/\/kb.umh.es\/pages\/viewpage.action?pageId=8257537<\/a><\/p>\n                <\/div>\r\n                                <div post_id=\"10064\" itemcount=\"5\" header_id=\"header-1613721645215\" id=\"header-1613721645215\" style=\"\" class=\"accordions-head head1613721645215 border-none\" toggle-text=\"\" main-text=\"6. \u00bfC\u00f3mo accedo al Campus virtual UMH donde se realiza la ense\u00f1anza online?\">\r\n                                            <span id=\"accordion-icons-1613721645215\" class=\"accordion-icons\">\r\n                            <span class=\"accordion-icon-active accordion-plus\"><i class=\"fa fas fa-chevron-up\"><\/i><\/span>\r\n                            <span class=\"accordion-icon-inactive accordion-minus\"><i class=\"fa fas fa-chevron-down\"><\/i><\/span>\r\n                        <\/span>\r\n                        <span id=\"header-text-1613721645215\" class=\"accordions-head-title\">6. \u00bfC\u00f3mo accedo al Campus virtual UMH donde se realiza la ense\u00f1anza online?<\/span>\r\n                                        <\/div>\r\n                <div class=\"accordion-content content1613721645215 \">\r\n                    <p>Una vez tenga las credenciales se accede al campus virtual en el enlace\u00a0 <a href=\"https:\/\/campus.umh.es\/\" target=\"_blank\" rel=\"noopener\">https:\/\/campus.umh.es\/<\/a><br \/>\nY en la ventana que nos aparece clicar en ACCEDER, seg\u00fan indica la siguiente imagen:<\/p>\n<p><a href=\"https:\/\/cultura.umh.es\/files\/2021\/02\/001.jpg\" target=\"_blank\" rel=\"noopener\"><img class=\"alignnone wp-image-10067 size-large\" src=\"https:\/\/cultura.umh.es\/files\/2021\/02\/001-1024x371.jpg\" alt=\"\" width=\"1024\" height=\"371\" \/><\/a><\/p>\n<p>Al clicar en ACCEDER nos aparecer\u00e1 la siguiente ventana, donde tenemos que volver a introducir nuestro usuario y contrase\u00f1a.<\/p>\n<p>Al entrar nos aparecer\u00e1n los cursos en los que estamos matriculados en la barra lateral izquierda. Pinchando en el nombre del curso que est\u00e1 iniciado, ENTRAMOS dentro del curso con acceso a todo su contenido.<\/p>\n<p><a href=\"https:\/\/cultura.umh.es\/files\/2021\/02\/002.jpg\" target=\"_blank\" rel=\"noopener\"><img class=\"alignnone wp-image-10069 size-large\" src=\"https:\/\/cultura.umh.es\/files\/2021\/02\/002-1024x719.jpg\" alt=\"\" width=\"1024\" height=\"719\" \/><\/a><\/p>\n                <\/div>\r\n                                <div post_id=\"10064\" itemcount=\"6\" header_id=\"header-1613722322245\" id=\"header-1613722322245\" style=\"\" class=\"accordions-head head1613722322245 border-none\" toggle-text=\"\" main-text=\"7. \u00bfTodos los participantes en un curso tienen correo-e UMH? \u00bfC\u00f3mo puedo acceder a mi correo UMH (@goumh.es)?\">\r\n                                            <span id=\"accordion-icons-1613722322245\" class=\"accordion-icons\">\r\n                            <span class=\"accordion-icon-active accordion-plus\"><i class=\"fa fas fa-chevron-up\"><\/i><\/span>\r\n                            <span class=\"accordion-icon-inactive accordion-minus\"><i class=\"fa fas fa-chevron-down\"><\/i><\/span>\r\n                        <\/span>\r\n                        <span id=\"header-text-1613722322245\" class=\"accordions-head-title\">7. \u00bfTodos los participantes en un curso tienen correo-e UMH? \u00bfC\u00f3mo puedo acceder a mi correo UMH (@goumh.es)?<\/span>\r\n                                        <\/div>\r\n                <div class=\"accordion-content content1613722322245 \">\r\n                    <p>Inicie sesi\u00f3n en la cuenta G Suite UMH: entrando desde <a href=\"http:\/\/gmail.umh.es\/\" target=\"_blank\" rel=\"noopener\"><b>gmail.umh.es<\/b><\/a> con las credenciales UMH que ya ha obtenido.<\/p>\n<p>Una vez dentro podremos consultar el correo, ya que es ah\u00ed donde recibiremos las notificaciones de la UMH y de los cursos en los que estemos matriculados, as\u00ed como conocer\u00e1 cu\u00e1l es la cuenta de correo asignada. Ver imagen siguiente.<\/p>\n<p><span style=\"text-decoration: underline\">Necesitar\u00e1 conocer esta cuenta de correo-e para acceder a las sesiones en streaming,<\/span><\/p>\n                <\/div>\r\n                                <div post_id=\"10064\" itemcount=\"7\" header_id=\"header-1613722533384\" id=\"header-1613722533384\" style=\"\" class=\"accordions-head head1613722533384 border-none\" toggle-text=\"\" main-text=\"8. \u00bfNecesitar\u00e9 mi correo UMH para acceder a las sesiones en streaming directo a trav\u00e9s de Google Meet?\">\r\n                                            <span id=\"accordion-icons-1613722533384\" class=\"accordion-icons\">\r\n                            <span class=\"accordion-icon-active accordion-plus\"><i class=\"fa fas fa-chevron-up\"><\/i><\/span>\r\n                            <span class=\"accordion-icon-inactive accordion-minus\"><i class=\"fa fas fa-chevron-down\"><\/i><\/span>\r\n                        <\/span>\r\n                        <span id=\"header-text-1613722533384\" class=\"accordions-head-title\">8. \u00bfNecesitar\u00e9 mi correo UMH para acceder a las sesiones en streaming directo a trav\u00e9s de Google Meet?<\/span>\r\n                                        <\/div>\r\n                <div class=\"accordion-content content1613722533384 \">\r\n                    <p>S\u00ed, para acceder a las sesiones en streaming necesita tener habilitado su correo-e de la UMH.<\/p>\n                <\/div>\r\n                                <div post_id=\"10064\" itemcount=\"8\" header_id=\"header-1613722556969\" id=\"header-1613722556969\" style=\"\" class=\"accordions-head head1613722556969 border-none\" toggle-text=\"\" main-text=\"9. \u00bfC\u00f3mo accedo a las sesiones en directo (streaming) a trav\u00e9s de Google Meet?\">\r\n                                            <span id=\"accordion-icons-1613722556969\" class=\"accordion-icons\">\r\n                            <span class=\"accordion-icon-active accordion-plus\"><i class=\"fa fas fa-chevron-up\"><\/i><\/span>\r\n                            <span class=\"accordion-icon-inactive accordion-minus\"><i class=\"fa fas fa-chevron-down\"><\/i><\/span>\r\n                        <\/span>\r\n                        <span id=\"header-text-1613722556969\" class=\"accordions-head-title\">9. \u00bfC\u00f3mo accedo a las sesiones en directo (streaming) a trav\u00e9s de Google Meet?<\/span>\r\n                                        <\/div>\r\n                <div class=\"accordion-content content1613722556969 \">\r\n                    <p>La persona matriculada en una ense\u00f1anza accede el d\u00eda y hora de la sesi\u00f3n en streaming\u00a0 al <a href=\"https:\/\/campus.umh.es\/\">https:\/\/campus.umh.es\/<\/a> y accede al curso a trav\u00e9s de<\/p>\n<p><a href=\"https:\/\/cultura.umh.es\/files\/2021\/02\/003.jpg\" target=\"_blank\" rel=\"noopener\"><img class=\"alignnone wp-image-10070 size-large\" src=\"https:\/\/cultura.umh.es\/files\/2021\/02\/003-1024x371.jpg\" alt=\"\" width=\"1024\" height=\"371\" \/><\/a><\/p>\n<p><a href=\"https:\/\/cultura.umh.es\/files\/2021\/02\/004.jpg\" target=\"_blank\" rel=\"noopener\"><img class=\"alignnone wp-image-10072 size-large\" src=\"https:\/\/cultura.umh.es\/files\/2021\/02\/004-1024x712.jpg\" alt=\"\" width=\"1024\" height=\"712\" \/><\/a><\/p>\n<p>Una vez dentro de campus.umh.es clicar sobre el t\u00edtulo del curso para entrar en \u00e9l. Y para entrar en la clase virtual debemos clicar en ACCESO A LA SALA GOOGLE MEET:<\/p>\n<p><a href=\"https:\/\/cultura.umh.es\/files\/2021\/02\/005.jpg\" target=\"_blank\" rel=\"noopener\"><img class=\"alignnone wp-image-10073 size-large\" src=\"https:\/\/cultura.umh.es\/files\/2021\/02\/005-1024x409.jpg\" alt=\"\" width=\"1024\" height=\"409\" \/><\/a><\/p>\n<p><b>IMPORTANTE:\u00a0 <\/b>Compruebe antes de entrar en la sala que tiene la cuenta<b> @<\/b><a href=\"http:\/\/goumh.umh.es\/\" target=\"_blank\" rel=\"noopener\"><b>goumh.umh.es<\/b><\/a> abierta. Si no est\u00e1 abierta deber\u00e1 cambiarla y poner la cuenta de la UMH correspondiente:<\/p>\n<p><a href=\"https:\/\/cultura.umh.es\/files\/2021\/02\/006.jpg\" target=\"_blank\" rel=\"noopener\"><img class=\"alignnone wp-image-10074 size-large\" src=\"https:\/\/cultura.umh.es\/files\/2021\/02\/006-1024x400.jpg\" alt=\"\" width=\"1024\" height=\"400\" \/><\/a><\/p>\n<p>Si no tenemos la cuenta <b>@<\/b><a href=\"http:\/\/goumh.umh.es\/\" target=\"_blank\" rel=\"noopener\"><b>goumh.umh.es<\/b><\/a> abierta no nos dejar\u00e1 unirnos directamente. <b>Podemos cambiar de cuenta siguiendo estos pasos:\u00a0\u00a0<\/b><\/p>\n<p>VER EL SIGUIENTE V\u00cdDEO:<\/p>\n<p><a href=\"https:\/\/www.loom.com\/share\/119a4aa186dd494d9f2b7a4ccab6c844\" target=\"_blank\" rel=\"noopener\"><b>https:\/\/www.loom.com\/share\/119a4aa186dd494d9f2b7a4ccab6c844<\/b><\/a><\/p>\n                <\/div>\r\n                                <div post_id=\"10064\" itemcount=\"9\" header_id=\"header-1613722856836\" id=\"header-1613722856836\" style=\"\" class=\"accordions-head head1613722856836 border-none\" toggle-text=\"\" main-text=\"10. \u00bfC\u00f3mo conocer\u00e9 la cuenta que me ha creado la UMH?\">\r\n                                            <span id=\"accordion-icons-1613722856836\" class=\"accordion-icons\">\r\n                            <span class=\"accordion-icon-active accordion-plus\"><i class=\"fa fas fa-chevron-up\"><\/i><\/span>\r\n                            <span class=\"accordion-icon-inactive accordion-minus\"><i class=\"fa fas fa-chevron-down\"><\/i><\/span>\r\n                        <\/span>\r\n                        <span id=\"header-text-1613722856836\" class=\"accordions-head-title\">10. \u00bfC\u00f3mo conocer\u00e9 la cuenta que me ha creado la UMH?<\/span>\r\n                                        <\/div>\r\n                <div class=\"accordion-content content1613722856836 \">\r\n                    <p>Si no conoce su cuenta de la UMH (cuenta@goumh.umh.es) puede averiguarla entrando en la direcci\u00f3n <a href=\"http:\/\/gmail.umh.es\/\" target=\"_blank\" rel=\"noopener\"><b>gmail.umh.es<\/b><\/a><b> \u00a0 <\/b>con sus credenciales UMH. Una vez dentro, arriba a la derecha, en el icono de la UMH podr\u00e1 ver su direcci\u00f3n de correo electr\u00f3nico de la UMH (tal como se muestra en la imagen adjunta:<\/p>\n<p><a href=\"https:\/\/cultura.umh.es\/files\/2021\/02\/007.jpg\" target=\"_blank\" rel=\"noopener\"><img class=\"alignnone wp-image-10077 size-medium\" src=\"https:\/\/cultura.umh.es\/files\/2021\/02\/007-236x300.jpg\" alt=\"\" width=\"236\" height=\"300\" \/><\/a><\/p>\n<p>Si finalmente no consigue poner su cuenta<b> @goumh.umh.es, <\/b>podr\u00e1 solicitar acceso para que el profesorado le habilite la entrada a la sesi\u00f3n meet correspondiente.<\/p>\n                <\/div>\r\n                                <div post_id=\"10064\" itemcount=\"10\" header_id=\"header-1613723006472\" id=\"header-1613723006472\" style=\"\" class=\"accordions-head head1613723006472 border-none\" toggle-text=\"\" main-text=\"11. \u00bfC\u00f3mo entro en el aula en una sesi\u00f3n en directo (streaming)?\">\r\n                                            <span id=\"accordion-icons-1613723006472\" class=\"accordion-icons\">\r\n                            <span class=\"accordion-icon-active accordion-plus\"><i class=\"fa fas fa-chevron-up\"><\/i><\/span>\r\n                            <span class=\"accordion-icon-inactive accordion-minus\"><i class=\"fa fas fa-chevron-down\"><\/i><\/span>\r\n                        <\/span>\r\n                        <span id=\"header-text-1613723006472\" class=\"accordions-head-title\">11. \u00bfC\u00f3mo entro en el aula en una sesi\u00f3n en directo (streaming)?<\/span>\r\n                                        <\/div>\r\n                <div class=\"accordion-content content1613723006472 \">\r\n                    <p><a href=\"https:\/\/cultura.umh.es\/files\/2021\/02\/008.jpg\" target=\"_blank\" rel=\"noopener\"><img class=\"alignnone wp-image-10078 size-full\" src=\"https:\/\/cultura.umh.es\/files\/2021\/02\/008.jpg\" alt=\"\" width=\"631\" height=\"471\" \/><\/a><\/p>\n                <\/div>\r\n                    <\/div>\r\n    <script>\r\n        jQuery(document).ready(function($){accordions_active_index_10064 = [];        })\r\n    <\/script>    <script>\r\n        jQuery(document).ready(function($){\r\n            accordion_10064  = $(\"#accordions-10064 .items\").accordion({\r\n                event: \"click\",\r\n                collapsible:true,\r\n                heightStyle: \"content\",\r\n                animate: (\"swing\", 1000),\r\n                navigation: true,\r\n                active: 999,\r\n                            });\r\n        })\r\n    <\/script>\r\n                <\/div><\/p>","protected":false},"excerpt":{"rendered":"<p>           [&#8230;]<\/p>\n","protected":false},"author":2954,"featured_media":0,"parent":1626,"menu_order":5,"comment_status":"closed","ping_status":"closed","template":"","meta":{"ngg_post_thumbnail":0,"_links_to":"","_links_to_target":""},"_links":{"self":[{"href":"https:\/\/cultura.umh.es\/es\/wp-json\/wp\/v2\/pages\/11023"}],"collection":[{"href":"https:\/\/cultura.umh.es\/es\/wp-json\/wp\/v2\/pages"}],"about":[{"href":"https:\/\/cultura.umh.es\/es\/wp-json\/wp\/v2\/types\/page"}],"author":[{"embeddable":true,"href":"https:\/\/cultura.umh.es\/es\/wp-json\/wp\/v2\/users\/2954"}],"replies":[{"embeddable":true,"href":"https:\/\/cultura.umh.es\/es\/wp-json\/wp\/v2\/comments?post=11023"}],"version-history":[{"count":0,"href":"https:\/\/cultura.umh.es\/es\/wp-json\/wp\/v2\/pages\/11023\/revisions"}],"up":[{"embeddable":true,"href":"https:\/\/cultura.umh.es\/es\/wp-json\/wp\/v2\/pages\/1626"}],"wp:attachment":[{"href":"https:\/\/cultura.umh.es\/es\/wp-json\/wp\/v2\/media?parent=11023"}],"curies":[{"name":"wp","href":"https:\/\/api.w.org\/{rel}","templated":true}]}}