{"id":1032,"date":"2012-12-07T13:13:48","date_gmt":"2012-12-07T12:13:48","guid":{"rendered":"http:\/\/cultura.umh.es\/?page_id=1032"},"modified":"2026-03-02T14:07:33","modified_gmt":"2026-03-02T13:07:33","slug":"directori","status":"publish","type":"page","link":"https:\/\/cultura.umh.es\/es\/presentacion\/directori\/","title":{"rendered":"Directorio"},"content":{"rendered":"<p>Mar\u00eda Asunci\u00f3n Amor\u00f3s Marco &#8211;<strong> Vicerrectora de Cultura, Igualdad y Diversidad<\/strong><\/p>\n<p>Esther Teresa Fuentes Marhuenda &#8211; <strong>Vicerrectora adjunta de Extensi\u00f3n Universitaria<\/strong><\/p>\n<p>Susana Guerrero Sempere &#8211; <strong>Vicerrectora adjunta en Creaci\u00f3n contempor\u00e1nea y Mediaci\u00f3n cultural<\/strong><\/p>\n<p>Purificaci\u00f3n Heras Gonz\u00e1lez &#8211; <strong>Vicerrectora adjunta de Igualdad y Diversidad<\/strong><\/p>\n<p>Iv\u00e1n Albalate Gauch\u00eda &#8211; <strong>Vicerrector adjunto de Patrimonio y Cultura audiovisual<\/strong><\/p>\n<p>Francisco Javier Toledo Melero &#8211; <strong>Director de \u00e1rea de Promoci\u00f3n ling\u00fc\u00edstica<\/strong><\/p>\n<p>Esther Sitges &#8211; <strong>Directora de \u00e1rea del programa Sabiex<\/strong><\/p>\n<p>Rosario Carmona Paredes &#8211; <strong>Directora de \u00e1rea de la Unidad de Igualdad<\/strong><\/p>\n<p>Alicia S\u00e1nchez P\u00e9rez &#8211; <strong>Directora de \u00e1rea de Diversidad<\/strong><\/p>\n<p>Mari Carmen Perea Marco &#8211;&nbsp;<strong>Directora de \u00e1rea de Museos<br \/>\n<\/strong>686 888 962 &#8211; <a href=\"mailto:perea@umh.es\" target=\"_blank\" rel=\"noopener\">perea@umh.es<\/a><\/p>\n<p>Raquel Quiles Morales &#8211; <strong>Secretar\u00eda del Vicerrectorado<br \/>\n<\/strong>965 22 25 41 &#8211; <a href=\"mailto:vdo.cid@umh.es\">vdo.cid@umh.es<\/a><\/p>\n<p>Matilde Ba\u00f1o Caballero &#8211; <strong>Oficina de Cultura, Igualdad y Diversidad y Oficina de Lleng\u00fces<br \/>\n<\/strong>966 65 88 30 &#8211;&nbsp;<a href=\"mailto:m.bano@umh.es\">m.bano@umh.es<\/a><\/p>\n<p>Mar Maci\u00e1 &#8211; <strong>Unidad de Igualdad<\/strong><br \/>\n965 22 21 38 &#8211; <a href=\"mailto:igualdad@umh.es\" target=\"_blank\" rel=\"noopener\">igualdad@umh.es<\/a> &#8211; <a href=\"http:\/\/igualdad.umh.es\" target=\"_blank\" rel=\"noopener\">igualdad.umh.es<\/a><\/p>\n<p>Alicia Candela &#8211; <strong>Unidad de apoyo a la discapacidad<\/strong><br \/>\n966 65 85 29 &#8211; <a href=\"mailto:ated@umh.es\" target=\"_blank\" rel=\"noopener\">ated@umh.es<\/a> &#8211; <a href=\"https:\/\/atenciondiscapacidad.umh.es\" target=\"_blank\" rel=\"noopener\">atenciondiscapacidad.umh.es<\/a><\/p>\n<p>Marian Rocamora Ballesta &#8211; <strong>Diversidad<br \/>\n<\/strong>966 65 85 44 &#8211; <a href=\"mailto:miguel.lbalaguer@umh.es\">diversidad@umh.es<\/a><\/p>\n<p>Miguel \u00c1ngel L\u00f3pez Balaguer &#8211; <strong>Diversidad<br \/>\n<\/strong>966 65 85 44 &#8211; <a href=\"mailto:miguel.lbalaguer@umh.es\">miguel.lbalaguer@umh.es<\/a><\/p>\n<p>Marysol Coves Mora &#8211; <strong>Cursos de Invierno y Cursos de Verano<br \/>\n<\/strong>965 22 24 92 &#8211; <u><a href=\"mailto:cursosdhivern@umh.es;%20\">cursosdeinvierno@umh.es<\/a>; <a href=\"mailto:cursosdestiu@umh.es\">cursosdeverano@umh.es<\/a><\/u><\/p>\n<p>Ilda Caeiro Arias &#8211; <strong>Exposiciones y Patrimonio<br \/>\n<\/strong>966 65 88 29 &#8211; <a href=\"mailto:cultura@umh.es\">cultura@umh.es<\/a><\/p>\n<p>Eva Bel\u00e9n Garlito Avil\u00e9s &#8211; <strong>Actividades culturales y de extensi\u00f3n universitaria<\/strong><strong><br \/>\n<\/strong>966 65 84 65 &#8211; <a href=\"mailto:eva.garlito@umh.es\">eva.garlito@umh.es<\/a>, <a href=\"mailto:orquesta@umh.es\"><u>orquesta@umh.es<\/u><\/a><\/p>\n<p>Mar\u00eda Gonz\u00e1lvez R\u00f3denas &#8211; <strong>Convocatorias, Becas y Convenios<br \/>\n<\/strong>966 65 85 17 &#8211; <a href=\"mailto:cultura@umh.es\">cultura@umh.es<\/a><\/p>\n<p>Encarnaci\u00f3n L\u00f3pez Reina &#8211; <strong>Cursos de Invierno y Cursos de Verano<\/strong><strong><br \/>\n<\/strong>966 65 86 23 &#8211; <u><a href=\"mailto:cursosdhivern@umh.es;%20\">cursosdeinvierno@umh.es<\/a>; <a href=\"mailto:cursosdestiu@umh.es\">cursosdeverano@umh.es<\/a><\/u><\/p>\n<p>Mar\u00eda Teresa Prieto \u00c1vila &#8211; <strong>Sabiex<br \/>\n<\/strong>965 22 25 47 &#8211; <a href=\"mailto:sabiex@umh.es\"><u>sabiex@umh.es<\/u><\/a><\/p>\n<p>Marco Franc\u00e9s Grau &#8211; <strong>T\u00e9cnico de comunicaci\u00f3n y publicaciones<br \/>\n<\/strong>965 22 26 73 &#8211; <u><a href=\"mailto:mfrances@umh.es\">mfrances@umh.es<\/a><\/u><\/p>\n<p>Pepa Clement Marald\u00e9s &#8211; <strong>Activitades culturales y de extensi\u00f3n universit\u00e1ria<\/strong><strong><br \/>\n<\/strong>966 65 88 29 &#8211; <a href=\"mailto:cultura@umh.es\">cultura@umh.es<\/a><\/p>\n<p>&nbsp;<\/p>\n<p>&nbsp;<\/p>","protected":false},"excerpt":{"rendered":"<p>Mar\u00eda Asunci\u00f3n Amor\u00f3s Marco &#8211; Vicerrectora de Cultura, Igualdad y Diversidad<br \/>\nEsther Teresa Fuentes Marhuenda &#8211; Vicerrectora adjunta de Extensi\u00f3n Universitaria<br \/>\nSusana Guerrero Sempere &#8211; Vicerrectora adjunta en Creaci\u00f3n contempor\u00e1nea y Mediaci\u00f3n cultural<br \/>\nPurificaci\u00f3n Heras Gonz\u00e1lez &#8211; Vicerrectora adjunta de Igualdad y Diversidad<br \/>\nIv\u00e1n Albalate Gauch\u00eda &#8211; Vicerrector adjunto de Patrimonio y Cultura audiovisual<br \/>\nFrancisco Javier Toledo Melero &#8211; Director [&#8230;]<\/p>\n","protected":false},"author":2722,"featured_media":0,"parent":575,"menu_order":0,"comment_status":"closed","ping_status":"open","template":"","meta":{"ngg_post_thumbnail":0,"_links_to":"","_links_to_target":""},"_links":{"self":[{"href":"https:\/\/cultura.umh.es\/es\/wp-json\/wp\/v2\/pages\/1032"}],"collection":[{"href":"https:\/\/cultura.umh.es\/es\/wp-json\/wp\/v2\/pages"}],"about":[{"href":"https:\/\/cultura.umh.es\/es\/wp-json\/wp\/v2\/types\/page"}],"author":[{"embeddable":true,"href":"https:\/\/cultura.umh.es\/es\/wp-json\/wp\/v2\/users\/2722"}],"replies":[{"embeddable":true,"href":"https:\/\/cultura.umh.es\/es\/wp-json\/wp\/v2\/comments?post=1032"}],"version-history":[{"count":0,"href":"https:\/\/cultura.umh.es\/es\/wp-json\/wp\/v2\/pages\/1032\/revisions"}],"up":[{"embeddable":true,"href":"https:\/\/cultura.umh.es\/es\/wp-json\/wp\/v2\/pages\/575"}],"wp:attachment":[{"href":"https:\/\/cultura.umh.es\/es\/wp-json\/wp\/v2\/media?parent=1032"}],"curies":[{"name":"wp","href":"https:\/\/api.w.org\/{rel}","templated":true}]}}