{"id":1031,"date":"2012-12-10T09:32:45","date_gmt":"2012-12-10T08:32:45","guid":{"rendered":"http:\/\/cultura.umh.es\/?page_id=1031"},"modified":"2026-01-30T13:33:21","modified_gmt":"2026-01-30T12:33:21","slug":"carta-de-servei","status":"publish","type":"page","link":"https:\/\/cultura.umh.es\/es\/presentacion\/carta-de-servei\/","title":{"rendered":"Carta de servicios"},"content":{"rendered":"<p><strong>Misi\u00f3n:<\/strong><\/p>\n<ul>\n<li>Promover e impulsar actividades universitarias en el \u00e1mbito cultural con el compromiso de colaboraci\u00f3n con otras entidades e&nbsp; instituciones para la formaci\u00f3n integral del colectivo universitario.<\/li>\n<li>Transmitir e inculcar valores de solidaridad, participaci\u00f3n, respeto y salud a la comunidad universitaria mediante actividades culturales y de formaci\u00f3n.<\/li>\n<li>Hacer acrecentar la sensibilidad dentro del espacio universitario en torno a nuestra lengua y cultura y dinamizar el proceso de normalizaci\u00f3n ling\u00fc\u00edstica.<\/li>\n<\/ul>\n<p><strong>Funciones:<\/strong><\/p>\n<ul>\n<li>Realizar programas de actividades recreativas y din\u00e1micas al aire libre.<\/li>\n<li>Informar, atender y orientar a la comunidad universitaria sobre el programa de actividades culturales.<\/li>\n<li>Planificar, gestionar y colaborar con otras entidades e instituciones para el desarrollo de la cultura.<\/li>\n<li>Proponer el establecimiento de relaciones y convenios con diferentes entidades p\u00fablicas y privadas para el fomento de la cultura.<\/li>\n<li>Realizar actividades de extensi\u00f3n universitaria que vinculen la universidad con el entorno social al que pertenece.<\/li>\n<li>Coordinaci\u00f3n de las Aulas de la Experiencia.<\/li>\n<li>Procurar programas de sensibilizaci\u00f3n en torno al hecho ling\u00fc\u00edstico.<\/li>\n<li>Promover actividades de formaci\u00f3n ling\u00fc\u00edstica en la Comunidad Universitaria.<\/li>\n<li>Incentivar acciones conducentes a la utilizaci\u00f3n del valenciano como lengua vehicular.<\/li>\n<li>Dinamizar el proceso de normalizaci\u00f3n ling\u00fc\u00edstica en el \u00e1mbito universitario.<\/li>\n<li>La previsi\u00f3n y programaci\u00f3n de infraestructuras, recursos materiales, equipamiento y espacios necesarios para cumplir los objetivos de cultura y extensi\u00f3n universitaria.<\/li>\n<li>La facultad de autorizar y disponer los gastos y tambi\u00e9n de ordenar pagos dentro del \u00e1mbito de sus competencias.<\/li>\n<\/ul>\n<p><a href=\"http:\/\/cartadeservicios.umh.es\/cartas_servicio\/unidad_de_cultura\/index.html\" target=\"_blank\" rel=\"noopener noreferrer\">Visualizar Carta de Servicios (abre una nueva ventana)<\/a><\/p>","protected":false},"excerpt":{"rendered":"<p>Misi\u00f3n:<\/p>\n<p>Promover e impulsar actividades universitarias en el \u00e1mbito cultural con el compromiso de colaboraci\u00f3n con otras entidades e&nbsp; instituciones para la formaci\u00f3n integral del colectivo universitario.<br \/>\nTransmitir e inculcar valores de solidaridad, participaci\u00f3n, respeto y salud a la comunidad universitaria mediante actividades culturales y de formaci\u00f3n.<br \/>\nHacer acrecentar la sensibilidad dentro del espacio universitario en torno a [&#8230;]<\/p>\n","protected":false},"author":2722,"featured_media":0,"parent":575,"menu_order":0,"comment_status":"closed","ping_status":"open","template":"","meta":{"ngg_post_thumbnail":0,"_links_to":"","_links_to_target":""},"_links":{"self":[{"href":"https:\/\/cultura.umh.es\/es\/wp-json\/wp\/v2\/pages\/1031"}],"collection":[{"href":"https:\/\/cultura.umh.es\/es\/wp-json\/wp\/v2\/pages"}],"about":[{"href":"https:\/\/cultura.umh.es\/es\/wp-json\/wp\/v2\/types\/page"}],"author":[{"embeddable":true,"href":"https:\/\/cultura.umh.es\/es\/wp-json\/wp\/v2\/users\/2722"}],"replies":[{"embeddable":true,"href":"https:\/\/cultura.umh.es\/es\/wp-json\/wp\/v2\/comments?post=1031"}],"version-history":[{"count":0,"href":"https:\/\/cultura.umh.es\/es\/wp-json\/wp\/v2\/pages\/1031\/revisions"}],"up":[{"embeddable":true,"href":"https:\/\/cultura.umh.es\/es\/wp-json\/wp\/v2\/pages\/575"}],"wp:attachment":[{"href":"https:\/\/cultura.umh.es\/es\/wp-json\/wp\/v2\/media?parent=1031"}],"curies":[{"name":"wp","href":"https:\/\/api.w.org\/{rel}","templated":true}]}}