{"id":8813,"date":"2019-07-24T14:14:47","date_gmt":"2019-07-24T12:14:47","guid":{"rendered":"https:\/\/cultura.umh.es\/?page_id=8813"},"modified":"2025-12-16T09:22:50","modified_gmt":"2025-12-16T08:22:50","slug":"precrea","status":"publish","type":"page","link":"https:\/\/cultura.umh.es\/en\/convocatorias\/precrea\/","title":{"rendered":"<span lang=\"ca\">(Valenci\u00e0) PRECREA (Premis a la Creaci\u00f3 de les Universitats P\u00fabliques Valencianes)<\/span>"},"content":{"rendered":"<p class=\"qtranxs-available-languages-message qtranxs-available-languages-message-en\">Sorry, this entry is only available in <a href=\"https:\/\/cultura.umh.es\/ca\/wp-json\/wp\/v2\/pages\/8813\" class=\"qtranxs-available-language-link qtranxs-available-language-link-ca\" title=\"Valenci\u00e0\">Catalan<\/a> and <a href=\"https:\/\/cultura.umh.es\/es\/wp-json\/wp\/v2\/pages\/8813\" class=\"qtranxs-available-language-link qtranxs-available-language-link-es\" title=\"Espa\u00f1ol\">European Spanish<\/a>.<\/p>","protected":false},"excerpt":{"rendered":"<p>Sorry, this entry is only available in Catalan and European Spanish.<\/p>\n","protected":false},"author":413,"featured_media":0,"parent":3308,"menu_order":0,"comment_status":"closed","ping_status":"closed","template":"","meta":{"ngg_post_thumbnail":0,"_links_to":"","_links_to_target":""},"_links":{"self":[{"href":"https:\/\/cultura.umh.es\/en\/wp-json\/wp\/v2\/pages\/8813"}],"collection":[{"href":"https:\/\/cultura.umh.es\/en\/wp-json\/wp\/v2\/pages"}],"about":[{"href":"https:\/\/cultura.umh.es\/en\/wp-json\/wp\/v2\/types\/page"}],"author":[{"embeddable":true,"href":"https:\/\/cultura.umh.es\/en\/wp-json\/wp\/v2\/users\/413"}],"replies":[{"embeddable":true,"href":"https:\/\/cultura.umh.es\/en\/wp-json\/wp\/v2\/comments?post=8813"}],"version-history":[{"count":0,"href":"https:\/\/cultura.umh.es\/en\/wp-json\/wp\/v2\/pages\/8813\/revisions"}],"up":[{"embeddable":true,"href":"https:\/\/cultura.umh.es\/en\/wp-json\/wp\/v2\/pages\/3308"}],"wp:attachment":[{"href":"https:\/\/cultura.umh.es\/en\/wp-json\/wp\/v2\/media?parent=8813"}],"curies":[{"name":"wp","href":"https:\/\/api.w.org\/{rel}","templated":true}]}}