{"id":4552,"date":"2016-11-18T14:32:21","date_gmt":"2016-11-18T13:32:21","guid":{"rendered":"http:\/\/cultura.umh.es\/?page_id=4552"},"modified":"2025-06-17T12:03:28","modified_gmt":"2025-06-17T10:03:28","slug":"festival-teatre-alcudia","status":"publish","type":"page","link":"https:\/\/cultura.umh.es\/en\/arts-visuals-i-esceniques-2\/cursos-darts-esceniques\/festival-teatre-alcudia\/","title":{"rendered":"<span lang=\"ca\">(Valenci\u00e0) Festival de Teatre Cl\u00e0ssic de L&#8217;Alc\u00fadia<\/span>"},"content":{"rendered":"<p class=\"qtranxs-available-languages-message qtranxs-available-languages-message-en\">Sorry, this entry is only available in <a href=\"https:\/\/cultura.umh.es\/ca\/wp-json\/wp\/v2\/pages\/4552\" class=\"qtranxs-available-language-link qtranxs-available-language-link-ca\" title=\"Valenci\u00e0\">Catalan<\/a> and <a href=\"https:\/\/cultura.umh.es\/es\/wp-json\/wp\/v2\/pages\/4552\" class=\"qtranxs-available-language-link qtranxs-available-language-link-es\" title=\"Espa\u00f1ol\">European Spanish<\/a>.<\/p>","protected":false},"excerpt":{"rendered":"<p>Sorry, this entry is only available in Catalan and European Spanish.<\/p>\n","protected":false},"author":3564,"featured_media":0,"parent":4553,"menu_order":5,"comment_status":"closed","ping_status":"closed","template":"","meta":{"ngg_post_thumbnail":0,"_links_to":"","_links_to_target":""},"_links":{"self":[{"href":"https:\/\/cultura.umh.es\/en\/wp-json\/wp\/v2\/pages\/4552"}],"collection":[{"href":"https:\/\/cultura.umh.es\/en\/wp-json\/wp\/v2\/pages"}],"about":[{"href":"https:\/\/cultura.umh.es\/en\/wp-json\/wp\/v2\/types\/page"}],"author":[{"embeddable":true,"href":"https:\/\/cultura.umh.es\/en\/wp-json\/wp\/v2\/users\/3564"}],"replies":[{"embeddable":true,"href":"https:\/\/cultura.umh.es\/en\/wp-json\/wp\/v2\/comments?post=4552"}],"version-history":[{"count":0,"href":"https:\/\/cultura.umh.es\/en\/wp-json\/wp\/v2\/pages\/4552\/revisions"}],"up":[{"embeddable":true,"href":"https:\/\/cultura.umh.es\/en\/wp-json\/wp\/v2\/pages\/4553"}],"wp:attachment":[{"href":"https:\/\/cultura.umh.es\/en\/wp-json\/wp\/v2\/media?parent=4552"}],"curies":[{"name":"wp","href":"https:\/\/api.w.org\/{rel}","templated":true}]}}