{"id":3093,"date":"2015-06-29T19:10:58","date_gmt":"2015-06-29T17:10:58","guid":{"rendered":"http:\/\/cultura.umh.es\/?page_id=3093"},"modified":"2026-02-25T12:29:11","modified_gmt":"2026-02-25T11:29:11","slug":"sabiex","status":"publish","type":"page","link":"https:\/\/cultura.umh.es\/en\/sabiex\/","title":{"rendered":"Sabiex"},"content":{"rendered":"<p><strong><a href=\"http:\/\/sabiex.edu.umh.es\/\" target=\"_blank\" rel=\"noopener noreferrer\"><img loading=\"lazy\" class=\"wp-image-1273 alignleft\" src=\"https:\/\/cultura.umh.es\/files\/2015\/06\/Sabiex-Completo.jpg\" alt=\"sabiex\" width=\"350\" height=\"118\"><\/a>SABIEX: Programa integral para mayores de 55 a\u00f1os en la UMH y para la promoci\u00f3n del envejecimiento activo y saludable.<\/strong><\/p>\n<p><b>SABIEX<\/b> se fundamenta en el compromiso de la UMH de optimizar la calidad de vida de las personas mayores por medio de la formaci\u00f3n y la investigaci\u00f3n de alto nivel.<\/p>\n<p><b>SABIEX<\/b> integra e impulsa la formaci\u00f3n, la investigaci\u00f3n y la acci\u00f3n social en materia de envejecimiento activo y saludable, y se constituye con el objetivo de ampliar y dar continuidad al trabajo que viene realiz\u00e1ndose desde hace m\u00e1s de diez a\u00f1os en nuestra universidad para convertirla en un referente en los estudios y acciones dirigidas a mayores.<\/p>\n<p><a href=\"http:\/\/sabiex.edu.umh.es\/\" target=\"_blank\" rel=\"noopener noreferrer\">M\u00e1s informaci\u00f3n<\/a><\/p>","protected":false},"excerpt":{"rendered":"<p>SABIEX: Programa integral para mayores de 55 a\u00f1os en la UMH y para la promoci\u00f3n del envejecimiento activo y saludable.<br \/>\nSABIEX se fundamenta en el compromiso de la UMH de optimizar la calidad de vida de las personas mayores por medio de la formaci\u00f3n y la investigaci\u00f3n de alto nivel.<br \/>\nSABIEX integra e impulsa la formaci\u00f3n, la [&#8230;]<\/p>\n","protected":false},"author":202,"featured_media":0,"parent":0,"menu_order":11,"comment_status":"closed","ping_status":"closed","template":"","meta":{"ngg_post_thumbnail":0,"_links_to":"","_links_to_target":""},"_links":{"self":[{"href":"https:\/\/cultura.umh.es\/en\/wp-json\/wp\/v2\/pages\/3093"}],"collection":[{"href":"https:\/\/cultura.umh.es\/en\/wp-json\/wp\/v2\/pages"}],"about":[{"href":"https:\/\/cultura.umh.es\/en\/wp-json\/wp\/v2\/types\/page"}],"author":[{"embeddable":true,"href":"https:\/\/cultura.umh.es\/en\/wp-json\/wp\/v2\/users\/202"}],"replies":[{"embeddable":true,"href":"https:\/\/cultura.umh.es\/en\/wp-json\/wp\/v2\/comments?post=3093"}],"version-history":[{"count":0,"href":"https:\/\/cultura.umh.es\/en\/wp-json\/wp\/v2\/pages\/3093\/revisions"}],"wp:attachment":[{"href":"https:\/\/cultura.umh.es\/en\/wp-json\/wp\/v2\/media?parent=3093"}],"curies":[{"name":"wp","href":"https:\/\/api.w.org\/{rel}","templated":true}]}}